{"id":28430,"date":"2021-04-07T10:14:47","date_gmt":"2021-04-07T07:14:47","guid":{"rendered":"https:\/\/totalblue.ro\/?post_type=product&#038;p=28430"},"modified":"2025-08-01T11:59:04","modified_gmt":"2025-08-01T08:59:04","slug":"knorr-snack-paste-bolognese-68-g","status":"publish","type":"product","link":"https:\/\/totalblue.ro\/de\/produs\/knorr-snack-paste-bolognese-68-g\/","title":{"rendered":"Knorr Snack Paste Bolognese 68 g"},"content":{"rendered":"<p>Knorr Pasta Snack Bolognese, 68 g 1 Portion<br \/>\nKnorr Snack Paste Bolognese 68 g<\/p>\n<p>Art der Zubereitung \/ Gebrauchsanweisung:<br \/>\n1. \u00d6ffnen Sie den Deckel.<br \/>\n2. Gie\u00dfen Sie kochendes Wasser bis zur Markierung.<br \/>\n3. Gut mischen und den Deckel wieder schlie\u00dfen.<br \/>\n4. Lasa pastele sa absoarba apa 5 minute.<br \/>\n5. Nochmals gut mischen.<br \/>\n6. Fertig! Ein schneller und leckerer Snack!<br \/>\n<strong>Inhaltsstoff: <\/strong>60% paste (grau durum), 13% praf de rosii, ulei de palmier, praf de ceapa, zahar, 1,8% carne de vita, sare de mas\u0103, 1,4% rosie, arome, extract de drojdie, inlocuitor de sare, sare de mare, morcovi, ierburi ( patrunjel, oregano), condimente (pudr\u0103 de usturoi, piper), telina, ardei dulci, ulei de masline extravirgin, maltodextrina, albus pudra ou. Poate con\u021bine urme de lapte, soia \u0219i mustar.<br \/>\n<strong>Allergene: <\/strong>Oua, cereale care con\u021bin gluten, telina, grau<br \/>\nAn einem k\u00fchlen, trockenen Ort aufbewahren.<br \/>\n<strong>N\u00e4hrwertangaben \/ 100g:<\/strong><br \/>\nEnergie 98 kcal \/ 410 kJ<br \/>\nGrasime 2 grame<br \/>\ndin care grasimi saturati 1 gram<br \/>\nCarbohidrati 16 grame<br \/>\ndin care zaharuri 2.9grame<br \/>\nProteine \u200b\u200b3.4 grame<br \/>\nSare 0.61 grame<br \/>\nTara de origine : Germania<br \/>\n*Produktrezepturen sind freibleibend. Die hier gemachten Angaben beziehen sich auf das aktuell g\u00fcltige deutsche Sortiment und werden regelm\u00e4\u00dfig aktualisiert. Bei Rezeptur\u00e4nderungen sind Produkte mit der alten und der neuen Rezeptur in den Gesch\u00e4ften zu finden. Der K\u00e4ufer sollte daher immer alle Informationen auf der Verpackung sorgf\u00e4ltig lesen. Dies gilt insbesondere f\u00fcr die Liste der Zutaten, um Unvertr\u00e4glichkeiten zu ber\u00fccksichtigen.<\/p>","protected":false},"excerpt":{"rendered":"<p>Knorr Pasta Snack Bolognese, 68 g 1 Portion<br \/>\nKnorr Snack Paste Bolognese 68 g<\/p>","protected":false},"featured_media":28436,"comment_status":"open","ping_status":"closed","template":"","meta":{"_acf_changed":false,"_seopress_robots_primary_cat":"1950","_seopress_titles_title":"","_seopress_titles_desc":"Comanda acum cu livrare rapida pana la usa ta Knorr Pasta Snack Bolognese, 68 g 1 Portion! Pret promotional, livrare rapida","_seopress_robots_index":""},"product_brand":[1870],"product_cat":[1555,3272,3372,3428,3328,1950,1767,1954],"giftcard-category":[],"class_list":{"0":"post-28430","1":"product","2":"type-product","3":"status-publish","4":"has-post-thumbnail","6":"product_brand-knorr","7":"product_cat-bacanie","8":"product_cat-conserve","9":"product_cat-conserve-produse-germania","10":"product_cat-paste-orez-ulei-otet-produse-germania","11":"product_cat-paste-orez-ulei-otet","12":"product_cat-produse-germania","13":"product_cat-produse-olanda","14":"product_cat-semipreparate","16":"first","17":"outofstock","18":"taxable","19":"shipping-taxable","20":"purchasable","21":"product-type-simple"},"acf":[],"_links":{"self":[{"href":"https:\/\/totalblue.ro\/de\/wp-json\/wp\/v2\/product\/28430","targetHints":{"allow":["GET"]}}],"collection":[{"href":"https:\/\/totalblue.ro\/de\/wp-json\/wp\/v2\/product"}],"about":[{"href":"https:\/\/totalblue.ro\/de\/wp-json\/wp\/v2\/types\/product"}],"replies":[{"embeddable":true,"href":"https:\/\/totalblue.ro\/de\/wp-json\/wp\/v2\/comments?post=28430"}],"wp:featuredmedia":[{"embeddable":true,"href":"https:\/\/totalblue.ro\/de\/wp-json\/wp\/v2\/media\/28436"}],"wp:attachment":[{"href":"https:\/\/totalblue.ro\/de\/wp-json\/wp\/v2\/media?parent=28430"}],"wp:term":[{"taxonomy":"product_brand","embeddable":true,"href":"https:\/\/totalblue.ro\/de\/wp-json\/wp\/v2\/product_brand?post=28430"},{"taxonomy":"product_cat","embeddable":true,"href":"https:\/\/totalblue.ro\/de\/wp-json\/wp\/v2\/product_cat?post=28430"},{"taxonomy":"giftcard-category","embeddable":true,"href":"https:\/\/totalblue.ro\/de\/wp-json\/wp\/v2\/giftcard-category?post=28430"}],"curies":[{"name":"wp","href":"https:\/\/api.w.org\/{rel}","templated":true}]}}