{"id":28443,"date":"2021-04-07T10:49:21","date_gmt":"2021-04-07T07:49:21","guid":{"rendered":"https:\/\/totalblue.ro\/?post_type=product&#038;p=28443"},"modified":"2025-08-01T11:59:01","modified_gmt":"2025-08-01T08:59:01","slug":"knorr-snack-de-cartofi-bacon-si-ceapa-58-g","status":"publish","type":"product","link":"https:\/\/totalblue.ro\/de\/produs\/knorr-snack-de-cartofi-bacon-si-ceapa-58-g\/","title":{"rendered":"Knorr Snack de cartofi, bacon si ceapa 58 g"},"content":{"rendered":"<p>Knorr Kartoffel Snack mit Speck und Zwiebeln 58 grame<br \/>\nKnorr Snack de cartofi, bacon si ceapa 58 g<\/p>\n<p>Art der Zubereitung \/ Gebrauchsanweisung:<br \/>\n1. \u00d6ffnen Sie den Deckel.<br \/>\n2. Gie\u00dfen Sie kochendes Wasser bis zur Markierung.<br \/>\n3. Gut mischen und den Deckel wieder schlie\u00dfen.<br \/>\n4. Lasa cartofii sa absoarba apa 5 minute.<br \/>\n5. Nochmals gut mischen.<br \/>\n6. Fertig! Ein schneller und leckerer Snack!<br \/>\n<strong>Inhaltsstoff: <\/strong>57,5% cartofi, ulei de floarea-soarelui, lapte praf, 5% slanina afumata (carne de porc, sare de masa, stabilizant (azotit de sodiu), fum), 4,8% ceap\u0103, zahar, sare de masa iodata, inlocuitor de sare de masa, grasime de slanina afumata (sl\u0103nina, sare de mas\u0103, fum), proteine \u200b\u200bdin lapte, arome, extract de drojdie, arpagic, patrunjel, arom\u0103 de fum, emulgator (mono- \u0219i digliceride ale acizilor gra\u0219i), curcuma3. \u00b3Din cultivarea durabil\u0103. 4 ob\u021binute din minerale naturale de potasiu.<\/p>\n<p>N\u00e4hrwertangaben \/ 100 g:<br \/>\nEnergie 372 kJ (89 kcal)<br \/>\nGrasime 3.4 g din care saturate 0.7 g<br \/>\nCarbohidrati 11 g din care zaharuri 2.1 g<br \/>\nFibre 1.8 g<br \/>\nEiwei\u00df 2,6 g<br \/>\nSalz 0,65 g<\/p>\n<p><strong>Allergene: <\/strong>Poate con\u021bine urme de: oua \u0219i produse ob\u021binute din acestea, cereale care contin gluten \u0219i produse obtinute din acestea, telina \u0219i produse ob\u021binute din acestea, mustar \u0219i produse ob\u021binute din acestea, soia \u0219i produse obtinute din acestea<br \/>\nCon\u021bine: lapte \u0219i produse ob\u021binute din acesta (inclusiv lactoza)<br \/>\nAn einem k\u00fchlen, trockenen Ort aufbewahren.<br \/>\nTara de origine : Germania<br \/>\n*Produktrezepturen sind freibleibend. Die hier gemachten Angaben beziehen sich auf das aktuell g\u00fcltige deutsche Sortiment und werden regelm\u00e4\u00dfig aktualisiert. Bei Rezeptur\u00e4nderungen sind Produkte mit der alten und der neuen Rezeptur in den Gesch\u00e4ften zu finden. Der K\u00e4ufer sollte daher immer alle Informationen auf der Verpackung sorgf\u00e4ltig lesen. Dies gilt insbesondere f\u00fcr die Liste der Zutaten, um Unvertr\u00e4glichkeiten zu ber\u00fccksichtigen.<\/p>","protected":false},"excerpt":{"rendered":"<p>Knorr Kartoffel Snack mit Speck und Zwiebeln 58 grame<br \/>\nKnorr Snack de cartofi, bacon si ceapa 58 g<\/p>","protected":false},"featured_media":180108,"comment_status":"open","ping_status":"closed","template":"","meta":{"_acf_changed":false,"_seopress_robots_primary_cat":"1950","_seopress_titles_title":"","_seopress_titles_desc":"Comanda acum cu livrare rapida pana la usa ta Knorr Kartoffel Snack mit Speck und Zwiebeln -Knorr Snack de cartofi, bacon si ceapa 58 g","_seopress_robots_index":""},"product_brand":[1870],"product_cat":[1555,1683,3272,3372,3428,3328,1950,1767,1954],"giftcard-category":[],"class_list":{"0":"post-28443","1":"product","2":"type-product","3":"status-publish","4":"has-post-thumbnail","6":"product_brand-knorr","7":"product_cat-bacanie","8":"product_cat-conserve-mancare-gatita","9":"product_cat-conserve","10":"product_cat-conserve-produse-germania","11":"product_cat-paste-orez-ulei-otet-produse-germania","12":"product_cat-paste-orez-ulei-otet","13":"product_cat-produse-germania","14":"product_cat-produse-olanda","15":"product_cat-semipreparate","17":"first","18":"outofstock","19":"taxable","20":"shipping-taxable","21":"purchasable","22":"product-type-simple"},"acf":[],"_links":{"self":[{"href":"https:\/\/totalblue.ro\/de\/wp-json\/wp\/v2\/product\/28443","targetHints":{"allow":["GET"]}}],"collection":[{"href":"https:\/\/totalblue.ro\/de\/wp-json\/wp\/v2\/product"}],"about":[{"href":"https:\/\/totalblue.ro\/de\/wp-json\/wp\/v2\/types\/product"}],"replies":[{"embeddable":true,"href":"https:\/\/totalblue.ro\/de\/wp-json\/wp\/v2\/comments?post=28443"}],"wp:featuredmedia":[{"embeddable":true,"href":"https:\/\/totalblue.ro\/de\/wp-json\/wp\/v2\/media\/180108"}],"wp:attachment":[{"href":"https:\/\/totalblue.ro\/de\/wp-json\/wp\/v2\/media?parent=28443"}],"wp:term":[{"taxonomy":"product_brand","embeddable":true,"href":"https:\/\/totalblue.ro\/de\/wp-json\/wp\/v2\/product_brand?post=28443"},{"taxonomy":"product_cat","embeddable":true,"href":"https:\/\/totalblue.ro\/de\/wp-json\/wp\/v2\/product_cat?post=28443"},{"taxonomy":"giftcard-category","embeddable":true,"href":"https:\/\/totalblue.ro\/de\/wp-json\/wp\/v2\/giftcard-category?post=28443"}],"curies":[{"name":"wp","href":"https:\/\/api.w.org\/{rel}","templated":true}]}}