{"id":28446,"date":"2021-04-07T10:54:45","date_gmt":"2021-04-07T07:54:45","guid":{"rendered":"https:\/\/totalblue.ro\/?post_type=product&#038;p=28446"},"modified":"2025-08-01T11:58:57","modified_gmt":"2025-08-01T08:58:57","slug":"knorr-snack-piure-de-cartofi-chiftelute-si-ceapa-prajita-53-g","status":"publish","type":"product","link":"https:\/\/totalblue.ro\/de\/produs\/knorr-snack-piure-de-cartofi-chiftelute-si-ceapa-prajita-53-g\/","title":{"rendered":"Knorr Snack piure de cartofi, chiftelute si ceapa prajita 53 g"},"content":{"rendered":"<p>Knorr Kartoffel Snack Fleischb\u00e4llchen 53g<br \/>\nKnorr Snack piure de cartofi, chiftelute si ceapa prajita 53 g<\/p>\n<p>Art der Zubereitung \/ Gebrauchsanweisung:<br \/>\n1. \u00d6ffnen Sie den Deckel.<br \/>\n2. Gie\u00dfen Sie kochendes Wasser bis zur Markierung.<br \/>\n3. Gut mischen und den Deckel wieder schlie\u00dfen.<br \/>\n4. Lasa preparatul sa absoarba apa 5 minute.<br \/>\n5. Nochmals gut mischen.<br \/>\n6. Fertig! Ein schneller und leckerer Snack!<br \/>\n<strong>Inhaltsstoff: <\/strong>61% cartofi, ulei de palmier, 9,5% chiftele (carne de vita, pesmet (faina de grau, drojdie, sare), paste cu ou, ceapa, ulei de palmier, sare de masa, extract de drojdie, faina grau, piper, usturoi, extract de nucsoara , 5% ceapa prajita (4, 5% ceapa, ulei de floarea-soarelui), sare de masa, slanina afumata (carne de porc, sare de masa, fum), sirop de glucoza, arome, extract de drojdie, proteine din lapte, arpagic, emulgator (mono- \u0219i digliceride de acizi grasi), concentrat de suc de legume (telina, ceapa, praz), curcuma.<br \/>\n<strong>Allergene: <\/strong>Oua, lapte, grau, telina, cereale care con\u021bin gluten<br \/>\nAn einem k\u00fchlen, trockenen Ort aufbewahren.<br \/>\n<strong>N\u00e4hrwertangaben \/ 100g:<\/strong><br \/>\nEnergie 87 kcal \/ 363 kJ<br \/>\nGrasime 2.6 grame<br \/>\ndin care grasimi saturati 0.9 grame<br \/>\nCarbohidrati 12 grame<br \/>\ndin care zaharuri 1.6 grame<br \/>\nProteine \u200b\u200b3.1 grame<br \/>\nSare 0.61 grame<br \/>\nTara de origine : Germania<br \/>\n*Produktrezepturen sind freibleibend. Die hier gemachten Angaben beziehen sich auf das aktuell g\u00fcltige deutsche Sortiment und werden regelm\u00e4\u00dfig aktualisiert. Bei Rezeptur\u00e4nderungen sind Produkte mit der alten und der neuen Rezeptur in den Gesch\u00e4ften zu finden. Der K\u00e4ufer sollte daher immer alle Informationen auf der Verpackung sorgf\u00e4ltig lesen. Dies gilt insbesondere f\u00fcr die Liste der Zutaten, um Unvertr\u00e4glichkeiten zu ber\u00fccksichtigen.<\/p>","protected":false},"excerpt":{"rendered":"<p>Knorr Kartoffel Snack Fleischb\u00e4llchen 53g<br \/>\nKnorr Snack piure de cartofi, chiftelute si ceapa prajita 53 g<\/p>","protected":false},"featured_media":28451,"comment_status":"open","ping_status":"closed","template":"","meta":{"_acf_changed":false,"_seopress_robots_primary_cat":"1950","_seopress_titles_title":"","_seopress_titles_desc":"Comanda acum cu livrare rapida Knorr Kartoffel Snack Fleischb\u00e4llchen 53g - Knorr Snack piure de cartofi, chiftelute si ceapa prajita 53 g","_seopress_robots_index":""},"product_brand":[1870],"product_cat":[1555,1683,3272,3372,3428,3328,1950,1767,1954],"giftcard-category":[],"class_list":{"0":"post-28446","1":"product","2":"type-product","3":"status-publish","4":"has-post-thumbnail","6":"product_brand-knorr","7":"product_cat-bacanie","8":"product_cat-conserve-mancare-gatita","9":"product_cat-conserve","10":"product_cat-conserve-produse-germania","11":"product_cat-paste-orez-ulei-otet-produse-germania","12":"product_cat-paste-orez-ulei-otet","13":"product_cat-produse-germania","14":"product_cat-produse-olanda","15":"product_cat-semipreparate","17":"first","18":"outofstock","19":"taxable","20":"shipping-taxable","21":"purchasable","22":"product-type-simple"},"acf":[],"_links":{"self":[{"href":"https:\/\/totalblue.ro\/de\/wp-json\/wp\/v2\/product\/28446","targetHints":{"allow":["GET"]}}],"collection":[{"href":"https:\/\/totalblue.ro\/de\/wp-json\/wp\/v2\/product"}],"about":[{"href":"https:\/\/totalblue.ro\/de\/wp-json\/wp\/v2\/types\/product"}],"replies":[{"embeddable":true,"href":"https:\/\/totalblue.ro\/de\/wp-json\/wp\/v2\/comments?post=28446"}],"wp:featuredmedia":[{"embeddable":true,"href":"https:\/\/totalblue.ro\/de\/wp-json\/wp\/v2\/media\/28451"}],"wp:attachment":[{"href":"https:\/\/totalblue.ro\/de\/wp-json\/wp\/v2\/media?parent=28446"}],"wp:term":[{"taxonomy":"product_brand","embeddable":true,"href":"https:\/\/totalblue.ro\/de\/wp-json\/wp\/v2\/product_brand?post=28446"},{"taxonomy":"product_cat","embeddable":true,"href":"https:\/\/totalblue.ro\/de\/wp-json\/wp\/v2\/product_cat?post=28446"},{"taxonomy":"giftcard-category","embeddable":true,"href":"https:\/\/totalblue.ro\/de\/wp-json\/wp\/v2\/giftcard-category?post=28446"}],"curies":[{"name":"wp","href":"https:\/\/api.w.org\/{rel}","templated":true}]}}