{"id":28459,"date":"2021-04-07T11:27:27","date_gmt":"2021-04-07T08:27:27","guid":{"rendered":"https:\/\/totalblue.ro\/?post_type=product&#038;p=28459"},"modified":"2025-08-01T11:58:52","modified_gmt":"2025-08-01T08:58:52","slug":"knorr-pasta-snack-paste-in-sos-de-ciuperci-si-smantana-63-g","status":"publish","type":"product","link":"https:\/\/totalblue.ro\/de\/produs\/knorr-pasta-snack-paste-in-sos-de-ciuperci-si-smantana-63-g\/","title":{"rendered":"Knorr Pasta Snack, paste in sos de ciuperci si smantana 63 g"},"content":{"rendered":"<p>Knorr Pasta Snack Pilz-Rahm-Sauce 63g Becher<br \/>\nKnorr Pasta Snack, paste in sos de ciuperci si smantana 63 g<\/p>\n<p>Art der Zubereitung \/ Gebrauchsanweisung:<br \/>\n1. \u00d6ffnen Sie den Deckel.<br \/>\n2. Gie\u00dfen Sie kochendes Wasser bis zur Markierung.<br \/>\n3. Gut mischen und den Deckel wieder schlie\u00dfen.<br \/>\n4. Lasa pastele sa absoarba apa 5 minute.<br \/>\n5. Nochmals gut mischen.<br \/>\n6. Fertig! Ein schneller und leckerer Snack!<br \/>\n<strong>Inhaltsstoff: <\/strong>60% paste (grau durum, paste din grau cu oua), amidon, 7,5% smantana praf, arome, sirop de glucoza, ulei de floarea soarelui, 1,4% ciuperci, lactoza, extract de drojdie, 0,6% ceapa, 0,4% praf de ciuperci porcini, sare de masa , proteine de lapte, 0,3% praf de ciuperci, sare de masa, piper, usturoi, patrunjel. Poate contine urme de soia, telina si mustar.<br \/>\nFara aditivi care imbunatatesc aroma, fara coloranti<br \/>\n<strong>Allergene: <\/strong>Grau \u0219i produse ob\u021binute din acesta, oua, cereale care con\u021bin gluten, lapte \u0219i produse lactate<br \/>\nAn einem k\u00fchlen, trockenen Ort aufbewahren.<br \/>\n<strong>N\u00e4hrwertangaben \/ 100g:<\/strong><br \/>\nEnergie 105 kcal \/ 443 kJ<br \/>\nGrasime 2.6 grame<br \/>\ndin care grasimi saturati 0.8 grame<br \/>\nCarbohidrati 17 grame<br \/>\ndin care zaharuri 1.8 grame<br \/>\nProteine 3.2 grame<br \/>\nSare 0.74 grame<br \/>\nTara de origine : Germania<br \/>\n*Produktrezepturen sind freibleibend. Die hier gemachten Angaben beziehen sich auf das aktuell g\u00fcltige deutsche Sortiment und werden regelm\u00e4\u00dfig aktualisiert. Bei Rezeptur\u00e4nderungen sind Produkte mit der alten und der neuen Rezeptur in den Gesch\u00e4ften zu finden. Der K\u00e4ufer sollte daher immer alle Informationen auf der Verpackung sorgf\u00e4ltig lesen. Dies gilt insbesondere f\u00fcr die Liste der Zutaten, um Unvertr\u00e4glichkeiten zu ber\u00fccksichtigen.<br \/>\n<a href=\"https:\/\/totalblue.ro\/wp-content\/uploads\/2021\/04\/knorr.jpg\"><img loading=\"lazy\" decoding=\"async\" class=\"alignnone wp-image-28453\" src=\"https:\/\/totalblue.ro\/wp-content\/uploads\/2021\/04\/knorr.jpg\" alt=\"\" width=\"150\" height=\"150\" srcset=\"https:\/\/totalblue.ro\/wp-content\/uploads\/2021\/04\/knorr.jpg 300w, https:\/\/totalblue.ro\/wp-content\/uploads\/2021\/04\/knorr-100x100.jpg 100w, https:\/\/totalblue.ro\/wp-content\/uploads\/2021\/04\/knorr-280x280.jpg 280w\" sizes=\"auto, (max-width: 150px) 100vw, 150px\" \/><\/a><\/p>","protected":false},"excerpt":{"rendered":"<p>Knorr Pasta Snack Pilz-Rahm-Sauce 63g Becher<br \/>\nKnorr Pasta Snack, paste in sos de ciuperci si smantana 63 g<\/p>","protected":false},"featured_media":28460,"comment_status":"open","ping_status":"closed","template":"","meta":{"_acf_changed":false,"_seopress_robots_primary_cat":"1950","_seopress_titles_title":"","_seopress_titles_desc":"Comanda acum cu livrare rapida pana la usa ta Knorr Pasta Snack Branza si Sos Smantana, 71 g! Pret promotional, livrare rapida","_seopress_robots_index":""},"product_brand":[1870],"product_cat":[1555,3372,3272,3428,3328,1950,1767,1954],"giftcard-category":[],"class_list":{"0":"post-28459","1":"product","2":"type-product","3":"status-publish","4":"has-post-thumbnail","6":"product_brand-knorr","7":"product_cat-bacanie","8":"product_cat-conserve-produse-germania","9":"product_cat-conserve","10":"product_cat-paste-orez-ulei-otet-produse-germania","11":"product_cat-paste-orez-ulei-otet","12":"product_cat-produse-germania","13":"product_cat-produse-olanda","14":"product_cat-semipreparate","16":"first","17":"outofstock","18":"taxable","19":"shipping-taxable","20":"purchasable","21":"product-type-simple"},"acf":[],"_links":{"self":[{"href":"https:\/\/totalblue.ro\/de\/wp-json\/wp\/v2\/product\/28459","targetHints":{"allow":["GET"]}}],"collection":[{"href":"https:\/\/totalblue.ro\/de\/wp-json\/wp\/v2\/product"}],"about":[{"href":"https:\/\/totalblue.ro\/de\/wp-json\/wp\/v2\/types\/product"}],"replies":[{"embeddable":true,"href":"https:\/\/totalblue.ro\/de\/wp-json\/wp\/v2\/comments?post=28459"}],"wp:featuredmedia":[{"embeddable":true,"href":"https:\/\/totalblue.ro\/de\/wp-json\/wp\/v2\/media\/28460"}],"wp:attachment":[{"href":"https:\/\/totalblue.ro\/de\/wp-json\/wp\/v2\/media?parent=28459"}],"wp:term":[{"taxonomy":"product_brand","embeddable":true,"href":"https:\/\/totalblue.ro\/de\/wp-json\/wp\/v2\/product_brand?post=28459"},{"taxonomy":"product_cat","embeddable":true,"href":"https:\/\/totalblue.ro\/de\/wp-json\/wp\/v2\/product_cat?post=28459"},{"taxonomy":"giftcard-category","embeddable":true,"href":"https:\/\/totalblue.ro\/de\/wp-json\/wp\/v2\/giftcard-category?post=28459"}],"curies":[{"name":"wp","href":"https:\/\/api.w.org\/{rel}","templated":true}]}}