{"id":28727,"date":"2021-04-16T14:15:05","date_gmt":"2021-04-16T11:15:05","guid":{"rendered":"https:\/\/totalblue.ro\/?post_type=product&#038;p=28727"},"modified":"2024-05-16T17:33:09","modified_gmt":"2024-05-16T14:33:09","slug":"amstel-bere-blonda-premium-033l-sticla","status":"publish","type":"product","link":"https:\/\/totalblue.ro\/de\/produs\/amstel-bere-blonda-premium-033l-sticla\/","title":{"rendered":"Amstel Premium Lagerbier 0,30L, Flasche, Import Holland"},"content":{"rendered":"<p>Bere blonda de tip lager acum si in sticla nereturnabila de 300ML<\/p>\n<p>1 naveta contine 24 de sticle.<br \/>\nPretul afisat este pentru 1 bucata sticla Amstel.<\/p>\n<p>Alcool: 5% vol.<br \/>\nProdus pasteurizat.<br \/>\nProdukt online verf\u00fcgbar<br \/>\nO bere de tip Premium Lager, cu un gust usor amarui si o aroma accesibila. Calitatea ingredientelor si traditia confera credibilitate in promisiunile facute: un gust unic, calitate superioara, atentie pentru fiecare detaliu si traditie.<\/p>\n<p>Amstel este o bere de traditie care te racoreste in orice zi de vara. Are un gust ce este pe placul tuturor prietenilor tai, de aceea pastrezi mereu cateva sticle in frigiderul tau mereu, pentru zilele in care ai musafiri. Berea este parca mai buna la gust atunci cand o servesti alaturi de prieteni, in cantitati moderate.<br \/>\nSfat de pastrare\/Utilizare\/Preparare: A se feri de temperaturi ridicate si inghet.<br \/>\nMentiuni legale:Alcoolul dauneaza grav sanatatii. Consumati cu moderatie. Este interzisa vanzarea catre persoanele sub 18 ani.<br \/>\nIngrediente:apa, malt din orz, orz, hamei<br \/>\nErn\u00e4hrung:<br \/>\nEnergie 173 kJ (41 kcal)<br \/>\nFett 0 g, davon ges\u00e4ttigte Fette 0 g<br \/>\nCarbohidrati 3,1 g din care zaharuri 0 g<br \/>\nEiwei\u00df 0 g<br \/>\nSare &lt; 0,01 g<\/p>\n<p>Produsa sub supravegherea Amstel Consumentenservice<br \/>\nAntwoordnummer 7181, 1000 PA Amsterdam<br \/>\nJuristische L\u00fcgen: Alkohol schadet Ihrer Gesundheit. Trinken Sie in Ma\u00dfen. Der Verkauf an unter 18-J\u00e4hrige ist verboten. www.desprealcool.ro<\/p>\n<p><a href=\"https:\/\/totalblue.ro\/wp-content\/uploads\/2021\/04\/under-18.jpg\"><img loading=\"lazy\" decoding=\"async\" class=\"alignnone wp-image-30757\" src=\"https:\/\/totalblue.ro\/wp-content\/uploads\/2021\/04\/under-18-400x400.jpg\" alt=\"\" width=\"95\" height=\"95\" srcset=\"https:\/\/totalblue.ro\/wp-content\/uploads\/2021\/04\/under-18-400x400.jpg 400w, https:\/\/totalblue.ro\/wp-content\/uploads\/2021\/04\/under-18-100x100.jpg 100w, https:\/\/totalblue.ro\/wp-content\/uploads\/2021\/04\/under-18-510x510.jpg 510w, https:\/\/totalblue.ro\/wp-content\/uploads\/2021\/04\/under-18-280x280.jpg 280w, https:\/\/totalblue.ro\/wp-content\/uploads\/2021\/04\/under-18.jpg 600w\" sizes=\"auto, (max-width: 95px) 100vw, 95px\" \/><\/a><a href=\"https:\/\/totalblue.ro\/wp-content\/uploads\/2021\/06\/drink-drive.jpg\"><img loading=\"lazy\" decoding=\"async\" class=\"alignnone wp-image-30761\" src=\"https:\/\/totalblue.ro\/wp-content\/uploads\/2021\/06\/drink-drive.jpg\" alt=\"\" width=\"95\" height=\"93\" srcset=\"https:\/\/totalblue.ro\/wp-content\/uploads\/2021\/06\/drink-drive.jpg 344w, https:\/\/totalblue.ro\/wp-content\/uploads\/2021\/06\/drink-drive-100x98.jpg 100w\" sizes=\"auto, (max-width: 95px) 100vw, 95px\" \/><\/a><a href=\"https:\/\/totalblue.ro\/wp-content\/uploads\/2021\/06\/bere-gravide02.jpg\"><img loading=\"lazy\" decoding=\"async\" class=\"alignnone wp-image-30771\" src=\"https:\/\/totalblue.ro\/wp-content\/uploads\/2021\/06\/bere-gravide02-403x400.jpg\" alt=\"\" width=\"94\" height=\"93\" srcset=\"https:\/\/totalblue.ro\/wp-content\/uploads\/2021\/06\/bere-gravide02-403x400.jpg 403w, https:\/\/totalblue.ro\/wp-content\/uploads\/2021\/06\/bere-gravide02-100x99.jpg 100w, https:\/\/totalblue.ro\/wp-content\/uploads\/2021\/06\/bere-gravide02-510x507.jpg 510w, https:\/\/totalblue.ro\/wp-content\/uploads\/2021\/06\/bere-gravide02-805x800.jpg 805w, https:\/\/totalblue.ro\/wp-content\/uploads\/2021\/06\/bere-gravide02-280x280.jpg 280w, https:\/\/totalblue.ro\/wp-content\/uploads\/2021\/06\/bere-gravide02-768x763.jpg 768w, https:\/\/totalblue.ro\/wp-content\/uploads\/2021\/06\/bere-gravide02-600x596.jpg 600w, https:\/\/totalblue.ro\/wp-content\/uploads\/2021\/06\/bere-gravide02.jpg 895w\" sizes=\"auto, (max-width: 94px) 100vw, 94px\" \/><\/a><\/p>","protected":false},"excerpt":{"rendered":"<p>Bere blonda de tip lager acum si in sticla nereturnabila de 300ML 1 naveta contine 24 de sticle. Pretul afisat este pentru 1 bucata sticla Amstel. Alcool: 5% vol. Produs pasteurizat. Produs disponibil on-line O bere de tip Premium Lager, cu un gust usor amarui si o aroma accesibila. Calitatea ingredientelor si traditia confera credibilitate [&#8230;]\n","protected":false},"featured_media":39809,"comment_status":"open","ping_status":"closed","template":"","meta":{"_acf_changed":false,"_seopress_robots_primary_cat":"none","_seopress_titles_title":"","_seopress_titles_desc":"","_seopress_robots_index":""},"product_brand":[2031],"product_cat":[1519,1767,3312],"giftcard-category":[],"class_list":{"0":"post-28727","1":"product","2":"type-product","3":"status-publish","4":"has-post-thumbnail","6":"product_brand-amstel","7":"product_cat-bauturi-alcoolice-bere","8":"product_cat-produse-olanda","9":"product_cat-bauturi-racoritoare-produse-olanda","11":"first","12":"outofstock","13":"taxable","14":"shipping-taxable","15":"purchasable","16":"product-type-simple"},"acf":[],"_links":{"self":[{"href":"https:\/\/totalblue.ro\/de\/wp-json\/wp\/v2\/product\/28727","targetHints":{"allow":["GET"]}}],"collection":[{"href":"https:\/\/totalblue.ro\/de\/wp-json\/wp\/v2\/product"}],"about":[{"href":"https:\/\/totalblue.ro\/de\/wp-json\/wp\/v2\/types\/product"}],"replies":[{"embeddable":true,"href":"https:\/\/totalblue.ro\/de\/wp-json\/wp\/v2\/comments?post=28727"}],"wp:featuredmedia":[{"embeddable":true,"href":"https:\/\/totalblue.ro\/de\/wp-json\/wp\/v2\/media\/39809"}],"wp:attachment":[{"href":"https:\/\/totalblue.ro\/de\/wp-json\/wp\/v2\/media?parent=28727"}],"wp:term":[{"taxonomy":"product_brand","embeddable":true,"href":"https:\/\/totalblue.ro\/de\/wp-json\/wp\/v2\/product_brand?post=28727"},{"taxonomy":"product_cat","embeddable":true,"href":"https:\/\/totalblue.ro\/de\/wp-json\/wp\/v2\/product_cat?post=28727"},{"taxonomy":"giftcard-category","embeddable":true,"href":"https:\/\/totalblue.ro\/de\/wp-json\/wp\/v2\/giftcard-category?post=28727"}],"curies":[{"name":"wp","href":"https:\/\/api.w.org\/{rel}","templated":true}]}}