{"id":28732,"date":"2021-04-16T15:12:53","date_gmt":"2021-04-16T12:12:53","guid":{"rendered":"https:\/\/totalblue.ro\/?post_type=product&#038;p=28732"},"modified":"2026-03-27T21:34:23","modified_gmt":"2026-03-27T19:34:23","slug":"paulaner-weissbier-55-bere-blonda-nefiltrata-05l","status":"publish","type":"product","link":"https:\/\/totalblue.ro\/de\/produs\/paulaner-weissbier-55-bere-blonda-nefiltrata-05l\/","title":{"rendered":"Paulaner Wei\u00dfbier 5,5%, unfiltriertes Lagerbier 0,5L"},"content":{"rendered":"<p>Paulaner Wei\u00dfbier 5,5%, unfiltriertes Lagerbier 0,5L<\/p>\n<p>Paulaner Weissbier este cea mai bine vanduta bere din portofoliul Paulaner, fiind o bere de culoare aurie cu spuma cremoasa si densa, cu o aroma deosebita, asemanatoare cuisoarelor, fructata.<br \/>\nAroma provine in mare parte datorita drojdiei de cea mai buna calitate, care \u00eei confera caracterul inconfundabil, aceasta fiind re\u021binuta in sticla, pentru a-i da aparitia tulbure caracteristica unei beri albe nefiltrate.<\/p>\n<p>Alcool: 5,5 % vol.<br \/>\nTip bere alba nefiltrata, weissbier ( hefe-weizen )<\/p>\n<p>Aspect: Culoare aurie-chihlimbarie, tulbure (datorita drojdiei ramase in suspensie), cu o spuma densa si persistenta.<\/p>\n<p>Profil de gust: Note pregnante de banane si cuisoare, cu o aciditate fina si un postgust racoritor.<\/p>\n<p>Ingrediente: Apa, malt de grau (minim 50%), malt de orz, drojdie selectionata Paulaner si hamei Herkules<\/p>\n<p><strong>Produkt online verf\u00fcgbar<br \/>\n<\/strong><br \/>\nBrand : Paulaner<br \/>\nTara de origine : Germania<br \/>\nVerpackung: Glas. Die Flaschen werden nicht zur\u00fcckgenommen.<\/p>\n<p>Achten Sie auf hohe Temperaturen und Frost.<\/p>\n<p>Juristische L\u00fcgen: Alkohol schadet Ihrer Gesundheit. Trinken Sie in Ma\u00dfen. Der Verkauf an unter 18-J\u00e4hrige ist verboten. www.desprealcool.ro<br \/>\n<a href=\"https:\/\/totalblue.ro\/wp-content\/uploads\/2021\/04\/under-18.jpg\"><img loading=\"lazy\" decoding=\"async\" class=\"alignnone wp-image-30757\" src=\"https:\/\/totalblue.ro\/wp-content\/uploads\/2021\/04\/under-18-400x400.jpg\" alt=\"\" width=\"101\" height=\"101\" srcset=\"https:\/\/totalblue.ro\/wp-content\/uploads\/2021\/04\/under-18-400x400.jpg 400w, https:\/\/totalblue.ro\/wp-content\/uploads\/2021\/04\/under-18-100x100.jpg 100w, https:\/\/totalblue.ro\/wp-content\/uploads\/2021\/04\/under-18-510x510.jpg 510w, https:\/\/totalblue.ro\/wp-content\/uploads\/2021\/04\/under-18-280x280.jpg 280w, https:\/\/totalblue.ro\/wp-content\/uploads\/2021\/04\/under-18.jpg 600w\" sizes=\"auto, (max-width: 101px) 100vw, 101px\" \/><\/a><a href=\"https:\/\/totalblue.ro\/wp-content\/uploads\/2021\/06\/drink-drive.jpg\"><img loading=\"lazy\" decoding=\"async\" class=\"alignnone wp-image-30761\" src=\"https:\/\/totalblue.ro\/wp-content\/uploads\/2021\/06\/drink-drive.jpg\" alt=\"\" width=\"105\" height=\"103\" srcset=\"https:\/\/totalblue.ro\/wp-content\/uploads\/2021\/06\/drink-drive.jpg 344w, https:\/\/totalblue.ro\/wp-content\/uploads\/2021\/06\/drink-drive-100x98.jpg 100w\" sizes=\"auto, (max-width: 105px) 100vw, 105px\" \/><\/a><a href=\"https:\/\/totalblue.ro\/wp-content\/uploads\/2021\/06\/bere-gravide02.jpg\"><img loading=\"lazy\" decoding=\"async\" class=\"alignnone wp-image-30771\" src=\"https:\/\/totalblue.ro\/wp-content\/uploads\/2021\/06\/bere-gravide02-403x400.jpg\" alt=\"\" width=\"103\" height=\"102\" srcset=\"https:\/\/totalblue.ro\/wp-content\/uploads\/2021\/06\/bere-gravide02-403x400.jpg 403w, https:\/\/totalblue.ro\/wp-content\/uploads\/2021\/06\/bere-gravide02-100x99.jpg 100w, https:\/\/totalblue.ro\/wp-content\/uploads\/2021\/06\/bere-gravide02-510x507.jpg 510w, https:\/\/totalblue.ro\/wp-content\/uploads\/2021\/06\/bere-gravide02-805x800.jpg 805w, https:\/\/totalblue.ro\/wp-content\/uploads\/2021\/06\/bere-gravide02-280x280.jpg 280w, https:\/\/totalblue.ro\/wp-content\/uploads\/2021\/06\/bere-gravide02-768x763.jpg 768w, https:\/\/totalblue.ro\/wp-content\/uploads\/2021\/06\/bere-gravide02-600x596.jpg 600w, https:\/\/totalblue.ro\/wp-content\/uploads\/2021\/06\/bere-gravide02.jpg 895w\" sizes=\"auto, (max-width: 103px) 100vw, 103px\" \/><\/a><\/p>","protected":false},"excerpt":{"rendered":"<p>SKU: 4066600298113<\/p>","protected":false},"featured_media":28733,"comment_status":"open","ping_status":"closed","template":"","meta":{"_acf_changed":false,"_seopress_robots_primary_cat":"none","_seopress_titles_title":"Paulaner Weissbier 5,5%, bere blonda nefiltrata 0,5L","_seopress_titles_desc":"Cauti bere Paulaner? Cumpara acum Paulaner Weissbier 5,5%, bere blonda nefiltrata 0,5L, bere nefiltrata, bere alba nefiltrata Paulaner.","_seopress_robots_index":""},"product_brand":[2034],"product_cat":[1519,1950,1767,3312,3412],"giftcard-category":[],"class_list":{"0":"post-28732","1":"product","2":"type-product","3":"status-publish","4":"has-post-thumbnail","6":"product_brand-paulaner","7":"product_cat-bauturi-alcoolice-bere","8":"product_cat-produse-germania","9":"product_cat-produse-olanda","10":"product_cat-bauturi-racoritoare-produse-olanda","11":"product_cat-bauturi-racoritoare-bere","13":"first","14":"instock","15":"taxable","16":"shipping-taxable","17":"purchasable","18":"product-type-simple"},"acf":[],"_links":{"self":[{"href":"https:\/\/totalblue.ro\/de\/wp-json\/wp\/v2\/product\/28732","targetHints":{"allow":["GET"]}}],"collection":[{"href":"https:\/\/totalblue.ro\/de\/wp-json\/wp\/v2\/product"}],"about":[{"href":"https:\/\/totalblue.ro\/de\/wp-json\/wp\/v2\/types\/product"}],"replies":[{"embeddable":true,"href":"https:\/\/totalblue.ro\/de\/wp-json\/wp\/v2\/comments?post=28732"}],"wp:featuredmedia":[{"embeddable":true,"href":"https:\/\/totalblue.ro\/de\/wp-json\/wp\/v2\/media\/28733"}],"wp:attachment":[{"href":"https:\/\/totalblue.ro\/de\/wp-json\/wp\/v2\/media?parent=28732"}],"wp:term":[{"taxonomy":"product_brand","embeddable":true,"href":"https:\/\/totalblue.ro\/de\/wp-json\/wp\/v2\/product_brand?post=28732"},{"taxonomy":"product_cat","embeddable":true,"href":"https:\/\/totalblue.ro\/de\/wp-json\/wp\/v2\/product_cat?post=28732"},{"taxonomy":"giftcard-category","embeddable":true,"href":"https:\/\/totalblue.ro\/de\/wp-json\/wp\/v2\/giftcard-category?post=28732"}],"curies":[{"name":"wp","href":"https:\/\/api.w.org\/{rel}","templated":true}]}}