{"id":28738,"date":"2021-04-16T16:06:00","date_gmt":"2021-04-16T13:06:00","guid":{"rendered":"https:\/\/totalblue.ro\/?post_type=product&#038;p=28738"},"modified":"2026-03-27T21:47:00","modified_gmt":"2026-03-27T19:47:00","slug":"budweiser-budvar-bere-blonda-sticla-05l","status":"publish","type":"product","link":"https:\/\/totalblue.ro\/de\/produs\/budweiser-budvar-bere-blonda-sticla-05l\/","title":{"rendered":"Budweiser Budvar Budvar blondes Bier 0,5L Flasche"},"content":{"rendered":"<p>Berea ceha Budweiser Budvar are o nou\u0103 identitate vizuala globala pentru sticlele sale. Noul design preia aspectele stilistice din propria arhiv\u0103 de etichete istorice, care dateaz\u0103 de la fondarea sa \u00een 1895 \u0219i prezint\u0103 o paleta clasica de culori inspirat\u0103 din drapelul ceh.<br \/>\nLogo-ul vintage este incadrat \u00een zona superioara a etichetei de emblema istorica a ora\u0219ului \u010cesk\u00e9 Bud\u011bjovice (sau \u201dBudweis\u201d, a\u0219a cum este cunoscut \u00een limba germane. De asemenea, zona centrala a noului design este o referinta clara la ingredientele locale din Budvar: hamei de Saaz cu conuri \u00eentregi din renumita regiune de hamei din Republica Ceh\u0103, \u017datec; cele mai fine boabe din Moravia \u0219i ap\u0103 natural\u0103 de 10.000 de ani, colectat\u0103 dintr-un acvifer vechi, care dateaz\u0103 din Epoca de Gheata, situat la 300 m sub berarie.<br \/>\nExist\u0103, de asemenea, expresia \u2013 \u201cDe\u021binut de Republica Ceha\u201d \u2013 care incadreaza logo-ul din partea inferioara a etichetei. Aceast\u0103 declara\u021bie sarbatoreste independenta neintrerupta a fabricii de bere Budvar.<br \/>\nRebranding-ul de ambalaje se lanseaz\u0103 prin campania global\u0103 Budvar Salut\u0103ri din Republica Berii, care pozi\u021bioneaz\u0103 Republica Ceh\u0103 \u2013 unde cantitatea de bere consumat\u0103 pe cap de locuitor este mai mare dec\u00e2t oriunde altundeva \u00een lume \u2013 ca adev\u0103rata Republic\u0103 a Berii.<br \/>\nBudweiser Budvar este fabrica na\u021bionala de bere a Republicii Cehe \u0219i o bere lager emblematica ceha recunoscuta la nivel interna\u021bional, produsa intr-un singur loc din \u00eentreaga lume: \u00een \u010cesk\u00e9 Bud\u011bjovice (Budweis), Boemia de Sud, \u00eenc\u0103 din 1895. Fabrica de bere inc\u0103 foloseste cu mandrie cel mai bun hamei Saaz cu con \u00eentreg, mal\u021buri din Moravia, apa arteziana dintr-un acvifer vechi inc\u0103 din Epoca de Gheata, situat la 300 m sub berarie.<br \/>\nAlcool: 5,0 % vol.<br \/>\nBere blonda pasteurizata.<br \/>\nProdukt online verf\u00fcgbar<br \/>\nTara de origine : Cehia<br \/>\nAmbalaj : sticla. Sticlele sunt nereturnabile, dar reciclabile.<\/p>\n<p>1 Bax de bere Budweiser contine 20 sticle<br \/>\nPretul afisat este pe 1 Bucata sticla Budweiser fara taxa SGR inclusa. La adaugarea in cos se va afisa si costul de 0,50 Ron \/ sticla , taxa SGR<br \/>\nProdus cu livrare in Bucuresti si Ilfov pentru plata ramburs sau card.<br \/>\nProdus cu livrare nationala (toate judetele) pentru plata cu card.<\/p>\n<p>Ingrediente: Malt de orz, apa, hamei.<br \/>\nValoare nutritiva: glucide 3,2g\/100g bere<br \/>\nValoare energetica 42kcal\/100g bere<br \/>\nVor hohen Temperaturen und Frost sch\u00fctzen. Kalt servieren.<br \/>\nJuristische L\u00fcgen: Alkohol schadet Ihrer Gesundheit. Trinken Sie in Ma\u00dfen. Der Verkauf an unter 18-J\u00e4hrige ist verboten. www.desprealcool.ro<br \/>\n<a href=\"https:\/\/totalblue.ro\/wp-content\/uploads\/2021\/04\/under-18.jpg\"><img loading=\"lazy\" decoding=\"async\" class=\"alignnone wp-image-30757\" src=\"https:\/\/totalblue.ro\/wp-content\/uploads\/2021\/04\/under-18-400x400.jpg\" alt=\"\" width=\"109\" height=\"109\" srcset=\"https:\/\/totalblue.ro\/wp-content\/uploads\/2021\/04\/under-18-400x400.jpg 400w, https:\/\/totalblue.ro\/wp-content\/uploads\/2021\/04\/under-18-100x100.jpg 100w, https:\/\/totalblue.ro\/wp-content\/uploads\/2021\/04\/under-18-510x510.jpg 510w, https:\/\/totalblue.ro\/wp-content\/uploads\/2021\/04\/under-18-280x280.jpg 280w, https:\/\/totalblue.ro\/wp-content\/uploads\/2021\/04\/under-18.jpg 600w\" sizes=\"auto, (max-width: 109px) 100vw, 109px\" \/><\/a><a href=\"https:\/\/totalblue.ro\/wp-content\/uploads\/2021\/06\/drink-drive.jpg\"><img loading=\"lazy\" decoding=\"async\" class=\"alignnone wp-image-30761\" src=\"https:\/\/totalblue.ro\/wp-content\/uploads\/2021\/06\/drink-drive.jpg\" alt=\"\" width=\"114\" height=\"111\" srcset=\"https:\/\/totalblue.ro\/wp-content\/uploads\/2021\/06\/drink-drive.jpg 344w, https:\/\/totalblue.ro\/wp-content\/uploads\/2021\/06\/drink-drive-100x98.jpg 100w\" sizes=\"auto, (max-width: 114px) 100vw, 114px\" \/><\/a><a href=\"https:\/\/totalblue.ro\/wp-content\/uploads\/2021\/06\/bere-gravide02.jpg\"><img loading=\"lazy\" decoding=\"async\" class=\"alignnone wp-image-30771\" src=\"https:\/\/totalblue.ro\/wp-content\/uploads\/2021\/06\/bere-gravide02-403x400.jpg\" alt=\"\" width=\"111\" height=\"110\" srcset=\"https:\/\/totalblue.ro\/wp-content\/uploads\/2021\/06\/bere-gravide02-403x400.jpg 403w, https:\/\/totalblue.ro\/wp-content\/uploads\/2021\/06\/bere-gravide02-100x99.jpg 100w, https:\/\/totalblue.ro\/wp-content\/uploads\/2021\/06\/bere-gravide02-510x507.jpg 510w, https:\/\/totalblue.ro\/wp-content\/uploads\/2021\/06\/bere-gravide02-805x800.jpg 805w, https:\/\/totalblue.ro\/wp-content\/uploads\/2021\/06\/bere-gravide02-280x280.jpg 280w, https:\/\/totalblue.ro\/wp-content\/uploads\/2021\/06\/bere-gravide02-768x763.jpg 768w, https:\/\/totalblue.ro\/wp-content\/uploads\/2021\/06\/bere-gravide02-600x596.jpg 600w, https:\/\/totalblue.ro\/wp-content\/uploads\/2021\/06\/bere-gravide02.jpg 895w\" sizes=\"auto, (max-width: 111px) 100vw, 111px\" \/><\/a><\/p>","protected":false},"excerpt":{"rendered":"<p>1 Bax de bere Budweiser contine 20 sticle.<br \/>\nPretul afisat este pe 1 Bucata sticla Budweiser fara taxa SGR inclusa. La adaugarea in cos se va afisa si costul de 0,50 Ron \/ sticla , taxa SGR<br \/>\nProdus cu livrare in Bucuresti si Ilfov pentru plata ramburs sau card.<br \/>\nProdus cu livrare nationala (toate judetele) pentru plata cu card.<\/p>","protected":false},"featured_media":28739,"comment_status":"open","ping_status":"closed","template":"","meta":{"_acf_changed":false,"_seopress_robots_primary_cat":"none","_seopress_titles_title":"Berea ceha Budweiser Budvar, bere Budweiser blonda 500 ml","_seopress_titles_desc":"Cauti bere Budweiser ? Cauti bere blonda ? Cauti bere ceheasca ? Cumpara acum Berea Blonda Budweiser,, bere Budvar, bere rece Budweiser.","_seopress_robots_index":""},"product_brand":[2035],"product_cat":[1519],"giftcard-category":[],"class_list":{"0":"post-28738","1":"product","2":"type-product","3":"status-publish","4":"has-post-thumbnail","6":"product_brand-budweiser","7":"product_cat-bauturi-alcoolice-bere","9":"first","10":"instock","11":"taxable","12":"shipping-taxable","13":"purchasable","14":"product-type-simple"},"acf":[],"_links":{"self":[{"href":"https:\/\/totalblue.ro\/de\/wp-json\/wp\/v2\/product\/28738","targetHints":{"allow":["GET"]}}],"collection":[{"href":"https:\/\/totalblue.ro\/de\/wp-json\/wp\/v2\/product"}],"about":[{"href":"https:\/\/totalblue.ro\/de\/wp-json\/wp\/v2\/types\/product"}],"replies":[{"embeddable":true,"href":"https:\/\/totalblue.ro\/de\/wp-json\/wp\/v2\/comments?post=28738"}],"wp:featuredmedia":[{"embeddable":true,"href":"https:\/\/totalblue.ro\/de\/wp-json\/wp\/v2\/media\/28739"}],"wp:attachment":[{"href":"https:\/\/totalblue.ro\/de\/wp-json\/wp\/v2\/media?parent=28738"}],"wp:term":[{"taxonomy":"product_brand","embeddable":true,"href":"https:\/\/totalblue.ro\/de\/wp-json\/wp\/v2\/product_brand?post=28738"},{"taxonomy":"product_cat","embeddable":true,"href":"https:\/\/totalblue.ro\/de\/wp-json\/wp\/v2\/product_cat?post=28738"},{"taxonomy":"giftcard-category","embeddable":true,"href":"https:\/\/totalblue.ro\/de\/wp-json\/wp\/v2\/giftcard-category?post=28738"}],"curies":[{"name":"wp","href":"https:\/\/api.w.org\/{rel}","templated":true}]}}