{"id":28741,"date":"2021-04-16T17:07:02","date_gmt":"2021-04-16T14:07:02","guid":{"rendered":"https:\/\/totalblue.ro\/?post_type=product&#038;p=28741"},"modified":"2025-11-12T09:02:52","modified_gmt":"2025-11-12T07:02:52","slug":"nenea-iancu-besonderes-blondes-bier-05l","status":"publish","type":"product","link":"https:\/\/totalblue.ro\/de\/produs\/nenea-iancu-bere-blonda-speciala-05l\/","title":{"rendered":"Nenea Iancu Spezial Lagerbier 0,5L"},"content":{"rendered":"<p>Es handelt sich um ein goldgelbes M\u00fcnchner Lagerbier, das von Anfang an mit seinem dichten und cremigen Schaum \u00fcberrascht, der lange anh\u00e4lt. Der leichte, s\u00fc\u00dfe und leicht bittere Nachgeschmack verbindet sich mit dem ausgewogenen Aroma von Malz und reifem Getreide. Die samtige Textur und die feine Karbonisierung machen dieses Bier zu einem Genuss.<br \/>\nAlkohol: 4,9 % vol.<br \/>\nBiersorte Bayerisches Lagerbier<br \/>\nProdukt online verf\u00fcgbar<br \/>\nVerpackung: Glas. Die Flaschen werden nicht zur\u00fcckgenommen.<br \/>\nZutaten: Wasser, Gerstenmalz, Hopfen.<br \/>\nAllergene Enth\u00e4lt Gluten (Gerste).<br \/>\nVor hohen Temperaturen und Frost sch\u00fctzen. Kalt servieren.<br \/>\nJuristische L\u00fcgen: Alkohol schadet Ihrer Gesundheit. Trinken Sie in Ma\u00dfen. Der Verkauf an unter 18-J\u00e4hrige ist verboten. www.desprealcool.ro<br \/>\n<a href=\"https:\/\/totalblue.ro\/wp-content\/uploads\/2021\/04\/under-18.jpg\"><img loading=\"lazy\" decoding=\"async\" class=\"alignnone wp-image-30757\" src=\"https:\/\/totalblue.ro\/wp-content\/uploads\/2021\/04\/under-18-400x400.jpg\" alt=\"\" width=\"105\" height=\"105\" srcset=\"https:\/\/totalblue.ro\/wp-content\/uploads\/2021\/04\/under-18-400x400.jpg 400w, https:\/\/totalblue.ro\/wp-content\/uploads\/2021\/04\/under-18-100x100.jpg 100w, https:\/\/totalblue.ro\/wp-content\/uploads\/2021\/04\/under-18-510x510.jpg 510w, https:\/\/totalblue.ro\/wp-content\/uploads\/2021\/04\/under-18-280x280.jpg 280w, https:\/\/totalblue.ro\/wp-content\/uploads\/2021\/04\/under-18.jpg 600w\" sizes=\"auto, (max-width: 105px) 100vw, 105px\" \/><\/a><a href=\"https:\/\/totalblue.ro\/wp-content\/uploads\/2021\/06\/drink-drive.jpg\"><img loading=\"lazy\" decoding=\"async\" class=\"alignnone wp-image-30761\" src=\"https:\/\/totalblue.ro\/wp-content\/uploads\/2021\/06\/drink-drive.jpg\" alt=\"\" width=\"105\" height=\"103\" srcset=\"https:\/\/totalblue.ro\/wp-content\/uploads\/2021\/06\/drink-drive.jpg 344w, https:\/\/totalblue.ro\/wp-content\/uploads\/2021\/06\/drink-drive-100x98.jpg 100w\" sizes=\"auto, (max-width: 105px) 100vw, 105px\" \/><\/a><a href=\"https:\/\/totalblue.ro\/wp-content\/uploads\/2021\/06\/bere-gravide02.jpg\"><img loading=\"lazy\" decoding=\"async\" class=\"alignnone wp-image-30771\" src=\"https:\/\/totalblue.ro\/wp-content\/uploads\/2021\/06\/bere-gravide02-403x400.jpg\" alt=\"\" width=\"108\" height=\"107\" srcset=\"https:\/\/totalblue.ro\/wp-content\/uploads\/2021\/06\/bere-gravide02-403x400.jpg 403w, https:\/\/totalblue.ro\/wp-content\/uploads\/2021\/06\/bere-gravide02-100x99.jpg 100w, https:\/\/totalblue.ro\/wp-content\/uploads\/2021\/06\/bere-gravide02-510x507.jpg 510w, https:\/\/totalblue.ro\/wp-content\/uploads\/2021\/06\/bere-gravide02-805x800.jpg 805w, https:\/\/totalblue.ro\/wp-content\/uploads\/2021\/06\/bere-gravide02-280x280.jpg 280w, https:\/\/totalblue.ro\/wp-content\/uploads\/2021\/06\/bere-gravide02-768x763.jpg 768w, https:\/\/totalblue.ro\/wp-content\/uploads\/2021\/06\/bere-gravide02-600x596.jpg 600w, https:\/\/totalblue.ro\/wp-content\/uploads\/2021\/06\/bere-gravide02.jpg 895w\" sizes=\"auto, (max-width: 108px) 100vw, 108px\" \/><\/a><\/p>","protected":false},"excerpt":{"rendered":"<p>Nenea Iancu Spezial Lagerbier 0,5L<\/p>","protected":false},"featured_media":28742,"comment_status":"open","ping_status":"closed","template":"","meta":{"_acf_changed":false,"_seopress_robots_primary_cat":"none","_seopress_titles_title":"Nenea Iancu bere blonda speciala, Nenea Iancu bere blonda, Nenea Iancu bere sticla","_seopress_titles_desc":"Profita si cumpara online Nenea Iancu bere blonda speciala, Nenea Iancu bere blonda, Nenea Iancu bere sticla. Magazin online cu livrare de produse olandeze.","_seopress_robots_index":""},"product_brand":[2036],"product_cat":[1519],"giftcard-category":[],"class_list":{"0":"post-28741","1":"product","2":"type-product","3":"status-publish","4":"has-post-thumbnail","6":"product_brand-nenea-iancu","7":"product_cat-bauturi-alcoolice-bere","9":"first","10":"instock","11":"taxable","12":"shipping-taxable","13":"purchasable","14":"product-type-simple"},"acf":[],"_links":{"self":[{"href":"https:\/\/totalblue.ro\/de\/wp-json\/wp\/v2\/product\/28741","targetHints":{"allow":["GET"]}}],"collection":[{"href":"https:\/\/totalblue.ro\/de\/wp-json\/wp\/v2\/product"}],"about":[{"href":"https:\/\/totalblue.ro\/de\/wp-json\/wp\/v2\/types\/product"}],"replies":[{"embeddable":true,"href":"https:\/\/totalblue.ro\/de\/wp-json\/wp\/v2\/comments?post=28741"}],"wp:featuredmedia":[{"embeddable":true,"href":"https:\/\/totalblue.ro\/de\/wp-json\/wp\/v2\/media\/28742"}],"wp:attachment":[{"href":"https:\/\/totalblue.ro\/de\/wp-json\/wp\/v2\/media?parent=28741"}],"wp:term":[{"taxonomy":"product_brand","embeddable":true,"href":"https:\/\/totalblue.ro\/de\/wp-json\/wp\/v2\/product_brand?post=28741"},{"taxonomy":"product_cat","embeddable":true,"href":"https:\/\/totalblue.ro\/de\/wp-json\/wp\/v2\/product_cat?post=28741"},{"taxonomy":"giftcard-category","embeddable":true,"href":"https:\/\/totalblue.ro\/de\/wp-json\/wp\/v2\/giftcard-category?post=28741"}],"curies":[{"name":"wp","href":"https:\/\/api.w.org\/{rel}","templated":true}]}}