{"id":28924,"date":"2021-04-21T11:11:26","date_gmt":"2021-04-21T08:11:26","guid":{"rendered":"https:\/\/totalblue.ro\/?post_type=product&#038;p=28924"},"modified":"2026-04-02T10:06:33","modified_gmt":"2026-04-02T07:06:33","slug":"heinz-sandwich-mediteraneean-crema-300-g","status":"publish","type":"product","link":"https:\/\/totalblue.ro\/de\/produs\/heinz-sandwich-mediteraneean-crema-300-g\/","title":{"rendered":"Heinz Mediterraner Sandwich-Brotaufstrich 300 g"},"content":{"rendered":"<p>Heinz Sandwich spread pikante groenten 300 g<br \/>\nHeinz Sandwich Mediterraner Rahm 300 g<br \/>\nProdus tartinabil. Contine peste 30% legume. Fara conservanti.<br \/>\n<strong>Inhaltsstoff:<\/strong> Legume 42% (morcov, varza alba, ceapa 7,0%, piper ro\u0219u 5,1%), ulei de rapita, pasta de rosii 11%, zahar, suc de portocale, otet, praf de zer (lapte), usturoi, amidon modificat, busuioc, chili piper, sare, arome (contin telina), extracte de plante \u0219i condimente (contin telina), acid (acid lactic), agenti de ingrosare (guma guar, guma xantan)<br \/>\n<strong>Allergene:<\/strong> contine lapte, telina.<br \/>\nNach dem \u00d6ffnen in den K\u00fchlschrank stellen.<br \/>\n<strong>N\u00e4hrwertangaben:<\/strong><br \/>\nEnergie 830 kJ \/ 200 kcal<br \/>\nGrasimi 14 g din care grasimi saturate 1 g<br \/>\nCarbohidrati 16 g din care zaharuri 15 g<br \/>\nBallaststoffe 1,2 g<br \/>\nProteine \u200b\u200b1,6 g<br \/>\nSalz 1,5 g<br \/>\nPr\u00e4sentation: Glasgef\u00e4\u00df mit Deckel.<br \/>\nFabricat in Olanda H.J. Heinz B.V.<br \/>\nAntwoordnummer 98057, 1000 VA Amsterdam<br \/>\nEinf\u00fchrer und H\u00e4ndler Total Blue Impex SRL<\/p>","protected":false},"excerpt":{"rendered":"<p>Heinz Sandwich spread pikante groenten 300 g<br \/>\nHeinz Sandwich Mediterraner Rahm 300 g<\/p>","protected":false},"featured_media":28925,"comment_status":"open","ping_status":"closed","template":"","meta":{"_acf_changed":false,"_seopress_robots_primary_cat":"1767","_seopress_titles_title":"Heinz Sandwich Mediteraneean crema tartinabila Olanda","_seopress_titles_desc":"Cauti Heinz Sandwich Mediteraneean crema tartinabila si produse olandeze ? le gasesti numai acum pe TotalBlue, magazin cu delicii olandeze, sosuri.","_seopress_robots_index":""},"product_brand":[1851],"product_cat":[1555,3280,3304,1767],"giftcard-category":[],"class_list":{"0":"post-28924","1":"product","2":"type-product","3":"status-publish","4":"has-post-thumbnail","6":"product_brand-heinz","7":"product_cat-bacanie","8":"product_cat-condimente-sosuri","9":"product_cat-mic-dejun-produse-olanda","10":"product_cat-produse-olanda","12":"first","13":"outofstock","14":"taxable","15":"shipping-taxable","16":"purchasable","17":"product-type-simple"},"acf":[],"_links":{"self":[{"href":"https:\/\/totalblue.ro\/de\/wp-json\/wp\/v2\/product\/28924","targetHints":{"allow":["GET"]}}],"collection":[{"href":"https:\/\/totalblue.ro\/de\/wp-json\/wp\/v2\/product"}],"about":[{"href":"https:\/\/totalblue.ro\/de\/wp-json\/wp\/v2\/types\/product"}],"replies":[{"embeddable":true,"href":"https:\/\/totalblue.ro\/de\/wp-json\/wp\/v2\/comments?post=28924"}],"wp:featuredmedia":[{"embeddable":true,"href":"https:\/\/totalblue.ro\/de\/wp-json\/wp\/v2\/media\/28925"}],"wp:attachment":[{"href":"https:\/\/totalblue.ro\/de\/wp-json\/wp\/v2\/media?parent=28924"}],"wp:term":[{"taxonomy":"product_brand","embeddable":true,"href":"https:\/\/totalblue.ro\/de\/wp-json\/wp\/v2\/product_brand?post=28924"},{"taxonomy":"product_cat","embeddable":true,"href":"https:\/\/totalblue.ro\/de\/wp-json\/wp\/v2\/product_cat?post=28924"},{"taxonomy":"giftcard-category","embeddable":true,"href":"https:\/\/totalblue.ro\/de\/wp-json\/wp\/v2\/giftcard-category?post=28924"}],"curies":[{"name":"wp","href":"https:\/\/api.w.org\/{rel}","templated":true}]}}