{"id":29009,"date":"2021-04-22T15:25:35","date_gmt":"2021-04-22T12:25:35","guid":{"rendered":"https:\/\/totalblue.ro\/?post_type=product&#038;p=29009"},"modified":"2026-04-14T10:03:55","modified_gmt":"2026-04-14T07:03:55","slug":"mora-bitterballen-crocante-pachet-50-bucati","status":"publish","type":"product","link":"https:\/\/totalblue.ro\/de\/produs\/mora-bitterballen-crocante-pachet-50-bucati\/","title":{"rendered":"Knusprige Brombeer-Bitterballen - Packung 50 St\u00fcck, Holl\u00e4ndische Fleischb\u00e4llchen"},"content":{"rendered":"<p>Mora Bitterballen 50 stuks<br \/>\nMora Bitterballen crocante &#8211; pachet 50 bucati<br \/>\nBitterbal de vita, gatite in prealabil, congelate.<br \/>\nContine 50 Bucati , 1 kg<br \/>\n1 Bucata Bitterballen de vita are aproximativ 20 grame. Pentru 1 portie se recomanda 5 bucati, aproximativ 100 grame.<br \/>\n<strong>Anweisungen f\u00fcr die Zubereitung: <\/strong>Nu dezghetati produsul din ambalaj.<br \/>\n<strong>&#8211; In friteuza<\/strong> ( uleiul trebuie sa aiba temperatura 175 \u00b0 C) maxim 4 minute. Se prajesc maxim 12 Bucati Bitterballen odata.<br \/>\nVa rugam s\u0103 retineti: nu depasiti timpul maxim de gatit \u0219i temperatura de coacere.<br \/>\n<strong>Lagerungsbedingungen<\/strong>: A se pastra la congelator la -18 \u00b0 C. Poate fi pastrat la frigider timp de 48 de ore de la congelator. Nu inghetati dup\u0103 dezghet!!! A se consuma inainte de &#8211; vezi data inscriptionata pe ambalaj.<br \/>\n<strong>Inhaltsstoff:<\/strong> apa, pesmet (faina de grau, faina integrala de grau, ulei de floarea-soarelui, drojdie, sare), agent de inalbire (apa, faina de grau, amidon de grau, sare), ulei de palmier, carne de vita 5% , hidrolizat de protein\u0103 soia, proteina de grau texturata, agenti de ingrosare: E464 \u0219i E466, sare, potentiator de aroma: E621, gelatina de vita, condimente, extract de vita, amidon de grau, proteine \u200b\u200bde vita, coloran\u021bi: caramel, emulgatori: E450 \u0219i E452, grasimi de palmier.<br \/>\nPoate con\u021bine urme de alune.<br \/>\nNumerele \u201eE\u201d sunt excipien\u021bi aproba\u021bi de UE.<br \/>\nAlergeni: Con\u021bine: grau, boabe care con\u021bin gluten, soia. Poate con\u021bine: arahide.<br \/>\n<strong>N\u00e4hrwertangaben\/100g:<br \/>\n<\/strong>Energie 832 kJ (199 kcal)<br \/>\nGrasime 10 g din care saturati 4,8 g<br \/>\nCarbohidrati 21 g din care zaharuri 3,7 g<br \/>\nFibre 2.6 g<br \/>\nProteine \u200b\u200b5,2 g<br \/>\nSalz 1,3 g<br \/>\nFabricat de Mora, Antwoordnummer 65013 5000 VH Tilburg, 0800-BELMORA\/0800-2356672<br \/>\nEinf\u00fchrer und H\u00e4ndler Total Blue Impex SRL<\/p>","protected":false},"excerpt":{"rendered":"<p><span data-text-color=\"alert\"><strong>WARNUNG! GEFRORENES PRODUKT! WARNUNG! GEFRORENES PRODUKT!<\/strong><\/span><\/p>","protected":false},"featured_media":29010,"comment_status":"open","ping_status":"closed","template":"","meta":{"_acf_changed":false,"_seopress_robots_primary_cat":"none","_seopress_titles_title":"Mora Bitterballen 50 bucati, chiftelute olandeze","_seopress_titles_desc":"Cauti chiftelute olandeze? Cumpara chiftelute Mora Bitterballen 50 bucati, chiftelute olandeze, produse olandeze, chiftelute gustoase.","_seopress_robots_index":""},"product_brand":[2024],"product_cat":[1555,3256,2050,1767,1954],"giftcard-category":[],"class_list":{"0":"post-29009","1":"product","2":"type-product","3":"status-publish","4":"has-post-thumbnail","6":"product_brand-mora","7":"product_cat-bacanie","8":"product_cat-produse-congelate-produse-olanda","9":"product_cat-produse-congelate","10":"product_cat-produse-olanda","11":"product_cat-semipreparate","12":"product_shipping_class-frozen-products","14":"first","15":"instock","16":"taxable","17":"shipping-taxable","18":"purchasable","19":"product-type-simple"},"acf":[],"_links":{"self":[{"href":"https:\/\/totalblue.ro\/de\/wp-json\/wp\/v2\/product\/29009","targetHints":{"allow":["GET"]}}],"collection":[{"href":"https:\/\/totalblue.ro\/de\/wp-json\/wp\/v2\/product"}],"about":[{"href":"https:\/\/totalblue.ro\/de\/wp-json\/wp\/v2\/types\/product"}],"replies":[{"embeddable":true,"href":"https:\/\/totalblue.ro\/de\/wp-json\/wp\/v2\/comments?post=29009"}],"wp:featuredmedia":[{"embeddable":true,"href":"https:\/\/totalblue.ro\/de\/wp-json\/wp\/v2\/media\/29010"}],"wp:attachment":[{"href":"https:\/\/totalblue.ro\/de\/wp-json\/wp\/v2\/media?parent=29009"}],"wp:term":[{"taxonomy":"product_brand","embeddable":true,"href":"https:\/\/totalblue.ro\/de\/wp-json\/wp\/v2\/product_brand?post=29009"},{"taxonomy":"product_cat","embeddable":true,"href":"https:\/\/totalblue.ro\/de\/wp-json\/wp\/v2\/product_cat?post=29009"},{"taxonomy":"giftcard-category","embeddable":true,"href":"https:\/\/totalblue.ro\/de\/wp-json\/wp\/v2\/giftcard-category?post=29009"}],"curies":[{"name":"wp","href":"https:\/\/api.w.org\/{rel}","templated":true}]}}