{"id":29292,"date":"2021-04-27T12:43:49","date_gmt":"2021-04-27T09:43:49","guid":{"rendered":"https:\/\/totalblue.ro\/?post_type=product&#038;p=29292"},"modified":"2025-10-27T10:48:55","modified_gmt":"2025-10-27T08:48:55","slug":"mora-oven-frikandel-4-x-70-g","status":"publish","type":"product","link":"https:\/\/totalblue.ro\/de\/produs\/mora-oven-frikandel-4-x-70-g\/","title":{"rendered":"Mora Oven frikandel 4 x 70 g"},"content":{"rendered":"<p>Mora Oven frikandel 4 x 70 g<\/p>\n<p><strong>Anweisungen f\u00fcr die Zubereitung:<br \/>\n<\/strong>Tava de copt 9 min.<br \/>\nCongelat: 9 minute.<br \/>\nDecongelat: 5 minute.<br \/>\nO pic\u0103tur\u0103 de ulei \u00een tigaie, se \u00eenc\u0103lze\u0219te mediu \u0219i se \u00eentoarce produsul \u00een mod regulat.<br \/>\nGratar 14 min.<br \/>\nCongelat: 14 minute.<br \/>\nDecongelat: 10 minute.<br \/>\n\u00centorc\u00e2ndu-se regulat.<br \/>\nPr\u0103jire 175 \u00b0 C | 4 min.<br \/>\nCongelat: 4 minute<br \/>\nDecongelat: 2 minute.<br \/>\nDe preferat se pr\u0103je\u0219te \u00een ulei.<br \/>\nTimpii men\u021biona\u021bi sunt medii. De aceea v\u0103 sf\u0103tuim s\u0103 \u00eencerca\u021bi timpul exact de preg\u0103tire.<br \/>\n<strong>Lagerungsbedingungen<\/strong>: Nu dezgheta\u021bi produsul din ambalaj.<br \/>\nNu inghetati dup\u0103 decongelare.<br \/>\nA se pastra la congelator la -18 \u00b0 C. Poate fi pastrat la frigider timp de 48 de ore de la congelator. Nu inghetati dup\u0103 dezghet!!! A se consuma inainte de \u2013 vezi data inscriptionata pe ambalaj.<\/p>\n<p>Fabricat de Mora, Antwoordnummer 65013 5000 VH Tilburg, 0800-BELMORA\/0800-2356672<br \/>\nEinf\u00fchrer und H\u00e4ndler Total Blue Impex SRL<\/p>","protected":false},"excerpt":{"rendered":"<p><span data-text-color=\"alert\"><strong>WARNUNG! GEFRORENES PRODUKT! WARNUNG! GEFRORENES PRODUKT!<\/strong><\/span><\/p>\n<p>&nbsp;<\/p>","protected":false},"featured_media":241518,"comment_status":"open","ping_status":"closed","template":"","meta":{"_acf_changed":false,"_seopress_robots_primary_cat":"none","_seopress_titles_title":"","_seopress_titles_desc":"","_seopress_robots_index":""},"product_brand":[2024],"product_cat":[1555,3256,2050,1767,1954],"giftcard-category":[],"class_list":{"0":"post-29292","1":"product","2":"type-product","3":"status-publish","4":"has-post-thumbnail","6":"product_brand-mora","7":"product_cat-bacanie","8":"product_cat-produse-congelate-produse-olanda","9":"product_cat-produse-congelate","10":"product_cat-produse-olanda","11":"product_cat-semipreparate","12":"product_shipping_class-frozen-products","14":"first","15":"outofstock","16":"taxable","17":"shipping-taxable","18":"purchasable","19":"product-type-simple"},"acf":[],"_links":{"self":[{"href":"https:\/\/totalblue.ro\/de\/wp-json\/wp\/v2\/product\/29292","targetHints":{"allow":["GET"]}}],"collection":[{"href":"https:\/\/totalblue.ro\/de\/wp-json\/wp\/v2\/product"}],"about":[{"href":"https:\/\/totalblue.ro\/de\/wp-json\/wp\/v2\/types\/product"}],"replies":[{"embeddable":true,"href":"https:\/\/totalblue.ro\/de\/wp-json\/wp\/v2\/comments?post=29292"}],"wp:featuredmedia":[{"embeddable":true,"href":"https:\/\/totalblue.ro\/de\/wp-json\/wp\/v2\/media\/241518"}],"wp:attachment":[{"href":"https:\/\/totalblue.ro\/de\/wp-json\/wp\/v2\/media?parent=29292"}],"wp:term":[{"taxonomy":"product_brand","embeddable":true,"href":"https:\/\/totalblue.ro\/de\/wp-json\/wp\/v2\/product_brand?post=29292"},{"taxonomy":"product_cat","embeddable":true,"href":"https:\/\/totalblue.ro\/de\/wp-json\/wp\/v2\/product_cat?post=29292"},{"taxonomy":"giftcard-category","embeddable":true,"href":"https:\/\/totalblue.ro\/de\/wp-json\/wp\/v2\/giftcard-category?post=29292"}],"curies":[{"name":"wp","href":"https:\/\/api.w.org\/{rel}","templated":true}]}}