{"id":29321,"date":"2021-04-28T15:23:50","date_gmt":"2021-04-28T12:23:50","guid":{"rendered":"https:\/\/totalblue.ro\/?post_type=product&#038;p=29321"},"modified":"2026-02-20T20:32:41","modified_gmt":"2026-02-20T18:32:41","slug":"pui-sate-in-sos-usor-de-arahide-160g","status":"publish","type":"product","link":"https:\/\/totalblue.ro\/de\/produs\/pui-sate-in-sos-usor-de-arahide-160g\/","title":{"rendered":"H\u00e4hnchen-Sate in leichter Erdnuss-Sauce 160g"},"content":{"rendered":"<p>Mora Kipsat\u00e9 milde pindasaus 160 g<br \/>\nPui-Sate in sos usor de arahide, congelat 160g<br \/>\nUn delicios Pui-Sate intr-un sos de arahide. Preparat cu file de pui 100%. Fara coloranti, arome artificiale, fara aditivi artificiali.<br \/>\nUn gust intotdeauna familiar si delicios!<br \/>\nFoarte gustos cu cartofi prajiti, orez sau paine.<br \/>\nU\u0219or \u0219i rapid de preparat la cuptorul cu microunde sau la bain-marie<br \/>\n<strong>Anweisungen f\u00fcr die Zubereitung: <\/strong><br \/>\n<strong>&#8211; cuptorul cu microunde:<\/strong> gauriti in mai multe locuri cu o scobitoare folia. Inc\u0103lzi\u021bi produsul timp de aproximativ 4 minute la o putere de 500 W. (timpul poate diferi \u00een func\u021bie de cuptorul cu microunde). Se amestec\u0103 imediat dup\u0103 inc\u0103lzire.<br \/>\n<strong>&#8211; bain marie (tigaie):<\/strong> pune\u021bi ambalajul inchis in apa fierbinte (care nu fierbe) timp de 24 de minute. Se amestec\u0103 inainte de consum.<br \/>\n<strong>&#8211; tigaie:<\/strong> pune\u021bi continutul recipientului in tigaie: inc\u0103lziti cu aproximativ 4 linguri de apa timp de aproximativ 7 minute la foc mediu. Se amesteca regulat. Tava nu este potrivit\u0103 pentru un cuptor (aer cald) sau un gratar.<br \/>\n<strong>Lagerungsbedingungen<\/strong>: A se pastra la congelator la -18 \u00b0 C. Nu inghetati dup\u0103 dezghet.<br \/>\n<strong>Inhaltsstoff: <\/strong>Apa, carne de pui 28% (file de pui), branza de arahide (arahide, ulei de arahide), zahar, sos de soia (apa, melasa, zahar, sare, amidon de porumb modificat, sos soy (ap\u0103, fasole soy, grau, sare, otet ), praf de zer (con\u021bine lapte), ceapa, ulei vegetal (nap), concentrat de proteine \u200b\u200bsoy, sare, faina de grau, amidon de porumb modificat, usturoi, sos soy (apa, fasole SOY, grau, sare), maltodextrina, mix satay (sare, mirodenii con\u021bine grau, dextroza, amidon din grau, pulbere de ceapa, proteina soia hidrolizat\u0103), suc de lamaie, emulgatori: E450, E451 \u0219i E452, aroma naturala, sambal (ardei rosu, sare), ierburi \u0219i condimente, amidon din cartofi , colorant: extract de boia, extract de condimente, zahar caramelizat. Poate con\u021bine urme de EI.<br \/>\nNumerele \u201eE\u201d sunt excipien\u021bi aproba\u021bi de UE. 36% Compozi\u021bie de carne (compus\u0103 din bucati de carne) \/ 64% sos de arahide.<br \/>\n<strong>Allergene<\/strong>: Con\u021bine: Arahide, soia, grau, cereale care con\u021bin gluten, lapte<br \/>\nPoate contine: Oua<br \/>\n<strong>N\u00e4hrwertangaben\/100g:<br \/>\n<\/strong>Energie 717 kJ (171 kcal)<br \/>\nGrasimi 8,2 g din care saturati 1,4 g<br \/>\nCarbohidrati 10 g din care zaharuri 9,3 g<br \/>\nEiwei\u00df 14 g<br \/>\nSalz 1,3 g<strong><br \/>\n<\/strong><br \/>\nFabricat de Mora, Antwoordnummer 65013 5000 VH Tilburg, 0800-BELMORA\/0800-2356672<br \/>\nEinf\u00fchrer und H\u00e4ndler Total Blue Impex SRL<\/p>","protected":false},"excerpt":{"rendered":"<p><span style=\"color: #ff0000\"><strong><span data-text-color=\"alert\">WARNUNG! GEFRORENES PRODUKT! WARNUNG! GEFRORENES PRODUKT!<\/span><\/strong><\/span><\/p>","protected":false},"featured_media":29322,"comment_status":"open","ping_status":"closed","template":"","meta":{"_acf_changed":false,"_seopress_robots_primary_cat":"none","_seopress_titles_title":"","_seopress_titles_desc":"","_seopress_robots_index":""},"product_brand":[2024],"product_cat":[1555,2050,3256,1767,1954],"giftcard-category":[],"class_list":{"0":"post-29321","1":"product","2":"type-product","3":"status-publish","4":"has-post-thumbnail","6":"product_brand-mora","7":"product_cat-bacanie","8":"product_cat-produse-congelate","9":"product_cat-produse-congelate-produse-olanda","10":"product_cat-produse-olanda","11":"product_cat-semipreparate","12":"product_shipping_class-frozen-products","14":"first","15":"outofstock","16":"taxable","17":"shipping-taxable","18":"purchasable","19":"product-type-simple"},"acf":[],"_links":{"self":[{"href":"https:\/\/totalblue.ro\/de\/wp-json\/wp\/v2\/product\/29321","targetHints":{"allow":["GET"]}}],"collection":[{"href":"https:\/\/totalblue.ro\/de\/wp-json\/wp\/v2\/product"}],"about":[{"href":"https:\/\/totalblue.ro\/de\/wp-json\/wp\/v2\/types\/product"}],"replies":[{"embeddable":true,"href":"https:\/\/totalblue.ro\/de\/wp-json\/wp\/v2\/comments?post=29321"}],"wp:featuredmedia":[{"embeddable":true,"href":"https:\/\/totalblue.ro\/de\/wp-json\/wp\/v2\/media\/29322"}],"wp:attachment":[{"href":"https:\/\/totalblue.ro\/de\/wp-json\/wp\/v2\/media?parent=29321"}],"wp:term":[{"taxonomy":"product_brand","embeddable":true,"href":"https:\/\/totalblue.ro\/de\/wp-json\/wp\/v2\/product_brand?post=29321"},{"taxonomy":"product_cat","embeddable":true,"href":"https:\/\/totalblue.ro\/de\/wp-json\/wp\/v2\/product_cat?post=29321"},{"taxonomy":"giftcard-category","embeddable":true,"href":"https:\/\/totalblue.ro\/de\/wp-json\/wp\/v2\/giftcard-category?post=29321"}],"curies":[{"name":"wp","href":"https:\/\/api.w.org\/{rel}","templated":true}]}}