{"id":29460,"date":"2021-05-06T13:54:26","date_gmt":"2021-05-06T10:54:26","guid":{"rendered":"https:\/\/totalblue.ro\/?post_type=product&#038;p=29460"},"modified":"2025-08-05T10:49:49","modified_gmt":"2025-08-05T07:49:49","slug":"kuhne-amerikanisches-joghurtdressing-mit-fruchtigem-tomatenjoghurt-und-grunzeug-500ml","status":"publish","type":"product","link":"https:\/\/totalblue.ro\/de\/produs\/dressing-american-cu-iaurt-rosii-fructate-si-verdeata-kuhne-500ml\/","title":{"rendered":"Kuhne American Dressing mit Joghurt, fruchtigen Tomaten und Gr\u00fcnzeug 500ml"},"content":{"rendered":"<p><strong>Kuhne American Dressing mit Joghurt, fruchtigen Tomaten und Gr\u00fcnzeug 500ml<br \/>\nIngredienzien:<\/strong> Wasser, Magermilchjoghurt, Glukose-Fruktose-Sirup, Raps\u00f6l, Branntweinessig, Tomatenmark (3,5%), Zucker, Zwiebel, Molkenerzeugnisse, Salz, Kr\u00e4uter, Zitronensaftkonzentrat, Senfk\u00f6rner, Guarkernmehl, Xanthan, Pektine und Agar Agar, modifizierte St\u00e4rke, Gew\u00fcrze, nat\u00fcrliches Aroma<br \/>\n<strong>Allergene:<\/strong> Magermilchjoghurt, Molkenerzeugnisse, Senfk\u00f6rner<br \/>\nOhne Konservierungsstoffe.<br \/>\nKeine Farbstoffe<br \/>\nKeine Geschmacksverst\u00e4rker<br \/>\n<strong>Gebrauchsanweisung:<\/strong> Sch\u00fctteln Sie die Flasche vor dem Verzehr<br \/>\n<strong>N\u00e4hrwertangaben \/ 100 ml:<br \/>\n<\/strong>Energie: 444 kJ \/ 106 kcal<br \/>\nFett: 5,2 g<br \/>\ndavon ges\u00e4ttigte Fetts\u00e4uren 0,4 g<br \/>\nKohlenhydrate: 12 g<br \/>\ndavon Zucker 9 g<br \/>\nBallaststoffe: 0,4 g<br \/>\nEiwei\u00df: 2,1 g<br \/>\nSalz: 1,7 g<\/p>\n<p>Verpackung: Flasche mit Verschluss<br \/>\nHergestellt in Deutschland von Carl Kuhne , D-22761 Hamburg<br \/>\nEinf\u00fchrer und H\u00e4ndler Total Blue Impex SRL<\/p>","protected":false},"excerpt":{"rendered":"<p>Kuhne American Dressing mit Joghurt, fruchtigen Tomaten und Gr\u00fcnzeug 500ml<\/p>","protected":false},"featured_media":35330,"comment_status":"open","ping_status":"closed","template":"","meta":{"_acf_changed":false,"_seopress_robots_primary_cat":"none","_seopress_titles_title":"","_seopress_titles_desc":"","_seopress_robots_index":""},"product_brand":[2002],"product_cat":[1555,3380,3280,1950,1767],"giftcard-category":[],"class_list":{"0":"post-29460","1":"product","2":"type-product","3":"status-publish","4":"has-post-thumbnail","6":"product_brand-kuhne","7":"product_cat-bacanie","8":"product_cat-condimente-sosuri-produse-germania","9":"product_cat-condimente-sosuri","10":"product_cat-produse-germania","11":"product_cat-produse-olanda","13":"first","14":"outofstock","15":"taxable","16":"shipping-taxable","17":"purchasable","18":"product-type-simple"},"acf":[],"_links":{"self":[{"href":"https:\/\/totalblue.ro\/de\/wp-json\/wp\/v2\/product\/29460","targetHints":{"allow":["GET"]}}],"collection":[{"href":"https:\/\/totalblue.ro\/de\/wp-json\/wp\/v2\/product"}],"about":[{"href":"https:\/\/totalblue.ro\/de\/wp-json\/wp\/v2\/types\/product"}],"replies":[{"embeddable":true,"href":"https:\/\/totalblue.ro\/de\/wp-json\/wp\/v2\/comments?post=29460"}],"wp:featuredmedia":[{"embeddable":true,"href":"https:\/\/totalblue.ro\/de\/wp-json\/wp\/v2\/media\/35330"}],"wp:attachment":[{"href":"https:\/\/totalblue.ro\/de\/wp-json\/wp\/v2\/media?parent=29460"}],"wp:term":[{"taxonomy":"product_brand","embeddable":true,"href":"https:\/\/totalblue.ro\/de\/wp-json\/wp\/v2\/product_brand?post=29460"},{"taxonomy":"product_cat","embeddable":true,"href":"https:\/\/totalblue.ro\/de\/wp-json\/wp\/v2\/product_cat?post=29460"},{"taxonomy":"giftcard-category","embeddable":true,"href":"https:\/\/totalblue.ro\/de\/wp-json\/wp\/v2\/giftcard-category?post=29460"}],"curies":[{"name":"wp","href":"https:\/\/api.w.org\/{rel}","templated":true}]}}