{"id":29722,"date":"2021-05-10T14:07:31","date_gmt":"2021-05-10T11:07:31","guid":{"rendered":"https:\/\/totalblue.ro\/?post_type=product&#038;p=29722"},"modified":"2025-08-05T10:49:43","modified_gmt":"2025-08-05T07:49:43","slug":"gebackene-paprika-ohne-ol-370-ml-kuhne","status":"publish","type":"product","link":"https:\/\/totalblue.ro\/de\/produs\/ardei-copti-fara-ulei-370-ml-kuhne\/","title":{"rendered":"Gebackene Paprika ohne \u00d6l 370 ml, Kuhne"},"content":{"rendered":"<p>\u00d6lfrei - Geschmacksrichtung 100%. Gebackener Paprika ohne Schale, mit mildem Rauchgeschmack, eingelegt in einem s\u00fc\u00df-sauren Aufguss.<br \/>\nDiese gebackenen Paprikaschoten sind eine ideale Beilage. Gebackene Paprikaschoten sind auch ideal f\u00fcr die ganze Familie!<br \/>\nKernlose ger\u00f6stete Paprikaschoten - man kann sie auch f\u00fcr einen k\u00f6stlichen Salat verwenden. Nach Geschmack Salz und \u00d6l hinzuf\u00fcgen!<br \/>\n<strong>Inhaltsstoff:<\/strong> Gebackene Paprika, Branntweinessig, Zucker, Knoblauch, Salz<br \/>\n\u00d6lfrei<br \/>\nOhne Konservierungsstoffe<br \/>\nKeine Farbstoffe<br \/>\nGlutenfrei<br \/>\nLaktosefrei<br \/>\nVegetarisches Produkt<br \/>\nAllergenfrei<br \/>\nVerpackung: Glasgef\u00e4\u00df mit Deckel<br \/>\n<strong>N\u00e4hrwertangaben:<\/strong><br \/>\nEnergie: 154 kJ \/ 36 kcal<br \/>\nFett: 0,2 g<br \/>\ndavon ges\u00e4ttigte Fetts\u00e4uren &lt;0,1 g<br \/>\nKohlenhydrate: 6 g<br \/>\ndavon Zucker 5,5 g<br \/>\nBallaststoffe: 2,1 g<br \/>\nEiwei\u00df: 1 g<br \/>\nSalz: 1,1 g<br \/>\n<strong>Empfohlene Zubereitung:<\/strong> Unsere eingelegten Paprikaschoten sind nicht nur eine k\u00f6stliche Beilage, sie passen auch perfekt zu Sandwiches. Haben Sie schon einmal eine Suppe aus Tomaten und ger\u00f6steten Paprika probiert? Daf\u00fcr backen Sie zun\u00e4chst die Tomaten etwa 20 Minuten im Ofen und ziehen die Haut ab. Braten Sie die Zwiebeln und die ger\u00f6steten Paprikaschoten in einem Topf an, bis die Zwiebeln glasig sind. Dann das Gem\u00fcse 15 Minuten kochen, mit dem P\u00fcrierstab fein p\u00fcrieren und mit Sahne verfeinern. Ein frisches Knoblauchbrot schmeckt besonders lecker und mediterran!<\/p>\n<p>K\u00fchneh\u00f6fe 11 D-22761 Hamburg Deutschland<br \/>\nEinf\u00fchrer und H\u00e4ndler Total Blue Impex SRL<br \/>\n<a href=\"https:\/\/totalblue.ro\/wp-content\/uploads\/2021\/02\/vegetarian.jpeg\"><img loading=\"lazy\" decoding=\"async\" class=\"alignnone wp-image-27413\" src=\"https:\/\/totalblue.ro\/wp-content\/uploads\/2021\/02\/vegetarian.jpeg\" alt=\"\" width=\"81\" height=\"81\" srcset=\"https:\/\/totalblue.ro\/wp-content\/uploads\/2021\/02\/vegetarian.jpeg 225w, https:\/\/totalblue.ro\/wp-content\/uploads\/2021\/02\/vegetarian-100x100.jpeg 100w\" sizes=\"auto, (max-width: 81px) 100vw, 81px\" \/><\/a><\/p>","protected":false},"excerpt":{"rendered":"<p>Gebackene Paprika ohne \u00d6l 370 ml, Kuhne<\/p>","protected":false},"featured_media":29723,"comment_status":"open","ping_status":"closed","template":"","meta":{"_acf_changed":false,"_seopress_robots_primary_cat":"1950","_seopress_titles_title":"","_seopress_titles_desc":"","_seopress_robots_index":""},"product_brand":[2002],"product_cat":[1555,1683,3272,3372,1950,1767],"giftcard-category":[],"class_list":{"0":"post-29722","1":"product","2":"type-product","3":"status-publish","4":"has-post-thumbnail","6":"product_brand-kuhne","7":"product_cat-bacanie","8":"product_cat-conserve-mancare-gatita","9":"product_cat-conserve","10":"product_cat-conserve-produse-germania","11":"product_cat-produse-germania","12":"product_cat-produse-olanda","14":"first","15":"outofstock","16":"taxable","17":"shipping-taxable","18":"purchasable","19":"product-type-simple"},"acf":[],"_links":{"self":[{"href":"https:\/\/totalblue.ro\/de\/wp-json\/wp\/v2\/product\/29722","targetHints":{"allow":["GET"]}}],"collection":[{"href":"https:\/\/totalblue.ro\/de\/wp-json\/wp\/v2\/product"}],"about":[{"href":"https:\/\/totalblue.ro\/de\/wp-json\/wp\/v2\/types\/product"}],"replies":[{"embeddable":true,"href":"https:\/\/totalblue.ro\/de\/wp-json\/wp\/v2\/comments?post=29722"}],"wp:featuredmedia":[{"embeddable":true,"href":"https:\/\/totalblue.ro\/de\/wp-json\/wp\/v2\/media\/29723"}],"wp:attachment":[{"href":"https:\/\/totalblue.ro\/de\/wp-json\/wp\/v2\/media?parent=29722"}],"wp:term":[{"taxonomy":"product_brand","embeddable":true,"href":"https:\/\/totalblue.ro\/de\/wp-json\/wp\/v2\/product_brand?post=29722"},{"taxonomy":"product_cat","embeddable":true,"href":"https:\/\/totalblue.ro\/de\/wp-json\/wp\/v2\/product_cat?post=29722"},{"taxonomy":"giftcard-category","embeddable":true,"href":"https:\/\/totalblue.ro\/de\/wp-json\/wp\/v2\/giftcard-category?post=29722"}],"curies":[{"name":"wp","href":"https:\/\/api.w.org\/{rel}","templated":true}]}}