{"id":29731,"date":"2021-05-10T15:15:40","date_gmt":"2021-05-10T12:15:40","guid":{"rendered":"https:\/\/totalblue.ro\/?post_type=product&#038;p=29731"},"modified":"2023-02-03T15:05:02","modified_gmt":"2023-02-03T13:05:02","slug":"castraveti-felii-in-stil-danez-370-ml-kuhne","status":"publish","type":"product","link":"https:\/\/totalblue.ro\/de\/produs\/castraveti-felii-in-stil-danez-370-ml-kuhne\/","title":{"rendered":"Castraveti felii in stil danez 370 ml, Kuhne"},"content":{"rendered":"<p>Salata noastra de castraveti danezi &#8211; felii de castravete picant-dulci tipice t\u0103rii cu o delicioasa nota de marar. Feliile fine se potrivesc \u00een mod ideal cu hot dog \u0219i hamburgeri.<br \/>\nCum se face de fapt salata perfecta de castraveti?<br \/>\nCastravetii sunt aproximativ 97% apa. Pentru ca acesti castraveti sa capete gustul sosului de salata, o parte din apa trebuie indepartata din el. Si este jocul copiilor: amestecati pur \u0219i simplu feliile de castravete tocate marunt sau taiate felii cu o lingurita de sare \u00eentr-un castron adanc. Dupa aproximativ o or\u0103 de odihna, castravetele este stors cu mana. Apoi puneti intr-un castron curat \u0219i amesteca\u021bi cu dressingul dorit. Salata proaspata de castraveti are un gust deosebit de delicios dup\u0103 o scurta odihna la frigider.<br \/>\nAti \u00eencercat vreodat\u0103 salata de castraveti cu un sos cremos de marar? Puteti folosi fie smantana dulce, fie acra, \u00een functie de preferinte. Sau po\u021bi avea un iaurt cu continut scazut de grasimi. Pur \u0219i simplu condimenta\u021bi acest lucru cu marar, piper \u0219i sare, precum \u0219i un varf de zahar \u0219i amestecati cu castravetele proaspat. Este minunat de usor, economiseste calorii \u0219i are un gust deosebit de delicios cu snitel sau file de pe\u0219te.<br \/>\nPoft\u0103 buna!<br \/>\n<strong>Inhaltsstoff:<\/strong> Castravete felii, otet de coniac, sirop de glucoza-fructoza, zahar, sare, aroma naturala pe baza de plante<br \/>\nVegetarisches Produkt<br \/>\nOhne Konservierungsstoffe<br \/>\nKeine Farbstoffe<br \/>\nGlutenfrei<br \/>\nLaktosefrei<br \/>\nVerpackung: Glasgef\u00e4\u00df mit Deckel<br \/>\n<strong>N\u00e4hrwertangaben:<\/strong><br \/>\nEnergie: 311 kJ \/ 73 kcal<br \/>\nGrasime: 0,1 g<br \/>\ndavon ges\u00e4ttigte Fetts\u00e4uren &lt;0,1 g<br \/>\nCarbohidrati: 17 g<br \/>\ndin care zahar 16 g<br \/>\nFibre alimentare: 0,6 g<br \/>\nProteine: 0,6 g<br \/>\nSare: 0,6 g<br \/>\n<a href=\"https:\/\/totalblue.ro\/wp-content\/uploads\/2021\/02\/vegetarian.jpeg\"><img loading=\"lazy\" decoding=\"async\" class=\"alignnone wp-image-27413\" src=\"https:\/\/totalblue.ro\/wp-content\/uploads\/2021\/02\/vegetarian.jpeg\" alt=\"\" width=\"149\" height=\"149\" srcset=\"https:\/\/totalblue.ro\/wp-content\/uploads\/2021\/02\/vegetarian.jpeg 225w, https:\/\/totalblue.ro\/wp-content\/uploads\/2021\/02\/vegetarian-100x100.jpeg 100w\" sizes=\"auto, (max-width: 149px) 100vw, 149px\" \/><\/a><\/p>\n<p>&nbsp;<\/p>","protected":false},"excerpt":{"rendered":"<p>Castraveti felii in stil danez 370 ml, Kuhne<\/p>","protected":false},"featured_media":29732,"comment_status":"open","ping_status":"closed","template":"","meta":{"_acf_changed":false,"_seopress_robots_primary_cat":"1950","_seopress_titles_title":"","_seopress_titles_desc":"","_seopress_robots_index":""},"product_brand":[2002],"product_cat":[1555,1683,3372,3272,1950,1767],"giftcard-category":[],"class_list":{"0":"post-29731","1":"product","2":"type-product","3":"status-publish","4":"has-post-thumbnail","6":"product_brand-kuhne","7":"product_cat-bacanie","8":"product_cat-conserve-mancare-gatita","9":"product_cat-conserve-produse-germania","10":"product_cat-conserve","11":"product_cat-produse-germania","12":"product_cat-produse-olanda","14":"first","15":"outofstock","16":"taxable","17":"shipping-taxable","18":"purchasable","19":"product-type-simple"},"acf":[],"_links":{"self":[{"href":"https:\/\/totalblue.ro\/de\/wp-json\/wp\/v2\/product\/29731","targetHints":{"allow":["GET"]}}],"collection":[{"href":"https:\/\/totalblue.ro\/de\/wp-json\/wp\/v2\/product"}],"about":[{"href":"https:\/\/totalblue.ro\/de\/wp-json\/wp\/v2\/types\/product"}],"replies":[{"embeddable":true,"href":"https:\/\/totalblue.ro\/de\/wp-json\/wp\/v2\/comments?post=29731"}],"wp:featuredmedia":[{"embeddable":true,"href":"https:\/\/totalblue.ro\/de\/wp-json\/wp\/v2\/media\/29732"}],"wp:attachment":[{"href":"https:\/\/totalblue.ro\/de\/wp-json\/wp\/v2\/media?parent=29731"}],"wp:term":[{"taxonomy":"product_brand","embeddable":true,"href":"https:\/\/totalblue.ro\/de\/wp-json\/wp\/v2\/product_brand?post=29731"},{"taxonomy":"product_cat","embeddable":true,"href":"https:\/\/totalblue.ro\/de\/wp-json\/wp\/v2\/product_cat?post=29731"},{"taxonomy":"giftcard-category","embeddable":true,"href":"https:\/\/totalblue.ro\/de\/wp-json\/wp\/v2\/giftcard-category?post=29731"}],"curies":[{"name":"wp","href":"https:\/\/api.w.org\/{rel}","templated":true}]}}