{"id":29871,"date":"2021-05-13T10:55:23","date_gmt":"2021-05-13T07:55:23","guid":{"rendered":"https:\/\/totalblue.ro\/?post_type=product&#038;p=29871"},"modified":"2024-10-29T14:12:49","modified_gmt":"2024-10-29T12:12:49","slug":"knorr-condimente-cu-verdeturi-italiene-60-g","status":"publish","type":"product","link":"https:\/\/totalblue.ro\/de\/produs\/knorr-condimente-cu-verdeturi-italiene-60-g\/","title":{"rendered":"Knorr condimente cu verdeturi italiene 60 g"},"content":{"rendered":"<p>Knorr Kr\u00e4uterlinge W\u00fcrzkomposition Italienische Kr\u00e4uter zum Streuen 60 g<br \/>\nKnorr condimente cu verdeturi italiene 60 g<br \/>\nIerburi italiene de la Knorr &#8211; un amestec de condimente simplu \u0219i delicios pentru rafinarea felurilor de mancare, de exemplu pizza, paste sau salata.<br \/>\nCondimentati \u0219i rafinati fiecare fel de mancare intr-un mod sofisticat \u0219i economisind timp.<br \/>\nAceste condimente sunt ideale \u0219i pentru mancaruri vegetariene \u0219i vegane<br \/>\n<strong>Inhaltsstoff:<\/strong>sare de masa, zahar, intensificator de arom\u0103 (glutamat monosodic, inozinat disodic, guanilat disodic), 14% ierburi (6% oregano, patrunjel, 3% busuioc, frunze de dafin, 1% rozmarin), grasime de palmier, ulei de porumb, ceapa prajita , extract de drojdie, extract de telina, pudra de nucsoara (busuioc, oregano), extracte de condimente (cuisoare, piper), extract de ceapa. Poate con\u021bine urme de gluten, lapte, ou \u0219i mustar.<br \/>\nKeine Farbstoffe<br \/>\nOhne Konservierungsstoffe<br \/>\nVegetarisches Produkt<br \/>\n<strong>Allergene : <\/strong>contine telina<br \/>\nDisponibil in solnita practica, resigilabila, cu capac<br \/>\n<strong>N\u00e4hrwertangaben \/ 100g:<\/strong><br \/>\nEnergie: 968 kJ \/ 232 kcal<br \/>\nGrasime: 7.4 g din care acizi gra\u0219i saturati 2.8 g<br \/>\nCarbohidrati: 23 g din care zahar 19 g<br \/>\nFibre alimentare: 5.8 g<br \/>\nProteine: 16 g<br \/>\nSare: 44.6 g<br \/>\nProducator Unilever Germany<br \/>\n<a href=\"https:\/\/totalblue.ro\/wp-content\/uploads\/2021\/02\/vegetarian.jpeg\"><img loading=\"lazy\" decoding=\"async\" class=\"alignnone wp-image-27413\" src=\"https:\/\/totalblue.ro\/wp-content\/uploads\/2021\/02\/vegetarian.jpeg\" alt=\"\" width=\"107\" height=\"107\" srcset=\"https:\/\/totalblue.ro\/wp-content\/uploads\/2021\/02\/vegetarian.jpeg 225w, https:\/\/totalblue.ro\/wp-content\/uploads\/2021\/02\/vegetarian-100x100.jpeg 100w\" sizes=\"auto, (max-width: 107px) 100vw, 107px\" \/><\/a><\/p>","protected":false},"excerpt":{"rendered":"<p>Knorr Kr\u00e4uterlinge W\u00fcrzkomposition Italienische Kr\u00e4uter zum Streuen 60 g<br \/>\nKnorr condimente cu verdeturi italiene 60 g<\/p>","protected":false},"featured_media":29876,"comment_status":"open","ping_status":"closed","template":"","meta":{"_acf_changed":false,"_seopress_robots_primary_cat":"1451","_seopress_titles_title":"","_seopress_titles_desc":"","_seopress_robots_index":""},"product_brand":[1870],"product_cat":[1555,1451,3280,3380,1950,1767],"giftcard-category":[],"class_list":{"0":"post-29871","1":"product","2":"type-product","3":"status-publish","4":"has-post-thumbnail","6":"product_brand-knorr","7":"product_cat-bacanie","8":"product_cat-condimente-produse-instant","9":"product_cat-condimente-sosuri","10":"product_cat-condimente-sosuri-produse-germania","11":"product_cat-produse-germania","12":"product_cat-produse-olanda","14":"first","15":"outofstock","16":"taxable","17":"shipping-taxable","18":"purchasable","19":"product-type-simple"},"acf":[],"_links":{"self":[{"href":"https:\/\/totalblue.ro\/de\/wp-json\/wp\/v2\/product\/29871","targetHints":{"allow":["GET"]}}],"collection":[{"href":"https:\/\/totalblue.ro\/de\/wp-json\/wp\/v2\/product"}],"about":[{"href":"https:\/\/totalblue.ro\/de\/wp-json\/wp\/v2\/types\/product"}],"replies":[{"embeddable":true,"href":"https:\/\/totalblue.ro\/de\/wp-json\/wp\/v2\/comments?post=29871"}],"wp:featuredmedia":[{"embeddable":true,"href":"https:\/\/totalblue.ro\/de\/wp-json\/wp\/v2\/media\/29876"}],"wp:attachment":[{"href":"https:\/\/totalblue.ro\/de\/wp-json\/wp\/v2\/media?parent=29871"}],"wp:term":[{"taxonomy":"product_brand","embeddable":true,"href":"https:\/\/totalblue.ro\/de\/wp-json\/wp\/v2\/product_brand?post=29871"},{"taxonomy":"product_cat","embeddable":true,"href":"https:\/\/totalblue.ro\/de\/wp-json\/wp\/v2\/product_cat?post=29871"},{"taxonomy":"giftcard-category","embeddable":true,"href":"https:\/\/totalblue.ro\/de\/wp-json\/wp\/v2\/giftcard-category?post=29871"}],"curies":[{"name":"wp","href":"https:\/\/api.w.org\/{rel}","templated":true}]}}