{"id":29899,"date":"2021-05-13T16:59:19","date_gmt":"2021-05-13T13:59:19","guid":{"rendered":"https:\/\/totalblue.ro\/?post_type=product&#038;p=29899"},"modified":"2025-08-07T14:18:37","modified_gmt":"2025-08-07T11:18:37","slug":"talbe-brotchen-6-stuck-sinnack-300-g","status":"publish","type":"product","link":"https:\/\/totalblue.ro\/de\/produs\/chifle-talbe-6-bucati-sinnack-300-g\/","title":{"rendered":"Wei\u00dfe Frikadellen f\u00fcr den Ofen 6 St\u00fcck 6x50g 300g Sinnack"},"content":{"rendered":"<p>Br\u00f6tchen zum Fertigbacken 6x50g 300g<br \/>\nWei\u00dfe Fleischb\u00e4llchen f\u00fcr den Ofen 6 St\u00fcck 6x50g 300g<br \/>\nEnth\u00e4lt 6 St\u00fcck wei\u00dfe Br\u00f6tchen x 50 Gramm = 300 Gramm<br \/>\n<strong>Anweisungen f\u00fcr die Zubereitung:<\/strong> Die Br\u00f6tchen aus der gew\u00fcnschten Verpackung nehmen und 8-10 Minuten im Elektroofen (200-220 \u00b0C), im Umluftofen (180-200 \u00b0C) oder im vorgeheizten Ofen (220 \u00b0C) backen.<br \/>\nDie frischen wei\u00dfen Br\u00f6tchen vor dem Verzehr etwas abk\u00fchlen lassen.<br \/>\n<strong>Inhaltsstoff:<\/strong> Weizenmehl, Wasser, Hefe, jodiertes Speisesalz (Kochsalz, Kaliumjodat), Dextrose, S\u00e4ureregulator Natriumacetat, allergenhaltige Zutat<br \/>\n<strong>Allergene:\u00a0<\/strong> glutenhaltiges Getreide und glutenhaltige Erzeugnisse.<br \/>\nOhne Konservierungsstoffe<br \/>\nVegetarisch<br \/>\n<strong>Tipps zur Aufbewahrung:<\/strong>An einem k\u00fchlen, trockenen und dunklen Ort lagern. In einer gesch\u00fctzten Atmosph\u00e4re verpacken.<br \/>\n<strong>N\u00e4hrwertangaben\/100g:<\/strong><br \/>\nEiwei\u00df 8,7 g<br \/>\nEnergie 249 kcal<br \/>\nEnergie 1055 kJ<br \/>\nKohlenhydrate 50 g<br \/>\nZucker 3,1 g<br \/>\nFett 1 g<br \/>\nFetts\u00e4uren, voll ges\u00e4ttigt 0,5 g<br \/>\nSare 1.3<\/p>\n<p>Hergestellt in Deutschland von Sinnack Backspezialit\u00e4ten GmbH &amp; Co.KG<br \/>\nHarderhook 15, 46395 Bocholt<br \/>\nEinf\u00fchrer und H\u00e4ndler Total Blue Impex SRL<\/p>\n<div class=\"gdlr-core-pbf-column-content clearfix gdlr-core-js gdlr-core-sync-height-content\">\n<div class=\"gdlr-core-pbf-element\">\n<div class=\"gdlr-core-text-box-item gdlr-core-item-pdlr gdlr-core-item-pdb gdlr-core-left-align textdetaliiprodus\">\n<div class=\"gdlr-core-text-box-item-content\"><\/div>\n<\/div>\n<\/div>\n<\/div>","protected":false},"excerpt":{"rendered":"<p>Br\u00f6tchen zum Fertigbacken 6x50g 300g<br \/>\nWei\u00dfe Fleischb\u00e4llchen f\u00fcr den Ofen 6 St\u00fcck 6x50g 300g<\/p>","protected":false},"featured_media":32181,"comment_status":"open","ping_status":"closed","template":"","meta":{"_acf_changed":false,"_seopress_robots_primary_cat":"none","_seopress_titles_title":"","_seopress_titles_desc":"","_seopress_robots_index":""},"product_brand":[2061],"product_cat":[1555,3296,3396,1506,1950,1767,1954],"giftcard-category":[],"class_list":{"0":"post-29899","1":"product","2":"type-product","3":"status-publish","4":"has-post-thumbnail","6":"product_brand-sinnack","7":"product_cat-bacanie","8":"product_cat-brutarie-patiserie","9":"product_cat-brutarie-patiserie-produse-germania","10":"product_cat-cafea-ceai-mic-dejun","11":"product_cat-produse-germania","12":"product_cat-produse-olanda","13":"product_cat-semipreparate","15":"first","16":"outofstock","17":"taxable","18":"shipping-taxable","19":"purchasable","20":"product-type-simple"},"acf":[],"_links":{"self":[{"href":"https:\/\/totalblue.ro\/de\/wp-json\/wp\/v2\/product\/29899","targetHints":{"allow":["GET"]}}],"collection":[{"href":"https:\/\/totalblue.ro\/de\/wp-json\/wp\/v2\/product"}],"about":[{"href":"https:\/\/totalblue.ro\/de\/wp-json\/wp\/v2\/types\/product"}],"replies":[{"embeddable":true,"href":"https:\/\/totalblue.ro\/de\/wp-json\/wp\/v2\/comments?post=29899"}],"wp:featuredmedia":[{"embeddable":true,"href":"https:\/\/totalblue.ro\/de\/wp-json\/wp\/v2\/media\/32181"}],"wp:attachment":[{"href":"https:\/\/totalblue.ro\/de\/wp-json\/wp\/v2\/media?parent=29899"}],"wp:term":[{"taxonomy":"product_brand","embeddable":true,"href":"https:\/\/totalblue.ro\/de\/wp-json\/wp\/v2\/product_brand?post=29899"},{"taxonomy":"product_cat","embeddable":true,"href":"https:\/\/totalblue.ro\/de\/wp-json\/wp\/v2\/product_cat?post=29899"},{"taxonomy":"giftcard-category","embeddable":true,"href":"https:\/\/totalblue.ro\/de\/wp-json\/wp\/v2\/giftcard-category?post=29899"}],"curies":[{"name":"wp","href":"https:\/\/api.w.org\/{rel}","templated":true}]}}