{"id":29954,"date":"2021-05-14T18:22:18","date_gmt":"2021-05-14T15:22:18","guid":{"rendered":"https:\/\/totalblue.ro\/?post_type=product&#038;p=29954"},"modified":"2025-08-06T15:56:44","modified_gmt":"2025-08-06T12:56:44","slug":"maggi-steak-sauce-doppelpack","status":"publish","type":"product","link":"https:\/\/totalblue.ro\/de\/produs\/maggi-steak-sauce-double-pack\/","title":{"rendered":"Maggi Steak Sauce Doppelpack"},"content":{"rendered":"<p><strong>Maggi Steak Sauce, 2er Pack, ergibt 2 x 250 ml<br \/>\nMaggi Steak Sauce Doppelpack<br \/>\n<\/strong>Enth\u00e4lt: 1 Packung 500 ml 2 x 0,250ml<br \/>\nLiebhaber von Steaks, Medaillons und Frikadellen k\u00f6nnen Fleischgerichte mit Maggi Steaksauce perfekt w\u00fcrzen. Ihr aromatischer Geschmack mit Pfeffer, Tomaten und Thymian passt wunderbar zu Fleischgerichten. Nat\u00fcrlich kann die Steaksauce nach Belieben verfeinert werden.<br \/>\nDie perfekte Sauce f\u00fcr Steaks und viele andere Fleischgerichte.<br \/>\n<strong>Inhaltsstoff:f<\/strong>Weizenmehl, St\u00e4rke, Palmfett, Gew\u00fcrze (2,6% Zwiebel, 2,2% Paprika, Knoblauch, Koriander, Kurkuma, Kreuzk\u00fcmmel, Ingwer, Chili, wei\u00dfer Pfeffer, Kardamom, Liebst\u00f6ckel, gr\u00fcner Pfeffer), Jodsalz, Zucker, Hefeextrakt, Aromen (Chorizo, Sellerie, Senf\u00f6l), Zucker, Milcheiwei\u00df, Tomaten, Kr\u00e4uter (Thymian, Petersilie, Majoran, Rosmarin, Estragon), Salz, S\u00e4uerungsmittel Citronens\u00e4ure. Kann Ei, Sellerie, Senf und Soja enthalten.<br \/>\n<strong>Allergene:<\/strong> Kann Ei, Staudensellerie, Senf und Soja enthalten.<br \/>\nAn einem k\u00fchlen, trockenen Ort aufbewahren.<br \/>\n<strong>Ern\u00e4hrung:<br \/>\n<\/strong>Fett 2,1 Gramm, davon ges\u00e4ttigte Fetts\u00e4uren 1,2 Gramm<br \/>\nKohlenhydrate 7,4 Gramm, davon Zucker 1,3 Gramm<br \/>\nEiwei\u00df 1,2 Gramm<br \/>\nSalz 1,1 Gramm<strong><br \/>\n<\/strong>MAGGI GmbH 60528 Frankfurt \/ Main Made in GERMANY<br \/>\nEinf\u00fchrer und H\u00e4ndler Total Blue Impex SRL<strong><br \/>\n<\/strong><\/p>","protected":false},"excerpt":{"rendered":"<p>Maggi Steak Sauce, 2er Pack, ergibt 2 x 250 ml<br \/>\nMaggi Steak Sauce Doppelpack<\/p>","protected":false},"featured_media":29957,"comment_status":"open","ping_status":"closed","template":"","meta":{"_acf_changed":false,"_seopress_robots_primary_cat":"none","_seopress_titles_title":"","_seopress_titles_desc":"","_seopress_robots_index":""},"product_brand":[1869],"product_cat":[1555,3280,3380,1950,1767],"giftcard-category":[],"class_list":{"0":"post-29954","1":"product","2":"type-product","3":"status-publish","4":"has-post-thumbnail","6":"product_brand-maggi","7":"product_cat-bacanie","8":"product_cat-condimente-sosuri","9":"product_cat-condimente-sosuri-produse-germania","10":"product_cat-produse-germania","11":"product_cat-produse-olanda","13":"first","14":"outofstock","15":"taxable","16":"shipping-taxable","17":"purchasable","18":"product-type-simple"},"acf":[],"_links":{"self":[{"href":"https:\/\/totalblue.ro\/de\/wp-json\/wp\/v2\/product\/29954","targetHints":{"allow":["GET"]}}],"collection":[{"href":"https:\/\/totalblue.ro\/de\/wp-json\/wp\/v2\/product"}],"about":[{"href":"https:\/\/totalblue.ro\/de\/wp-json\/wp\/v2\/types\/product"}],"replies":[{"embeddable":true,"href":"https:\/\/totalblue.ro\/de\/wp-json\/wp\/v2\/comments?post=29954"}],"wp:featuredmedia":[{"embeddable":true,"href":"https:\/\/totalblue.ro\/de\/wp-json\/wp\/v2\/media\/29957"}],"wp:attachment":[{"href":"https:\/\/totalblue.ro\/de\/wp-json\/wp\/v2\/media?parent=29954"}],"wp:term":[{"taxonomy":"product_brand","embeddable":true,"href":"https:\/\/totalblue.ro\/de\/wp-json\/wp\/v2\/product_brand?post=29954"},{"taxonomy":"product_cat","embeddable":true,"href":"https:\/\/totalblue.ro\/de\/wp-json\/wp\/v2\/product_cat?post=29954"},{"taxonomy":"giftcard-category","embeddable":true,"href":"https:\/\/totalblue.ro\/de\/wp-json\/wp\/v2\/giftcard-category?post=29954"}],"curies":[{"name":"wp","href":"https:\/\/api.w.org\/{rel}","templated":true}]}}