{"id":30009,"date":"2021-05-18T08:54:14","date_gmt":"2021-05-18T05:54:14","guid":{"rendered":"https:\/\/totalblue.ro\/?post_type=product&#038;p=30009"},"modified":"2026-03-20T09:52:38","modified_gmt":"2026-03-20T07:52:38","slug":"maggi-sos-usor-in-stil-hollandaise-2x250ml","status":"publish","type":"product","link":"https:\/\/totalblue.ro\/de\/produs\/maggi-sos-usor-in-stil-hollandaise-2x250ml\/","title":{"rendered":"Maggi Hollandaise-So\u00dfe leicht 2x250ml"},"content":{"rendered":"<p><strong>Maggi Helle Sauce nach Art Hollandaise (2er Pack)<br \/>\nMaggi Hollandaise-So\u00dfe leicht 2x250ml<br \/>\n<\/strong>Enth\u00e4lt: 1 Packung 500 ml 2 x 0,250ml<br \/>\nSos u\u0219or Maggi \u00een stil holandez. Gust complet datorita untului, smantanii \u0219i semintelor de mustar<br \/>\nSparanghel, broccoli sau conopida? Un sos u\u0219or merge bine cu aceste legume. Cu stilul Maggi Helle Sauce Hollandaise, sosul dorit este preparat in cel mai scurt timp!<br \/>\nSosul ideal pentru manc\u0103ruri de broccoli, conopida \u0219i sparanghel.<br \/>\nPentru a-l pregati, amestecati pur \u0219i simplu continutul unui singur pachet \u00een 250 ml apa fierbinte cu un tel. Aduce\u021bi sosul la fiert \u0219i fierbeti 1 minut. Rafinati dupa cum dori\u021bi. Devine deosebit de cremos cu 125 ml ap\u0103 \u0219i 125 ml lapte. Se toarn\u0103 sosul u\u0219or intr-o sosiera sau se toarna direct peste deliciosul fel de mancare de peste, cartofi sau sparanghel. Gata! Pofta Buna !<br \/>\nSosul u\u0219or se potrive\u0219te foarte bine \u0219i cu pestele. Sosul este baza ideala pentru propriile idei de sos si poate fi rafinat dupa cum doriti.<br \/>\n<strong>Zutat<\/strong>: amidon, faina de grau, grasime de palmier, faina de orez, 6,2% crema , produs din zer, 5,9% grasime de unt, sare iodata, 2,6% galbenua de ou, extract de drojdie, porumb de mustar, turmeric, proteine \u200b\u200bdin lapte, zahar din lapte ( contine grau), extract antioxidant de rozmarin.<br \/>\n<strong>Allergene:<\/strong> Ingrediente \u0219i produse care con\u021bin mustar, Ingrediente care con\u021bin proteine \u200b\u200bdin grau, Ingrediente care contin proteine, Ingrediente care contin proteine \u200b\u200bdin lapte \u0219i lactoza<br \/>\nAn einem k\u00fchlen, trockenen Ort aufbewahren.<br \/>\n<strong>Ern\u00e4hrung:<br \/>\n<\/strong>Energie 207 kJ \/ 49 kcal<br \/>\nGrasimi 1.4 g din care acizi grasi satura\u021bi 0.2 g<br \/>\nCarbohidrati 7.7 g din care zahar 2.5 g<br \/>\nFibre dietetice 0,1 g<br \/>\nProteine \u200b\u200b1,4 g<br \/>\nSalz 0,89 g <strong><br \/>\n<\/strong>MAGGI GmbH 60528 Frankfurt \/ Main Made in GERMANY<br \/>\nEinf\u00fchrer und H\u00e4ndler Total Blue Impex SRL<\/p>\n<p>Retetele produselor se pot schimba. Informa\u021biile furnizate aici se refera la gama germana valabila \u00een prezent \u0219i sunt actualizate periodic. In cazul modificarilor retetei, produsele cu reteta veche \u0219i cea noua pot fi gasite \u00een magazine. Prin urmare, cumparatorul trebuie sa citeasca cu aten\u021bie toate informa\u021biile de pe ambalaj. Acest lucru se aplic\u0103 \u00een special listei de ingrediente pentru a lua \u00een considerare intoleran\u021bele.<strong><br \/>\n<\/strong><\/p>","protected":false},"excerpt":{"rendered":"<p>Maggi Helle Sauce nach Art Hollandaise (2er Pack)<br \/>\nMaggi Hollandaise-So\u00dfe leicht 2x250ml<\/p>","protected":false},"featured_media":61385,"comment_status":"open","ping_status":"closed","template":"","meta":{"_acf_changed":false,"_seopress_robots_primary_cat":"none","_seopress_titles_title":"Maggi Sos usor in stil Hollandaise 2x250ml","_seopress_titles_desc":"Maggi Sos usor in stil Hollandaise 2x250ml","_seopress_robots_index":""},"product_brand":[1869],"product_cat":[1555,3380,3280,1950,1767],"giftcard-category":[],"class_list":{"0":"post-30009","1":"product","2":"type-product","3":"status-publish","4":"has-post-thumbnail","6":"product_brand-maggi","7":"product_cat-bacanie","8":"product_cat-condimente-sosuri-produse-germania","9":"product_cat-condimente-sosuri","10":"product_cat-produse-germania","11":"product_cat-produse-olanda","13":"first","14":"instock","15":"taxable","16":"shipping-taxable","17":"purchasable","18":"product-type-simple"},"acf":[],"_links":{"self":[{"href":"https:\/\/totalblue.ro\/de\/wp-json\/wp\/v2\/product\/30009","targetHints":{"allow":["GET"]}}],"collection":[{"href":"https:\/\/totalblue.ro\/de\/wp-json\/wp\/v2\/product"}],"about":[{"href":"https:\/\/totalblue.ro\/de\/wp-json\/wp\/v2\/types\/product"}],"replies":[{"embeddable":true,"href":"https:\/\/totalblue.ro\/de\/wp-json\/wp\/v2\/comments?post=30009"}],"wp:featuredmedia":[{"embeddable":true,"href":"https:\/\/totalblue.ro\/de\/wp-json\/wp\/v2\/media\/61385"}],"wp:attachment":[{"href":"https:\/\/totalblue.ro\/de\/wp-json\/wp\/v2\/media?parent=30009"}],"wp:term":[{"taxonomy":"product_brand","embeddable":true,"href":"https:\/\/totalblue.ro\/de\/wp-json\/wp\/v2\/product_brand?post=30009"},{"taxonomy":"product_cat","embeddable":true,"href":"https:\/\/totalblue.ro\/de\/wp-json\/wp\/v2\/product_cat?post=30009"},{"taxonomy":"giftcard-category","embeddable":true,"href":"https:\/\/totalblue.ro\/de\/wp-json\/wp\/v2\/giftcard-category?post=30009"}],"curies":[{"name":"wp","href":"https:\/\/api.w.org\/{rel}","templated":true}]}}