{"id":30019,"date":"2021-05-18T09:09:34","date_gmt":"2021-05-18T06:09:34","guid":{"rendered":"https:\/\/totalblue.ro\/?post_type=product&#038;p=30019"},"modified":"2026-01-29T19:09:37","modified_gmt":"2026-01-29T17:09:37","slug":"knorr-sos-de-unt-cu-lamaie-250ml","status":"publish","type":"product","link":"https:\/\/totalblue.ro\/de\/produs\/knorr-sos-de-unt-cu-lamaie-250ml\/","title":{"rendered":"Knorr Buttersauce mit Zitrone 52g"},"content":{"rendered":"<div id=\"content_tab_description\" class=\"tab-content tab-description\">\n<div class=\"tab-content-inner\">\n<div class=\"tab-content-scroll\">\n<p>Knorr Feinschmecker Zitronen Butter Sauce 52g<br \/>\nKnorr Buttersauce mit Zitrone 52g<br \/>\nSosul de unt cu lamaie de la Knorr este o compozitie sofisticata de sos cu unt fin si o nota delicata de lamaie. Se potriveste bine cu sparanghel, legume \u0219i preparate din carne. Sosurile gourmet KNORR ofer\u0103 ideea potrivita de sos pentru fiecare gust.<br \/>\n<strong>Inhaltsstoff: <\/strong>25% unt uscat, amidon, ulei de palmier, maltodextrina, lapte praf, pudra vegetala de porumb, zahar, arome (orz), sare de masa iodata, sare de masa, sirop de glucoza uscat, 1% suc de lamaie praf, condimente proteine, extract de drojdie, extract de vin de masa, extract de sare de ceapa, turmeric.Poate con\u021bine urme de ou, soia, telina \u0219i mustar.<br \/>\n<strong>Allergene:<\/strong> gluten si lapte.<br \/>\n<strong>Instructiuni de utilizare:<\/strong> Den Inhalt des Beutels mit einem Tuch in 250 ml kaltes Wasser einr\u00fchren. Unter R\u00fchren zum Kochen bringen. 1 Minute lang k\u00f6cheln lassen, dabei gelegentlich umr\u00fchren.<br \/>\n<strong>Informa\u0163ii nutri\u0163ionale per 100ml produs:<\/strong><br \/>\nEnergie\u00a0 469 kJ \/ 112 kcal<br \/>\nGrasimi 7,6 g din care acizi gra\u0219i saturati 4,9 g<br \/>\nGlucide 9,2 g dintre care zaharuri 1,9 g<br \/>\nEiwei\u00df 1,4 g<br \/>\nSalz 1,2 g<br \/>\nHergestellt von Unilever Deutschland GmbH, AM Strandkai 1, 20457 Hamburg Deutschland (Deutschland)<br \/>\nEinf\u00fchrer und H\u00e4ndler Total Blue Impex SRL<\/p>\n<\/div>\n<\/div>\n<\/div>","protected":false},"excerpt":{"rendered":"<p>Knorr Feinschmecker Zitronen Butter Sauce 52g<br \/>\nKnorr Buttersauce mit Zitrone 52g<\/p>","protected":false},"featured_media":137454,"comment_status":"open","ping_status":"closed","template":"","meta":{"_acf_changed":false,"_seopress_robots_primary_cat":"none","_seopress_titles_title":"","_seopress_titles_desc":"","_seopress_robots_index":""},"product_brand":[1870],"product_cat":[1555,3280,3380,1950,1767,1954],"giftcard-category":[],"class_list":{"0":"post-30019","1":"product","2":"type-product","3":"status-publish","4":"has-post-thumbnail","6":"product_brand-knorr","7":"product_cat-bacanie","8":"product_cat-condimente-sosuri","9":"product_cat-condimente-sosuri-produse-germania","10":"product_cat-produse-germania","11":"product_cat-produse-olanda","12":"product_cat-semipreparate","14":"first","15":"outofstock","16":"taxable","17":"shipping-taxable","18":"purchasable","19":"product-type-simple"},"acf":[],"_links":{"self":[{"href":"https:\/\/totalblue.ro\/de\/wp-json\/wp\/v2\/product\/30019","targetHints":{"allow":["GET"]}}],"collection":[{"href":"https:\/\/totalblue.ro\/de\/wp-json\/wp\/v2\/product"}],"about":[{"href":"https:\/\/totalblue.ro\/de\/wp-json\/wp\/v2\/types\/product"}],"replies":[{"embeddable":true,"href":"https:\/\/totalblue.ro\/de\/wp-json\/wp\/v2\/comments?post=30019"}],"wp:featuredmedia":[{"embeddable":true,"href":"https:\/\/totalblue.ro\/de\/wp-json\/wp\/v2\/media\/137454"}],"wp:attachment":[{"href":"https:\/\/totalblue.ro\/de\/wp-json\/wp\/v2\/media?parent=30019"}],"wp:term":[{"taxonomy":"product_brand","embeddable":true,"href":"https:\/\/totalblue.ro\/de\/wp-json\/wp\/v2\/product_brand?post=30019"},{"taxonomy":"product_cat","embeddable":true,"href":"https:\/\/totalblue.ro\/de\/wp-json\/wp\/v2\/product_cat?post=30019"},{"taxonomy":"giftcard-category","embeddable":true,"href":"https:\/\/totalblue.ro\/de\/wp-json\/wp\/v2\/giftcard-category?post=30019"}],"curies":[{"name":"wp","href":"https:\/\/api.w.org\/{rel}","templated":true}]}}