{"id":304713,"date":"2026-04-27T16:34:18","date_gmt":"2026-04-27T13:34:18","guid":{"rendered":"https:\/\/totalblue.ro\/?post_type=product&#038;p=304713"},"modified":"2026-04-28T12:12:52","modified_gmt":"2026-04-28T09:12:52","slug":"dreistern-chili-sin-carne-400-g","status":"publish","type":"product","link":"https:\/\/totalblue.ro\/de\/produs\/dreistern-chili-sin-carne-400-g\/","title":{"rendered":"Dreistern Chili sin Carne 400 g"},"content":{"rendered":"<p>Acesta este un Chili sin Carne (varianta vegetariana\/vegana) de la Dreistern, cu fasole kidney si porumb.<br \/>\nEste o baza excelenta si versatila pentru mancaruri rapide de inspiratie mexicana.<\/p>\n<p><span class=\"HwtZe\" lang=\"ro\"><span class=\"jCAhz ChMk0b\"><span class=\"ryNqvb\">Ingrediente: Ap\u0103 potabil\u0103, 27% legume \u00een propor\u021bii variabile (ro\u0219ii cur\u0103\u021bate, ceap\u0103, ardei gras, porumb), 25% fasole ro\u0219ie*, 4% buc\u0103\u021bi de soia (produs proteic din soia), past\u0103 de tomate, f\u0103in\u0103 de gr\u00e2u, amidon modificat, zah\u0103r, sare iodat\u0103 (sare, iodat de potasiu), ardei iute ro\u0219ii, amidon, extracte de condimente, acidifiant: acid acetic;<\/span><\/span> <span class=\"jCAhz ChMk0b\"><span class=\"ryNqvb\">condimente, ierburi aromatice.<\/span><\/span> <span class=\"jCAhz ChMk0b\"><span class=\"ryNqvb\">Pierderea \u00een greutate are loc din cauza \u00eenc\u0103lzirii \u00een timpul produc\u021biei.<\/span><\/span> <span class=\"jCAhz ChMk0b\"><span class=\"ryNqvb\">*25% fasole corespunde unei medii de 34% fasole \u00een produsul finit.<br \/>\nN\u00e4hrwertangaben \/ 100 g:<br \/>\nEnergie 342 kJ \/ 81 kcal<br \/>\nGrasimi 0.6 g din care acizi grasi saturati 0.1 g<br \/>\nCarbohidrati 11 g din care zaharuri 3 g<br \/>\nProteine \u200b\u200b5.5 g<br \/>\nSalz 1,1 g<\/span><\/span><\/span><\/p>\n<p>Iata trei moduri creative de a-l gati:<\/p>\n<p>1. Nachos \u201eSupreme\u201d la Cuptor<br \/>\nO gustare perfecta pentru o seara de film sau pentru musafiri.<\/p>\n<p>Cum faci: Intinde un strat de chipsuri de porumb (nachos) intr-o tava.<br \/>\nUpgrade: Toarna conserva de Chili deasupra, adauga rondele de jalape\u00f1o si mult cascaval\/cheddar ras.<br \/>\nGatire: Baga tava la cuptor 5-7 minute pana se topeste branza. Serveste cu o lingura de smantana rece deasupra.<\/p>\n<p>2. Burritos sau Tacos Rapizi<br \/>\nTransforma conserva intr-o umplutura consistenta pentru lipii.<\/p>\n<p>Cum faci: Incalzeste continutul intr-o tigaie pana scade putin lichidul (sa fie mai dens).<br \/>\nUpgrade: Pune amestecul in tortilla calde, adauga cubulete de avocado, ceapa verde si putina zeama de lamaie (lime).<br \/>\nRezultat: O masa completa si portabila in doar cateva minute.<\/p>\n<p>3. Cartof Copt Umplut (Baked Potato)<br \/>\nO metoda foarte populara in Marea Britanie (Jacket Potato) aplicata la chili.<\/p>\n<p>Cum faci: Coace un cartof mare intreg in cuptor (sau la microunde). Taie-l pe jumatate.<br \/>\nUpgrade: Pune un cub de unt in cartof, apoi umple-l generos cu Chili sin Carne fierbinte.<br \/>\nFinalizare: Presara putin coriandru proaspat sau patrunjel si eventual niste branza feta faramitata.<\/p>\n<p>Truc pentru intensitate:<br \/>\nDaca vrei un gust mai \u201eautentic\u201d, adauga un praf de chimen macinat si o patratica de ciocolata neagra in timp ce il incalzesti. Ciocolata va face sosul mai inchis la culoare si mult mai catifelat!<\/p>\n<p>Daca vrei sa scoti si mai mult din aceasta conserva de Chili sin Carne, iata trei idei care schimba total textura si modul de servire:<\/p>\n<p>1. \u201eShakshuka\u201d Mexicana (Mic dejun sau pranz)<br \/>\nTransforma fasolea intr-o baza pentru oua ochiuri gatite direct in sos.<\/p>\n<p>Cum faci: Pune chili-ul intr-o tigaie si lasa-l sa dea in clocot. Cu o lingura, fa doua mici \u201ecuiburi\u201d in compozitie.<br \/>\nUpgrade: Sparge cate un ou in fiecare cuib. Pune un capac si lasa la foc mic 3-4 minute, pana se gateste albusul, dar galbenusul ramane moale.<br \/>\nFinalizare: Serveste cu paine prajita pentru a intinge in galbenus si sos.<\/p>\n<p>2. Quesadilla Rapida<br \/>\nFoloseste chili-ul ca \u201elipici\u201d intre doua tortille crocante.<\/p>\n<p>Cum faci: Pune o lipie in tigaia uscata. Intinde un strat subtire de chili pe jumatate din ea.<br \/>\nUpgrade: Adauga multa branza (care sa se topeasca) si eventual cateva frunze de spanac sau porumb extra. Impatureste lipia.<br \/>\nGatire: Prajeste pe ambele parti pana cand tortilla devine aurie si crocanta.<br \/>\nRezultat: Un sandvis cald, curgator si foarte satios.<\/p>\n<p>3. Salata de vara \u201eChili-Lime\u201d<br \/>\nDaca nu vrei sa mananci ceva fierbinte, poti folosi conserva ca baza pentru o salata rece, nutritiva.<\/p>\n<p>Cum faci: Scurge bine sosul de rosii si pastreaza doar boabele de fasole si porumbul.<br \/>\nUpgrade: Amesteca-le cu rosii cherry taiate, castraveti, multa ceapa verde si cubulete de branza telemea sau feta.<br \/>\nDressing: Adauga ulei de masline si multa zeama de lamaie.<br \/>\nRezultat: O salata proteica, gata in 2 minute, perfecta pentru la pachet.<\/p>\n<p>\ud83c\udf35 Sfat bonus:<br \/>\nDaca sosul ti se pare prea picant, adauga o lingura de iaurt grecesc deasupra. Grasimea din iaurt neutralizeaza imediat iuteala ardeiului chili.<\/p>","protected":false},"excerpt":{"rendered":"<p>Acesta este un Chili sin Carne (varianta vegetariana\/vegana) de la Dreistern, cu fasole kidney si porumb. Este o baza excelenta si versatila pentru mancaruri rapide de inspiratie mexicana. Ingrediente: Ap\u0103 potabil\u0103, 27% legume \u00een propor\u021bii variabile (ro\u0219ii cur\u0103\u021bate, ceap\u0103, ardei gras, porumb), 25% fasole ro\u0219ie*, 4% buc\u0103\u021bi de soia (produs proteic din soia), past\u0103 de [&#8230;]\n","protected":false},"featured_media":304715,"comment_status":"open","ping_status":"closed","template":"","meta":{"_acf_changed":false,"_seopress_robots_primary_cat":"1950","_seopress_titles_title":"","_seopress_titles_desc":"","_seopress_robots_index":""},"product_brand":[1959],"product_cat":[1555,1683,3372,3272,1950,1767],"giftcard-category":[],"class_list":{"0":"post-304713","1":"product","2":"type-product","3":"status-publish","4":"has-post-thumbnail","6":"product_brand-dreistern","7":"product_cat-bacanie","8":"product_cat-conserve-mancare-gatita","9":"product_cat-conserve-produse-germania","10":"product_cat-conserve","11":"product_cat-produse-germania","12":"product_cat-produse-olanda","14":"first","15":"instock","16":"taxable","17":"shipping-taxable","18":"purchasable","19":"product-type-simple"},"acf":[],"_links":{"self":[{"href":"https:\/\/totalblue.ro\/de\/wp-json\/wp\/v2\/product\/304713","targetHints":{"allow":["GET"]}}],"collection":[{"href":"https:\/\/totalblue.ro\/de\/wp-json\/wp\/v2\/product"}],"about":[{"href":"https:\/\/totalblue.ro\/de\/wp-json\/wp\/v2\/types\/product"}],"replies":[{"embeddable":true,"href":"https:\/\/totalblue.ro\/de\/wp-json\/wp\/v2\/comments?post=304713"}],"wp:featuredmedia":[{"embeddable":true,"href":"https:\/\/totalblue.ro\/de\/wp-json\/wp\/v2\/media\/304715"}],"wp:attachment":[{"href":"https:\/\/totalblue.ro\/de\/wp-json\/wp\/v2\/media?parent=304713"}],"wp:term":[{"taxonomy":"product_brand","embeddable":true,"href":"https:\/\/totalblue.ro\/de\/wp-json\/wp\/v2\/product_brand?post=304713"},{"taxonomy":"product_cat","embeddable":true,"href":"https:\/\/totalblue.ro\/de\/wp-json\/wp\/v2\/product_cat?post=304713"},{"taxonomy":"giftcard-category","embeddable":true,"href":"https:\/\/totalblue.ro\/de\/wp-json\/wp\/v2\/giftcard-category?post=304713"}],"curies":[{"name":"wp","href":"https:\/\/api.w.org\/{rel}","templated":true}]}}