{"id":305019,"date":"2026-04-29T15:10:07","date_gmt":"2026-04-29T12:10:07","guid":{"rendered":"https:\/\/totalblue.ro\/?post_type=product&#038;p=305019"},"modified":"2026-04-29T16:58:34","modified_gmt":"2026-04-29T13:58:34","slug":"confectionare-cablu-500-m","status":"publish","type":"product","link":"https:\/\/totalblue.ro\/de\/produs\/confectionare-cablu-500-m\/","title":{"rendered":"Cablu special otel diametru 11.2 mm pentru troliu HIT-TRAC 16E, lungime 500 m"},"content":{"rendered":"<p>Cablu special otel diametru 11.2 mm pentru troliu HIT-TRAC 16E, configurat cu carlig si accesorii L = 500 m<br \/>\nAnsamblu cablu de tractiune special configurat pentru trolii motorizate tip HIT-TRAC, avand urmatoarele caracteristici:<\/p>\n<p>Tip cablu: Cablu din otel galvanizat cu toroane circulare, constructie 4&#215;25 FC (miez textil), conform EN 12385.<br \/>\nCompatibilitate: Special conceput pentru troliu motorizat Habegger HIT-TRAC.<br \/>\nSpecificatii material: Diametru \u00d8 11.2 mm, rezistenta sarma 1960 N\/mm\u00b2, sens de cablare sZ.<br \/>\nPerformanta: Forta minima de rupere 88.0 kN; prevazut cu un toron verde de marcare (fara ungere\/uscat).<br \/>\nConfigurare Capat A: Bucla cu rodanta galvanizata si manson de aluminiu comprimat conform EN 13411-3, dotata cu carlig cu ochet si siguranta (WLL 16.0 kN), otel vopsit.<br \/>\nConfigurare Capat B: Capat torsionat si ascutit (pentru insertie usoara in troliu), compatibil cu diametre 6-15 mm.<br \/>\nAccesorii incluse: Placuta de identificare a sarcinii maxime admise (include eticheta pentru urmatoarea verificare periodica), specifica pentru HIT-TRAC 16, aluminiu anodizat.<\/p>\n<p>Greutate totala ansamblu: aprox. 245.72 kg.<\/p>\n<p>Avand in vedere regimul de import special al acestui echipament industrial, comanda se proceseaza exclusiv dupa confirmarea platii in avans.<br \/>\nTermenul de livrare de 4 saptamani lucratoare curge de la data confirmarii platii integrale in contul furnizorului.<\/p>","protected":false},"excerpt":{"rendered":"<p>Av\u00e2nd \u00een vedere regimul de import special al acestui echipament industrial, comanda se proceseaz\u0103 exclusiv dup\u0103 confirmarea pl\u0103\u021bii \u00een avans.<br \/>\nTermenul de livrare de 4 saptamani lucr\u0103toare curge de la data confirm\u0103rii pl\u0103\u021bii integrale \u00een contul furnizorului.<\/p>","protected":false},"featured_media":305017,"comment_status":"open","ping_status":"closed","template":"","meta":{"_acf_changed":false,"_seopress_robots_primary_cat":"none","_seopress_titles_title":"","_seopress_titles_desc":"","_seopress_robots_index":""},"product_brand":[],"product_cat":[16097],"giftcard-category":[],"class_list":{"0":"post-305019","1":"product","2":"type-product","3":"status-publish","4":"has-post-thumbnail","6":"product_cat-bricolaj","8":"first","9":"outofstock","10":"taxable","11":"shipping-taxable","12":"purchasable","13":"product-type-simple"},"acf":[],"_links":{"self":[{"href":"https:\/\/totalblue.ro\/de\/wp-json\/wp\/v2\/product\/305019","targetHints":{"allow":["GET"]}}],"collection":[{"href":"https:\/\/totalblue.ro\/de\/wp-json\/wp\/v2\/product"}],"about":[{"href":"https:\/\/totalblue.ro\/de\/wp-json\/wp\/v2\/types\/product"}],"replies":[{"embeddable":true,"href":"https:\/\/totalblue.ro\/de\/wp-json\/wp\/v2\/comments?post=305019"}],"wp:featuredmedia":[{"embeddable":true,"href":"https:\/\/totalblue.ro\/de\/wp-json\/wp\/v2\/media\/305017"}],"wp:attachment":[{"href":"https:\/\/totalblue.ro\/de\/wp-json\/wp\/v2\/media?parent=305019"}],"wp:term":[{"taxonomy":"product_brand","embeddable":true,"href":"https:\/\/totalblue.ro\/de\/wp-json\/wp\/v2\/product_brand?post=305019"},{"taxonomy":"product_cat","embeddable":true,"href":"https:\/\/totalblue.ro\/de\/wp-json\/wp\/v2\/product_cat?post=305019"},{"taxonomy":"giftcard-category","embeddable":true,"href":"https:\/\/totalblue.ro\/de\/wp-json\/wp\/v2\/giftcard-category?post=305019"}],"curies":[{"name":"wp","href":"https:\/\/api.w.org\/{rel}","templated":true}]}}