{"id":305671,"date":"2026-05-05T12:56:57","date_gmt":"2026-05-05T09:56:57","guid":{"rendered":"https:\/\/totalblue.ro\/?post_type=product&#038;p=305671"},"modified":"2026-05-05T13:00:10","modified_gmt":"2026-05-05T10:00:10","slug":"nissin-supa-instant-ramen-vita-in-stil-chinezesc-67g","status":"publish","type":"product","link":"https:\/\/totalblue.ro\/de\/produs\/nissin-supa-instant-ramen-vita-in-stil-chinezesc-67g\/","title":{"rendered":"Nissin Supa Instant Ramen Vita in stil chinezesc 67g"},"content":{"rendered":"<p>Vorbereitung:<br \/>\nGeben Sie den Inhalt des Beutels in einen Teller oder eine Sch\u00fcssel.<br \/>\n500 ml hei\u00dfes Wasser \u00fcber die Zutaten gie\u00dfen.<br \/>\n3 Minuten lang mit einem Deckel abdecken.<br \/>\nHei\u00df servieren.<\/p>\n<p>Nissin Ramen Chinese Spiced Beef (varianta &#8222;Snack Pack&#8221; de aproximativ 67g per pachet), o versiune a gamei Nissin inspirata de aromele chinezesti, cu o nota distincta de cinci condimente (five-spice) si vita.<br \/>\nSpre deosebire de varianta clasica &#8222;Beef&#8221; de la Nissin Demae, aceasta are un profil aromatic mai complex:<br \/>\nAroma: Predomina anasonul stelat, scortisoara si cuisoarele, oferind acea experienta specifica bucatariei chinezesti.<br \/>\nTextura: Taiteii sunt subtiri si se gatesc foarte rapid (3 minute).<br \/>\nIuteala: Este foarte putin picant, fiind axat mai mult pe arome de mirodenii decat pe ardei iute.<\/p>\n<p>Idei de retete pentru Chinese Spiced Beef:<\/p>\n<p>1. &#8222;Beef &amp; Broccoli&#8221; Stir-FryProfita de aromele chinezesti ale plicului pentru un pranz rapid.Ingrediente extra:<br \/>\nCateva buchetele de broccoli si putin sos de stridii (oyster sauce).<br \/>\nMod de preparare: Fierbe taiteii si scurge-i aproape de tot. Intr-o tigaie, trage broccoli-ul la foc iute, adauga taiteii, plicul de condimente si o lingurita de sos de stridii.<br \/>\nAmesteca bine 1 minut.<\/p>\n<p>2. Ramen cu &#8222;Urechi de Lemn&#8221; si OuIngrediente extra: Ciuperci urechi de lemn (hidratate) si un ou ochi.<br \/>\nVorbereitung:<br \/>\nAdauga ciupercile in supa in timp ce fierbi taiteii.<br \/>\nPune oul ochi deasupra la final. Textura crocanta a ciupercilor merge perfect cu aroma de vita condimentata.<\/p>\n<p>3. Upgrade cu &#8222;Ulei de Chili&#8221; (pentru amatorii de iute)Daca ti se pare prea &#8222;bland&#8221;, adauga o lingurita de Lao Gan Ma (ulei de chili chinezesc cu boabe de soia). Va transforma complet supa intr-una autentic picanta din regiunea Sichuan.<\/p>\n<p>&nbsp;<\/p>","protected":false},"excerpt":{"rendered":"<p>Mod de preparare: Puneti continutul plicului intr-o farfurie sau bol. Turnati peste ingrediente 500 ml de apa fierbinte. Acoperiti cu un capac timp de 3 minute. Se serveste calda. Nissin Ramen Chinese Spiced Beef (varianta &#8222;Snack Pack&#8221; de aproximativ 67g per pachet), o versiune a gamei Nissin inspirata de aromele chinezesti, cu o nota distincta [&#8230;]\n","protected":false},"featured_media":305673,"comment_status":"open","ping_status":"closed","template":"","meta":{"_acf_changed":false,"_seopress_robots_primary_cat":"1950","_seopress_titles_title":"","_seopress_titles_desc":"","_seopress_robots_index":""},"product_brand":[22913],"product_cat":[1555,1683,3372,17494,21594,3428,1950,1954],"giftcard-category":[],"class_list":{"0":"post-305671","1":"product","2":"type-product","3":"status-publish","4":"has-post-thumbnail","6":"product_brand-nissin","7":"product_cat-bacanie","8":"product_cat-conserve-mancare-gatita","9":"product_cat-conserve-produse-germania","10":"product_cat-influente-asiatice","11":"product_cat-noodles-supe-instant","12":"product_cat-paste-orez-ulei-otet-produse-germania","13":"product_cat-produse-germania","14":"product_cat-semipreparate","16":"first","17":"outofstock","18":"taxable","19":"shipping-taxable","20":"purchasable","21":"product-type-simple"},"acf":[],"_links":{"self":[{"href":"https:\/\/totalblue.ro\/de\/wp-json\/wp\/v2\/product\/305671","targetHints":{"allow":["GET"]}}],"collection":[{"href":"https:\/\/totalblue.ro\/de\/wp-json\/wp\/v2\/product"}],"about":[{"href":"https:\/\/totalblue.ro\/de\/wp-json\/wp\/v2\/types\/product"}],"replies":[{"embeddable":true,"href":"https:\/\/totalblue.ro\/de\/wp-json\/wp\/v2\/comments?post=305671"}],"wp:featuredmedia":[{"embeddable":true,"href":"https:\/\/totalblue.ro\/de\/wp-json\/wp\/v2\/media\/305673"}],"wp:attachment":[{"href":"https:\/\/totalblue.ro\/de\/wp-json\/wp\/v2\/media?parent=305671"}],"wp:term":[{"taxonomy":"product_brand","embeddable":true,"href":"https:\/\/totalblue.ro\/de\/wp-json\/wp\/v2\/product_brand?post=305671"},{"taxonomy":"product_cat","embeddable":true,"href":"https:\/\/totalblue.ro\/de\/wp-json\/wp\/v2\/product_cat?post=305671"},{"taxonomy":"giftcard-category","embeddable":true,"href":"https:\/\/totalblue.ro\/de\/wp-json\/wp\/v2\/giftcard-category?post=305671"}],"curies":[{"name":"wp","href":"https:\/\/api.w.org\/{rel}","templated":true}]}}