{"id":305691,"date":"2026-05-05T13:43:43","date_gmt":"2026-05-05T10:43:43","guid":{"rendered":"https:\/\/totalblue.ro\/?post_type=product&#038;p=305691"},"modified":"2026-05-05T13:46:50","modified_gmt":"2026-05-05T10:46:50","slug":"nissin-supa-instant-vita-picanta-100g-import-germania","status":"publish","type":"product","link":"https:\/\/totalblue.ro\/de\/produs\/nissin-supa-instant-vita-picanta-100g-import-germania\/","title":{"rendered":"Nissin Supa Instant Vita Picanta 100g, import Germania"},"content":{"rendered":"<p>Vorbereitung:<br \/>\nGeben Sie den Inhalt des Beutels in einen Teller oder eine Sch\u00fcssel.<br \/>\n500 ml hei\u00dfes Wasser \u00fcber die Zutaten gie\u00dfen.<br \/>\n3 Minuten lang mit einem Deckel abdecken.<br \/>\nHei\u00df servieren.<br \/>\nNissin Demae Ramen Spicy Beef (100g), este o varianta foarte populara care combina gustul clasic de vita cu o nota picanta, inspirata de aromele asiatice traditionale.<\/p>\n<p>Retete pentru Nissin Spicy Beef (Upgrade-uri rapide)Deoarece baza este deja picanta si are o aroma intensa de vita, retetele care adauga textura si &#8222;prospetime&#8221; functioneaza cel mai bine:<\/p>\n<p>1. Spicy Beef &#8222;Bulgogi Style&#8221;Ingrediente extra:<br \/>\nFelii subtiri de friptura de vita (sau resturi de gratar), ceapa verde si seminte de susan.<br \/>\nMod de preparare: Pregateste taiteii normal. Inainte de servire, adauga carnea de vita deasupra si presara multa ceapa verde taiata oblic si seminte de susan prajite.<br \/>\nIuteala supei se va potrivi perfect cu aroma carnii.<\/p>\n<p>2. Ramenul cu &#8222;Foc si Ou&#8221; (Red &amp; Gold)<br \/>\nIngrediente extra: Un ou ochi cu galbenusul moale si cateva rondele de ardei iute proaspat (daca vrei extra iuteala).<br \/>\nMod de preparare: Pune oul ochi deasupra bolului fierbinte.<br \/>\nCand vei sparge galbenusul in supa Spicy Beef, acesta va crea o textura cremoasa care va face iuteala mai \u201ecatifelata\u201d si mai suportabila.<\/p>\n<p>3. Stir-Fry &#8222;Vita cu Ciuperci&#8221; (Fara Supa)<br \/>\nIngrediente extra: Ciuperci champignon feliate si putin sos de soia.<br \/>\nMod de preparare: Fierbe taiteii doar 2 minute si scurge apa (pastreaza 2 linguri).<br \/>\nIntr-o tigaie, caleste ciupercile, adauga taiteii, plicul de condimente si cel de ulei din pachet.<br \/>\nAmesteca rapid la foc mare 1 minut.<br \/>\nGustul de vita va fi mult mai concentrat pe taitei.<\/p>\n<p>Sfat de gust:Spre deosebire de variantele vegane de la Nissin (cum sunt Miso sau Sesame), varianta Spicy Beef contine extract de carne de vita, deci nu este potrivita pentru dietele vegetariene sau de post.<\/p>\n<p>Varianta Spicy Beef de la Nissin este una dintre cele mai \u201emacho\u201d din gama, avand o aroma robusta de vita care suporta bine ingredientele cu gust puternic.<\/p>\n<p>Iata trei moduri creative de a prepara acest ramen, trecand de la o varianta cremoasa la una foarte consistenta:<\/p>\n<p>1. \u201eCheesy Beef\u201d Ramen (Stil Coreean)<br \/>\nAceasta este metoda perfecta daca iuteala ti se pare putin prea agresiva.<br \/>\nBranza se topeste in supa de vita si creeaza un sos dens si extrem de satisfacator.Ingrediente extra: 1 sau 2 felii de branza topita (Cheddar sau de tip \u201esandwich\u201d), porumb dulce.<br \/>\nMod de preparare: Prepara ramenul conform instructiunilor.<br \/>\nImediat ce l-ai pus in bol, asaza feliile de branza deasupra si presara porumbul.<br \/>\nNu amesteca imediat; lasa branza sa se topeasca de la aburi, apoi \u201epescuieste\u201d taiteii prin stratul de branza.<br \/>\nDe ce functioneaza: Combinatia de vita, ardei iute si branza este un clasic care nu da gres niciodata.<\/p>\n<p>2. Stir-Fry \u201eBlack Pepper Beef\u201d (Fara supa)Daca preferi taiteii prajiti, aceasta metoda concentreaza aroma de vita si ii da o nota usor afumata.<br \/>\nIngrediente extra: Mult piper negru proaspat macinat, ceapa taiata fasii groase, putin sos de soia.<br \/>\nMod de preparare: Fierbe taiteii doar 2 minute si scurge-i complet.<br \/>\nIntr-o tigaie cu putin ulei, caleste ceapa pana se inmoaie, adauga taiteii, plicul de condimente, uleiul din pachet si mult piper negru.<br \/>\nAmesteca la foc mare 1-2 minute pana cand taiteii incep sa se rumeneasca usor.<br \/>\nRezultat: Un fel de mancare intens, picant si aromat, care aduce aminte de bucataria chinezeasca.<\/p>\n<p>3. Ramen \u201eVita si Kimchi\u201d (Explozie de Umami)<br \/>\nDaca ai acces la un borcan de Kimchi, aceasta este probabil cea mai buna utilizare pentru el.<br \/>\nIngrediente extra: 2-3 linguri de Kimchi (varza fermentata coreeana) si un praf de zahar.<br \/>\nMod de preparare: Pune Kimchi-ul in apa care fierbe odata cu taiteii.<br \/>\nAdauga un praf de zahar pentru a balansa aciditatea fermentului.<br \/>\nLa final, adauga plicul de condimente Spicy Beef.<br \/>\nDe ce functioneaza: Aciditatea din Kimchi \u201etaie\u201d din greutatea aromei de vita, facand supa sa para mult mai complexa si vibranta.<br \/>\nMic secret de textura:<br \/>\nDaca vrei ca taiteii sa fie extra-elastici (chewy), scoate-i cu un cleste din apa clocotita si ridica-i deasupra oalei de cateva ori in timp ce fierb.<br \/>\nContactul cu aerul rece ii face sa se contracte si sa devina mai fermi.<\/p>","protected":false},"excerpt":{"rendered":"<p>Mod de preparare: Puneti continutul plicului intr-o farfurie sau bol. Turnati peste ingrediente 500 ml de apa fierbinte. Acoperiti cu un capac timp de 3 minute. Se serveste calda. Nissin Demae Ramen Spicy Beef (100g), este o varianta foarte populara care combina gustul clasic de vita cu o nota picanta, inspirata de aromele asiatice traditionale. [&#8230;]\n","protected":false},"featured_media":305695,"comment_status":"open","ping_status":"closed","template":"","meta":{"_acf_changed":false,"_seopress_robots_primary_cat":"1950","_seopress_titles_title":"","_seopress_titles_desc":"","_seopress_robots_index":""},"product_brand":[22913],"product_cat":[1555,1683,3372,17494,21594,3428,1950,1954],"giftcard-category":[],"class_list":{"0":"post-305691","1":"product","2":"type-product","3":"status-publish","4":"has-post-thumbnail","6":"product_brand-nissin","7":"product_cat-bacanie","8":"product_cat-conserve-mancare-gatita","9":"product_cat-conserve-produse-germania","10":"product_cat-influente-asiatice","11":"product_cat-noodles-supe-instant","12":"product_cat-paste-orez-ulei-otet-produse-germania","13":"product_cat-produse-germania","14":"product_cat-semipreparate","16":"first","17":"outofstock","18":"taxable","19":"shipping-taxable","20":"purchasable","21":"product-type-simple"},"acf":[],"_links":{"self":[{"href":"https:\/\/totalblue.ro\/de\/wp-json\/wp\/v2\/product\/305691","targetHints":{"allow":["GET"]}}],"collection":[{"href":"https:\/\/totalblue.ro\/de\/wp-json\/wp\/v2\/product"}],"about":[{"href":"https:\/\/totalblue.ro\/de\/wp-json\/wp\/v2\/types\/product"}],"replies":[{"embeddable":true,"href":"https:\/\/totalblue.ro\/de\/wp-json\/wp\/v2\/comments?post=305691"}],"wp:featuredmedia":[{"embeddable":true,"href":"https:\/\/totalblue.ro\/de\/wp-json\/wp\/v2\/media\/305695"}],"wp:attachment":[{"href":"https:\/\/totalblue.ro\/de\/wp-json\/wp\/v2\/media?parent=305691"}],"wp:term":[{"taxonomy":"product_brand","embeddable":true,"href":"https:\/\/totalblue.ro\/de\/wp-json\/wp\/v2\/product_brand?post=305691"},{"taxonomy":"product_cat","embeddable":true,"href":"https:\/\/totalblue.ro\/de\/wp-json\/wp\/v2\/product_cat?post=305691"},{"taxonomy":"giftcard-category","embeddable":true,"href":"https:\/\/totalblue.ro\/de\/wp-json\/wp\/v2\/giftcard-category?post=305691"}],"curies":[{"name":"wp","href":"https:\/\/api.w.org\/{rel}","templated":true}]}}