{"id":305701,"date":"2026-05-05T14:37:31","date_gmt":"2026-05-05T11:37:31","guid":{"rendered":"https:\/\/totalblue.ro\/?post_type=product&#038;p=305701"},"modified":"2026-05-05T14:40:02","modified_gmt":"2026-05-05T11:40:02","slug":"nissin-supa-instant-ramen-korean-hot-chili-65g","status":"publish","type":"product","link":"https:\/\/totalblue.ro\/de\/produs\/nissin-supa-instant-ramen-korean-hot-chili-65g\/","title":{"rendered":"Nissin Supa Instant Ramen Korean Hot Chili 65g"},"content":{"rendered":"<p>Vorbereitung:<br \/>\nGeben Sie den Inhalt des Beutels in einen Teller oder eine Sch\u00fcssel.<br \/>\n500 ml hei\u00dfes Wasser \u00fcber die Zutaten gie\u00dfen.<br \/>\n3 Minuten lang mit einem Deckel abdecken.<br \/>\nHei\u00df servieren.<\/p>\n<p>Nissin Ramen Korean Hot Chili (format \u201eSnack Pack\u201d de aproximativ 65g per pachet), o varianta picanta si aromata inspirata de bucataria coreeana, care este potrivita pentru vegetarieni.<\/p>\n<p>Retete pentru Korean Hot Chili (Upgrade-uri Vegetariene)<\/p>\n<p>Deoarece aceasta varianta are un profil de gust \u201ehot &amp; spicy\u201d, retetele care adauga cremozitate sau ingrediente proaspete functioneaza excelent:<\/p>\n<p>1. &#8222;Rose&#8221; Ramen Rapid (Cu Smantana)Inspirat de trendul \u201eRose\u201d din Coreea, care balanseaza iuteala cu lactatele.<br \/>\nIngrediente extra: 2 linguri de smantana de gatit (sau o lingura de crema de branza) si putin parmezan.<br \/>\nMod de preparare: Fierbe taiteii si scurge apa aproape de tot.<br \/>\nAdauga plicul de condimente si smantana.<br \/>\nAmesteca la foc mic 30 de secunde pana se formeaza un sos rozaliu si dens.<\/p>\n<p>2. Ramen cu &#8222;Ou de Aur&#8221; si Ceapa Verde<br \/>\nIngrediente extra: Un ou fiert exact 6 minute si multa ceapa verde tocata.<br \/>\nMod de preparare: Prepara supa conform instructiunilor.<br \/>\nPune oul taiat in jumatate deasupra; galbenusul moale se va scurge in supa picanta, oferindu-i o textura mult mai fina.<\/p>\n<p>3. Stir-Fry cu Tofu si Susan<br \/>\nIngrediente extra: Cubulete de tofu prajit si seminte de susan.<br \/>\nMod de preparare: Fierbe taiteii doar 2 minute, scurge-i si pune-i in tigaie peste tofu-ul deja rumenit.<br \/>\nAdauga plicul de condimente si doar un strop de apa.<br \/>\nAmesteca rapid la foc mare pana taiteii devin luciosi.<\/p>\n<p>Sfat de gust:Acest ramen are o iuteala \u201evibranta\u201d, dar nu extrema. Daca vrei sa ii dai o nota autentic coreeana, adauga un strop de ulei de susan chiar inainte de servire \u2013 acesta va amplifica aroma de chili prajit.<\/p>\n<p>Deoarece varianta Nissin Korean Hot Chili are un profil de gust \u201evibrant\u201d, bazat pe ardei iute si arome asiatice, retetele cele mai reusite sunt cele care adauga textura si ingrediente care pot absorbi sosul picant.<\/p>\n<p>Iata trei moduri inedite de a prepara acest ramen, pastrand profilul vegetarian:<\/p>\n<p>1. \u201eSpicy Peanut Noodles\u201d (Stil Dan Dan)<br \/>\nAceasta reteta transforma ramenul picant intr-o masa cremoasa, cu un gust bogat de nuca, care domoleste considerabil iuteala ardeiului.<br \/>\nIngrediente extra: 1 lingura de unt de arahide (fara zahar adaugat), 1 lingurita de sos de soia si un praf de usturoi granulat.<br \/>\nMod de preparare: Fierbe taiteii si scurge apa, pastrand doar 3-4 linguri. Intr-un bol, amesteca untul de arahide cu plicul de condimente, sosul de soia si apa pastrata pana obtii o pasta.<br \/>\nAdauga taiteii fierbinti si amesteca bine.<br \/>\nFinalizare: Serveste cu arahide zdrobite deasupra pentru un contrast crocant.<\/p>\n<p>2. Ramen \u201eGratinat\u201d la TigaieO varianta rapida si extrem de satisfacatoare, ideala pentru iubitorii de branza.Ingrediente extra: O mana de mozzarella rasa si cateva rondele de ardei gras sau porumb.<br \/>\nMod de preparare: Fierbe taiteii doar 2 minute si scurge apa complet.<br \/>\nPune-i intr-o tigaie mica antiaderenta, presara plicul de condimente si amesteca.<br \/>\nUniformizeaza taiteii ca pe o clatita, pune mozzarella deasupra si acopera tigaia cu un capac timp de 1-2 minute, la foc mic.<br \/>\nRezultat: Branza se va topi si va crea un strat elastic peste taiteii picante, facand fiecare furculita o adevarata placere.<\/p>\n<p>3. \u201eHot &amp; Sour\u201d Veggie SoupFoloseste baza picanta a pachetului pentru a crea o supa complexa, inspirata de aromele thailandeze.<br \/>\nIngrediente extra: Sucul de la o jumatate de lime, cateva ciuperci feliate si tulpini de coriandru (sau patrunjel).<br \/>\nMod de preparare: Adauga ciupercile in apa in care fierb taiteii.<br \/>\nDupa ce ai stins focul si ai pus plicul de condimente, stoarce lime-ul deasupra si adauga verdeata.<br \/>\nDe ce functioneaza: Aciditatea lime-ului transforma iuteala simpla intr-o experienta \u201ehot &amp; sour\u201d (iute-acrisoara) mult mai rafinata.<\/p>\n<p>Mic truc de \u201eSnack Pack\u201d:Fiind un pachet mai mic (65g), poti folosi taiteii zdrobiti direct in punga, amestecati cu condimentele, ca pe un topping crocant pentru o salata de varza sau de legume verzi. Nu trebuie neaparat fierti daca vrei o gustare rapida tip \u201echipsuri\u201d.<\/p>","protected":false},"excerpt":{"rendered":"<p>Mod de preparare: Puneti continutul plicului intr-o farfurie sau bol. Turnati peste ingrediente 500 ml de apa fierbinte. Acoperiti cu un capac timp de 3 minute. Se serveste calda. Nissin Ramen Korean Hot Chili (format \u201eSnack Pack\u201d de aproximativ 65g per pachet), o varianta picanta si aromata inspirata de bucataria coreeana, care este potrivita pentru [&#8230;]\n","protected":false},"featured_media":305702,"comment_status":"open","ping_status":"closed","template":"","meta":{"_acf_changed":false,"_seopress_robots_primary_cat":"1950","_seopress_titles_title":"","_seopress_titles_desc":"","_seopress_robots_index":""},"product_brand":[22913],"product_cat":[1555,1683,3372,17494,21594,3428,21826,1950,1954,22064],"giftcard-category":[],"class_list":{"0":"post-305701","1":"product","2":"type-product","3":"status-publish","4":"has-post-thumbnail","6":"product_brand-nissin","7":"product_cat-bacanie","8":"product_cat-conserve-mancare-gatita","9":"product_cat-conserve-produse-germania","10":"product_cat-influente-asiatice","11":"product_cat-noodles-supe-instant","12":"product_cat-paste-orez-ulei-otet-produse-germania","13":"product_cat-produse-bio-dietetice","14":"product_cat-produse-germania","15":"product_cat-semipreparate","16":"product_cat-vegetarian","18":"first","19":"outofstock","20":"taxable","21":"shipping-taxable","22":"purchasable","23":"product-type-simple"},"acf":[],"_links":{"self":[{"href":"https:\/\/totalblue.ro\/de\/wp-json\/wp\/v2\/product\/305701","targetHints":{"allow":["GET"]}}],"collection":[{"href":"https:\/\/totalblue.ro\/de\/wp-json\/wp\/v2\/product"}],"about":[{"href":"https:\/\/totalblue.ro\/de\/wp-json\/wp\/v2\/types\/product"}],"replies":[{"embeddable":true,"href":"https:\/\/totalblue.ro\/de\/wp-json\/wp\/v2\/comments?post=305701"}],"wp:featuredmedia":[{"embeddable":true,"href":"https:\/\/totalblue.ro\/de\/wp-json\/wp\/v2\/media\/305702"}],"wp:attachment":[{"href":"https:\/\/totalblue.ro\/de\/wp-json\/wp\/v2\/media?parent=305701"}],"wp:term":[{"taxonomy":"product_brand","embeddable":true,"href":"https:\/\/totalblue.ro\/de\/wp-json\/wp\/v2\/product_brand?post=305701"},{"taxonomy":"product_cat","embeddable":true,"href":"https:\/\/totalblue.ro\/de\/wp-json\/wp\/v2\/product_cat?post=305701"},{"taxonomy":"giftcard-category","embeddable":true,"href":"https:\/\/totalblue.ro\/de\/wp-json\/wp\/v2\/giftcard-category?post=305701"}],"curies":[{"name":"wp","href":"https:\/\/api.w.org\/{rel}","templated":true}]}}