{"id":30979,"date":"2021-06-17T14:33:00","date_gmt":"2021-06-17T11:33:00","guid":{"rendered":"https:\/\/totalblue.ro\/?post_type=product&#038;p=30979"},"modified":"2025-08-04T13:05:01","modified_gmt":"2025-08-04T10:05:01","slug":"pita-broodjes-gwoon-10-bucati-500g","status":"publish","type":"product","link":"https:\/\/totalblue.ro\/de\/produs\/pita-broodjes-gwoon-10-bucati-500g\/","title":{"rendered":"Pita Broodjes G'woon 10 Bites 500g"},"content":{"rendered":"<p>Pita Broodjes G'woon 10 Bites 500g<br \/>\n<span class=\"HwtZe\" lang=\"ro\"> <span class=\"jCAhz ChMk0b\"><span class=\"ryNqvb\">Ingrediente: F\u0102IN\u0102 DE GR\u00c2U, ap\u0103, drojdie, sare, dextroz\u0103.<br \/>\n<\/span><\/span><\/span><span class=\"HwtZe\" lang=\"ro\"><span class=\"jCAhz\"><span class=\"ryNqvb\">Informa\u021bii despre alergii: <\/span><\/span><span class=\"jCAhz\"><span class=\"ryNqvb\">Cerealele care con\u021bin gluten, gr\u00e2u \u0219i produse pe baz\u0103 de gr\u00e2u<br \/>\n<\/span><\/span><\/span><span class=\"HwtZe\" lang=\"ro\"><span class=\"jCAhz ChMk0b\"><span class=\"ryNqvb\">Mod de preparare : Scoate\u021bi ambalajul \u0219i umezi\u021bi u\u0219or rulourile. <\/span><\/span><span class=\"jCAhz ChMk0b\"><span class=\"ryNqvb\">Se prepar\u0103 la cuptor (4-6 min la 240\u2070C), pr\u0103jitor de p\u00e2ine (2-3 min) \u0219i gr\u0103tar (2-3 min).<br \/>\nN\u00e4hrwertangaben \/ 100 g:<br \/>\nEnergie 1028 kJ \/ 243 kcal<br \/>\nGrasimi 1 g din care acizi saturati 0.2 g<br \/>\nCarbohidrati 48.5 g din care zaharuri 1.9 g<br \/>\nFibe 3 g<br \/>\nProteine \u200b\u200b8.4 g<br \/>\nSalz 1 g<br \/>\n<\/span><\/span><\/span><\/p>\n<p>Hergestellt in Holland von G'woon , Antwoordnummer 3500, 4140 VH BEESD,<br \/>\nEinf\u00fchrer und H\u00e4ndler Total Blue Impex SRL<\/p>\n<div class=\"gdlr-core-pbf-column-content clearfix gdlr-core-js gdlr-core-sync-height-content\">\n<div class=\"gdlr-core-pbf-element\">\n<div class=\"gdlr-core-text-box-item gdlr-core-item-pdlr gdlr-core-item-pdb gdlr-core-left-align textdetaliiprodus\">\n<div class=\"gdlr-core-text-box-item-content\"><\/div>\n<\/div>\n<\/div>\n<\/div>","protected":false},"excerpt":{"rendered":"<p>Pita Broodjes G'woon 10 Bites 500g<\/p>","protected":false},"featured_media":53438,"comment_status":"open","ping_status":"closed","template":"","meta":{"_acf_changed":false,"_seopress_robots_primary_cat":"none","_seopress_titles_title":"","_seopress_titles_desc":"","_seopress_robots_index":""},"product_brand":[1971],"product_cat":[1555,3296,1506,3304,1767,1954],"giftcard-category":[],"class_list":{"0":"post-30979","1":"product","2":"type-product","3":"status-publish","4":"has-post-thumbnail","6":"product_brand-gwoon","7":"product_cat-bacanie","8":"product_cat-brutarie-patiserie","9":"product_cat-cafea-ceai-mic-dejun","10":"product_cat-mic-dejun-produse-olanda","11":"product_cat-produse-olanda","12":"product_cat-semipreparate","14":"first","15":"outofstock","16":"taxable","17":"shipping-taxable","18":"purchasable","19":"product-type-simple"},"acf":[],"_links":{"self":[{"href":"https:\/\/totalblue.ro\/de\/wp-json\/wp\/v2\/product\/30979","targetHints":{"allow":["GET"]}}],"collection":[{"href":"https:\/\/totalblue.ro\/de\/wp-json\/wp\/v2\/product"}],"about":[{"href":"https:\/\/totalblue.ro\/de\/wp-json\/wp\/v2\/types\/product"}],"replies":[{"embeddable":true,"href":"https:\/\/totalblue.ro\/de\/wp-json\/wp\/v2\/comments?post=30979"}],"wp:featuredmedia":[{"embeddable":true,"href":"https:\/\/totalblue.ro\/de\/wp-json\/wp\/v2\/media\/53438"}],"wp:attachment":[{"href":"https:\/\/totalblue.ro\/de\/wp-json\/wp\/v2\/media?parent=30979"}],"wp:term":[{"taxonomy":"product_brand","embeddable":true,"href":"https:\/\/totalblue.ro\/de\/wp-json\/wp\/v2\/product_brand?post=30979"},{"taxonomy":"product_cat","embeddable":true,"href":"https:\/\/totalblue.ro\/de\/wp-json\/wp\/v2\/product_cat?post=30979"},{"taxonomy":"giftcard-category","embeddable":true,"href":"https:\/\/totalblue.ro\/de\/wp-json\/wp\/v2\/giftcard-category?post=30979"}],"curies":[{"name":"wp","href":"https:\/\/api.w.org\/{rel}","templated":true}]}}