{"id":30990,"date":"2021-06-17T14:55:03","date_gmt":"2021-06-17T11:55:03","guid":{"rendered":"https:\/\/totalblue.ro\/?post_type=product&#038;p=30990"},"modified":"2026-02-11T20:39:04","modified_gmt":"2026-02-11T18:39:04","slug":"maggi-jus-pikant-juspoeder-18-g","status":"publish","type":"product","link":"https:\/\/totalblue.ro\/de\/produs\/maggi-jus-pikant-juspoeder-18-g\/","title":{"rendered":"Maggi Jus pikant juspoeder 18 g"},"content":{"rendered":"<p><strong>Maggi Jus pikant juspoeder 18 g<\/strong><br \/>\nAmestec de condimente pentru un sos delicios cu gust picant.<br \/>\nIdeal pentru 275 ml sos. Gata in 2 minute !<br \/>\n<strong>Vorbereitung:<\/strong><br \/>\n1) Topiti 25g unt \u0219i lasati-l sa devina maro deschis sau lua\u021bi un rest de lichid de gatit si incalziti-l.<br \/>\n2) Adaugati 250 ml de apa \u0219i con\u021binutul plicului.<br \/>\n3) Aduce\u021bi-l la punctul de fierbere amestecand cu un tel \u0219i sosul dvs. este gata.<br \/>\nPentru variatie puteti adauga 1 lingurita de curry sau pasta de rosii.<br \/>\n<strong>Zutat<\/strong>: amidon de cartofi, sare, zahar caramelizat, extract de drojdie, ceapa, rosii (5,9%), arome (con\u021bine gluten), poten\u021batori de arom\u0103 (E621, E627, E631), piper verde (1,7%), patrunjel, ulei de floarea soarelui, boia, proteine \u200b\u200bvegetale hidrolizate (con\u021bine grau), extract de ardei iute, extract de boia. Poate contine \u021belin\u0103, ou, lapte, mustar, soia.<br \/>\n<strong>Allergene:<\/strong> contine cereale care contin gluten, grau<br \/>\nPoate con\u021bine: telin\u0103, oua, lapte, mustar, soia<br \/>\n<strong>Ern\u00e4hrung:<br \/>\n<\/strong>Energie 1278 kJ (301 kcal)<br \/>\nGrasimi 1,9 g din care saturati 0,5 g<br \/>\nCarbohidrati 56,2 g din care zaharuri 6,4 g<br \/>\nBallaststoffe 2,3 g<br \/>\nProteine \u200b\u200b13,4 g<br \/>\nSare 18,9 g<strong><br \/>\n<\/strong>Nestl\u00e9 Nederland, Postbus 134, 1180 AC Amstelveen, Nederland<br \/>\nEinf\u00fchrer und H\u00e4ndler Total Blue Impex SRL<\/p>\n<p>Retetele produselor se pot schimba. Informa\u021biile furnizate aici se refera la gama germana valabila \u00een prezent \u0219i sunt actualizate periodic. In cazul modificarilor retetei, produsele cu reteta veche \u0219i cea noua pot fi gasite \u00een magazine. Prin urmare, cumparatorul trebuie sa citeasca cu aten\u021bie toate informa\u021biile de pe ambalaj. Acest lucru se aplic\u0103 \u00een special listei de ingrediente pentru a lua \u00een considerare intoleran\u021bele.<strong><br \/>\n<\/strong><\/p>","protected":false},"excerpt":{"rendered":"<p>Maggi Jus pikant juspoeder 18 g<\/p>","protected":false},"featured_media":30991,"comment_status":"open","ping_status":"closed","template":"","meta":{"_acf_changed":false,"_seopress_robots_primary_cat":"none","_seopress_titles_title":"","_seopress_titles_desc":"","_seopress_robots_index":""},"product_brand":[1869],"product_cat":[1555,3280,1767],"giftcard-category":[],"class_list":{"0":"post-30990","1":"product","2":"type-product","3":"status-publish","4":"has-post-thumbnail","6":"product_brand-maggi","7":"product_cat-bacanie","8":"product_cat-condimente-sosuri","9":"product_cat-produse-olanda","11":"first","12":"instock","13":"taxable","14":"shipping-taxable","15":"purchasable","16":"product-type-simple"},"acf":[],"_links":{"self":[{"href":"https:\/\/totalblue.ro\/de\/wp-json\/wp\/v2\/product\/30990","targetHints":{"allow":["GET"]}}],"collection":[{"href":"https:\/\/totalblue.ro\/de\/wp-json\/wp\/v2\/product"}],"about":[{"href":"https:\/\/totalblue.ro\/de\/wp-json\/wp\/v2\/types\/product"}],"replies":[{"embeddable":true,"href":"https:\/\/totalblue.ro\/de\/wp-json\/wp\/v2\/comments?post=30990"}],"wp:featuredmedia":[{"embeddable":true,"href":"https:\/\/totalblue.ro\/de\/wp-json\/wp\/v2\/media\/30991"}],"wp:attachment":[{"href":"https:\/\/totalblue.ro\/de\/wp-json\/wp\/v2\/media?parent=30990"}],"wp:term":[{"taxonomy":"product_brand","embeddable":true,"href":"https:\/\/totalblue.ro\/de\/wp-json\/wp\/v2\/product_brand?post=30990"},{"taxonomy":"product_cat","embeddable":true,"href":"https:\/\/totalblue.ro\/de\/wp-json\/wp\/v2\/product_cat?post=30990"},{"taxonomy":"giftcard-category","embeddable":true,"href":"https:\/\/totalblue.ro\/de\/wp-json\/wp\/v2\/giftcard-category?post=30990"}],"curies":[{"name":"wp","href":"https:\/\/api.w.org\/{rel}","templated":true}]}}