{"id":30997,"date":"2021-06-17T15:47:38","date_gmt":"2021-06-17T12:47:38","guid":{"rendered":"https:\/\/totalblue.ro\/?post_type=product&#038;p=30997"},"modified":"2025-04-30T10:35:48","modified_gmt":"2025-04-30T07:35:48","slug":"condimente-conimex-mix-nasi-goreng-37-g","status":"publish","type":"product","link":"https:\/\/totalblue.ro\/de\/produs\/condimente-conimex-mix-nasi-goreng-37-g\/","title":{"rendered":"Condimente Conimex Mix Nasi Goreng 37 g"},"content":{"rendered":"<p>Conimex Mix Nasi Goreng 37 g<br \/>\nNasi este cel mai faimos fel de mancare din bucataria indoneziana. Cu acest pachet puteti prepara mancare gustoasa, usoara, cu ierburi \u0219i legume proaspete.<br \/>\nNasi Special a fost conceput in Indonezia ca o interac\u021biune intre orez, condimente si carne de porc. Ierburile sunt amestecate \u0219i uscate.<br \/>\nAdaugati un pachet de legume cu orez prajit ( 250 g), 1 ardei rosu taiat bucati , 200 g piept de pui, 150 g t\u0103i\u021bei Conimex \u0219i 50 ml apa.<br \/>\n<strong>Inhaltsstoff:<\/strong> Legume 52% (ceapa, morcov, praz, fenicul), sare, coriandru, pudra de usturoi, praf de sos de soia (sare, soia, grau, ulei de floarea soarelui), ghimbir, aroma naturala, extract de drojdie (con\u021bine orz), chimen, extract de mal\u021b de orz, turmeric, ulei de rapita, radacina de galanga, piper, ardei iute, frunze de dafin, lovage<br \/>\n<strong>Allergene:<\/strong> Poate contine lapte, ou, telina, mustar. Con\u021bine: orz, cereale care contin gluten, soia, grau<br \/>\n<strong>Lagerung:<\/strong> An einem trockenen Ort bei Raumtemperatur aufbewahren.<\/p>\n<p><strong>Ern\u00e4hrung:<\/strong><br \/>\nEnergie 1236 kJ (295 kcal)<br \/>\nGrasime 5,1 g din care grasimi saturate 0.6 g<br \/>\nCarbohidrati 42 g din care zaharuri 11 g<br \/>\nFibre alimentare 18 g<br \/>\nProteine \u200b\u200b12 g<br \/>\nSare 13.1 g<\/p>\n<p>Conimex bezieht seit 1932 k\u00f6stliche authentische orientalische Aromen aus den Niederlanden und hat sich im Laufe der Jahre zu einer bekannten Marke mit einem inspirierenden Sortiment von \u00fcber 150 Produkten entwickelt. Viele der Rohstoffe werden direkt aus L\u00e4ndern des Fernen Ostens wie Indonesien, China und Thailand importiert. Mit den Produkten von Conimex k\u00f6nnen Sie in nur wenigen Schritten ein gro\u00dfartiges Gericht mit k\u00f6stlichen orientalischen Aromen zubereiten.<\/p>","protected":false},"excerpt":{"rendered":"<p>Conimex Mix Nasi Goreng 37 g<\/p>","protected":false},"featured_media":106550,"comment_status":"open","ping_status":"closed","template":"","meta":{"_acf_changed":false,"_seopress_robots_primary_cat":"none","_seopress_titles_title":"","_seopress_titles_desc":"","_seopress_robots_index":""},"product_brand":[1949],"product_cat":[1555,1451,3280,17494,1767],"giftcard-category":[],"class_list":{"0":"post-30997","1":"product","2":"type-product","3":"status-publish","4":"has-post-thumbnail","6":"product_brand-conimex","7":"product_cat-bacanie","8":"product_cat-condimente-produse-instant","9":"product_cat-condimente-sosuri","10":"product_cat-influente-asiatice","11":"product_cat-produse-olanda","13":"first","14":"outofstock","15":"taxable","16":"shipping-taxable","17":"purchasable","18":"product-type-simple"},"acf":[],"_links":{"self":[{"href":"https:\/\/totalblue.ro\/de\/wp-json\/wp\/v2\/product\/30997","targetHints":{"allow":["GET"]}}],"collection":[{"href":"https:\/\/totalblue.ro\/de\/wp-json\/wp\/v2\/product"}],"about":[{"href":"https:\/\/totalblue.ro\/de\/wp-json\/wp\/v2\/types\/product"}],"replies":[{"embeddable":true,"href":"https:\/\/totalblue.ro\/de\/wp-json\/wp\/v2\/comments?post=30997"}],"wp:featuredmedia":[{"embeddable":true,"href":"https:\/\/totalblue.ro\/de\/wp-json\/wp\/v2\/media\/106550"}],"wp:attachment":[{"href":"https:\/\/totalblue.ro\/de\/wp-json\/wp\/v2\/media?parent=30997"}],"wp:term":[{"taxonomy":"product_brand","embeddable":true,"href":"https:\/\/totalblue.ro\/de\/wp-json\/wp\/v2\/product_brand?post=30997"},{"taxonomy":"product_cat","embeddable":true,"href":"https:\/\/totalblue.ro\/de\/wp-json\/wp\/v2\/product_cat?post=30997"},{"taxonomy":"giftcard-category","embeddable":true,"href":"https:\/\/totalblue.ro\/de\/wp-json\/wp\/v2\/giftcard-category?post=30997"}],"curies":[{"name":"wp","href":"https:\/\/api.w.org\/{rel}","templated":true}]}}