{"id":31000,"date":"2021-06-17T15:57:22","date_gmt":"2021-06-17T12:57:22","guid":{"rendered":"https:\/\/totalblue.ro\/?post_type=product&#038;p=31000"},"modified":"2025-04-29T16:34:53","modified_gmt":"2025-04-29T13:34:53","slug":"conimex-mix-bami-goreng-43g","status":"publish","type":"product","link":"https:\/\/totalblue.ro\/de\/produs\/conimex-mix-bami-goreng-43g\/","title":{"rendered":"Conimex Mix Bami Goreng 43g"},"content":{"rendered":"<p>Conimex Mix Bami Goreng 43g<\/p>\n<p><strong>Inhaltsstoff:<\/strong> Legume 51% (ceapa, morcov, praz, telina), sare, aroma naturala (contine telina), usturoi, sos de soia (sare, soie, grau, ulei de floarea soarelui), ghimbir, coriandru, chimen, ulei de rapita, amidon de cartofi , curcuma, piper<br \/>\n<strong>Allergene:<\/strong> contine telina, soia, grau, cereale care contin gluten. Poate contine lapte, ou, mustar.<br \/>\n<strong>Lagerung:<\/strong> An einem trockenen Ort bei Raumtemperatur aufbewahren.<\/p>\n<p><strong>Ern\u00e4hrung:<\/strong><br \/>\nEnergie 1166 kJ (279 kcal)<br \/>\nGrasime 5 g din care grasimi saturate 0,6 g<br \/>\nCarbohidra\u021bi 42 g din care zaharuri 11 g<br \/>\nFibre alimentare 14 g<br \/>\nProteine \u200b\u200b9.4 g<br \/>\nSare 20.3 g<\/p>\n<p><strong>Empfohlene Zubereitung:<\/strong><br \/>\nAveti nevoie de:<br \/>\n\u2022 Pachet de legume cu taitei ( 450 g)<br \/>\n\u2022 50 g cuburi de sunca<br \/>\n\u2022 250 g carne de porc cubulete<br \/>\n\u2022 250 g Conimex Mie<br \/>\n\u2022 Conimex Wok Oil<\/p>\n<p>1. Rupeti taiteii in cateva bucati. Gatiti taiteii conform instructiunilor de pregatire de pe ambalaj. Se scurg, se clateste cu apa rece \u0219i se scurg.<br \/>\n2. Pune\u021bi continutul acestui plic \u00een 100 ml de ap\u0103 clocotita.<br \/>\n3. Incalziti 2 linguri de ulei de wok intr-un wok. Se amesteca porcul prajit.<br \/>\n4. Adaugati amestecul inmuiat pentru Bami Goreng.<br \/>\n5. Apoi se adauga legumele proaspete \u0219i se amesteca 2 minute.<br \/>\n6. In cele din urma adaugati cuburile de sunca si taitei scurse \u0219i incalziti, amestecand continuu.<br \/>\nSugestii :<br \/>\n1. Delicios cu sambal Conimex \u0219i sos de soia dup\u0103 gust, servi\u021bi cu atjar \u0219i biscui\u021bi de creve\u021bi.<br \/>\n2. Ziua fara carne: Pregati\u021bi taitei fara carne \u0219i serviti cu omleta \u0219i sos satay.<\/p>\n<p>Conimex bezieht seit 1932 k\u00f6stliche authentische orientalische Aromen aus den Niederlanden und hat sich im Laufe der Jahre zu einer bekannten Marke mit einem inspirierenden Sortiment von \u00fcber 150 Produkten entwickelt. Viele der Rohstoffe werden direkt aus L\u00e4ndern des Fernen Ostens wie Indonesien, China und Thailand importiert. Mit den Produkten von Conimex k\u00f6nnen Sie in nur wenigen Schritten ein gro\u00dfartiges Gericht mit k\u00f6stlichen orientalischen Aromen zubereiten.<\/p>","protected":false},"excerpt":{"rendered":"<p>Conimex Mix Bami Goreng 43g<\/p>","protected":false},"featured_media":106546,"comment_status":"open","ping_status":"closed","template":"","meta":{"_acf_changed":false,"_seopress_robots_primary_cat":"none","_seopress_titles_title":"","_seopress_titles_desc":"","_seopress_robots_index":""},"product_brand":[1949],"product_cat":[1555,3280,1451,17494,1767],"giftcard-category":[],"class_list":{"0":"post-31000","1":"product","2":"type-product","3":"status-publish","4":"has-post-thumbnail","6":"product_brand-conimex","7":"product_cat-bacanie","8":"product_cat-condimente-sosuri","9":"product_cat-condimente-produse-instant","10":"product_cat-influente-asiatice","11":"product_cat-produse-olanda","13":"first","14":"outofstock","15":"taxable","16":"shipping-taxable","17":"purchasable","18":"product-type-simple"},"acf":[],"_links":{"self":[{"href":"https:\/\/totalblue.ro\/de\/wp-json\/wp\/v2\/product\/31000","targetHints":{"allow":["GET"]}}],"collection":[{"href":"https:\/\/totalblue.ro\/de\/wp-json\/wp\/v2\/product"}],"about":[{"href":"https:\/\/totalblue.ro\/de\/wp-json\/wp\/v2\/types\/product"}],"replies":[{"embeddable":true,"href":"https:\/\/totalblue.ro\/de\/wp-json\/wp\/v2\/comments?post=31000"}],"wp:featuredmedia":[{"embeddable":true,"href":"https:\/\/totalblue.ro\/de\/wp-json\/wp\/v2\/media\/106546"}],"wp:attachment":[{"href":"https:\/\/totalblue.ro\/de\/wp-json\/wp\/v2\/media?parent=31000"}],"wp:term":[{"taxonomy":"product_brand","embeddable":true,"href":"https:\/\/totalblue.ro\/de\/wp-json\/wp\/v2\/product_brand?post=31000"},{"taxonomy":"product_cat","embeddable":true,"href":"https:\/\/totalblue.ro\/de\/wp-json\/wp\/v2\/product_cat?post=31000"},{"taxonomy":"giftcard-category","embeddable":true,"href":"https:\/\/totalblue.ro\/de\/wp-json\/wp\/v2\/giftcard-category?post=31000"}],"curies":[{"name":"wp","href":"https:\/\/api.w.org\/{rel}","templated":true}]}}