{"id":31228,"date":"2021-06-24T13:23:09","date_gmt":"2021-06-24T10:23:09","guid":{"rendered":"https:\/\/totalblue.ro\/?post_type=product&#038;p=31228"},"modified":"2026-02-07T18:02:15","modified_gmt":"2026-02-07T16:02:15","slug":"appelmoes-sos-de-mere-de-calitate-extra-hak-710-g","status":"publish","type":"product","link":"https:\/\/totalblue.ro\/de\/produs\/appelmoes-sos-de-mere-de-calitate-extra-hak-710-g\/","title":{"rendered":"Appelmoes Apfelmus Extra Qualit\u00e4t Hak 710 g"},"content":{"rendered":"<p>Hak Appelmoes extra kwaliteit 710 g<br \/>\nAppelmoes Apfelmus Extra Qualit\u00e4t Hak 710 g<br \/>\nHak-Apfelmus wird aus sorgf\u00e4ltig ausgew\u00e4hlten \u00c4pfeln hergestellt. Eine einzigartige Kombination aus 3 Apfelsorten. Die Mischung aus 3 Apfelsorten sorgt f\u00fcr einen einzigartigen Geschmack und eine feste Struktur. Ein k\u00f6stliches Dessert!<br \/>\n<strong>Inhaltsstoff:<\/strong> \u00c4pfel (96,3%), Zucker, Zitronensaftkonzentrat, Antioxidationsmittel (Ascorbins\u00e4ure).<br \/>\nVegetarisches Produkt.<br \/>\nGlutenfrei.<br \/>\n<strong>Empfehlungen:<\/strong> Verwenden Sie einen Holz- oder Plastikl\u00f6ffel. Verwenden Sie den Inhalt nicht, wenn der Deckel gew\u00f6lbt ist.<br \/>\nMit Schlagsahne oder Rosinen servieren.<br \/>\nKann in Eisformen gef\u00fcllt und in den Gefrierschrank gelegt werden. Genie\u00dfen Sie ein k\u00f6stliches frisches Apfeleis!<br \/>\nKann in Torten verwendet werden.<br \/>\n<strong>Lagerungsbedingungen:<\/strong> Nach dem \u00d6ffnen k\u00fchl stellen (max. 7\u00b0C)<br \/>\nN\u00e4hrwertangaben \/ 100 g:<br \/>\nEnergie: 256 kJ \/ 61 kcal<br \/>\nGrasimi: 0.2 g din care acizi grasi saturati: 0 g<br \/>\nCarbohidrati 13.5 g sau care zaharuri 1.9 g<br \/>\nProteine: 0.3 g<br \/>\nSare: 0.01 g<br \/>\nAufmachung: Glasgef\u00e4\u00df mit Deckel.<br \/>\nHergestellt in den Niederlanden von HAK B.V.<br \/>\nPostbus 2, 4283 ZG Giessen, Holland<br \/>\nEinf\u00fchrer und H\u00e4ndler Total Blue Impex SRL<br \/>\n<a href=\"https:\/\/totalblue.ro\/wp-content\/uploads\/2021\/04\/nutri-score.jpg\"><img loading=\"lazy\" decoding=\"async\" class=\"alignnone wp-image-28257\" src=\"https:\/\/totalblue.ro\/wp-content\/uploads\/2021\/04\/nutri-score.jpg\" alt=\"\" width=\"211\" height=\"148\" srcset=\"https:\/\/totalblue.ro\/wp-content\/uploads\/2021\/04\/nutri-score.jpg 500w, https:\/\/totalblue.ro\/wp-content\/uploads\/2021\/04\/nutri-score-100x70.jpg 100w\" sizes=\"auto, (max-width: 211px) 100vw, 211px\" \/><\/a><\/p>\n<p>&nbsp;<\/p>","protected":false},"excerpt":{"rendered":"<p>Hak Appelmoes extra kwaliteit 710 g<br \/>\nAppelmoes Apfelmus Extra Qualit\u00e4t Hak 710 g<\/p>","protected":false},"featured_media":28256,"comment_status":"open","ping_status":"closed","template":"","meta":{"_acf_changed":false,"_seopress_robots_primary_cat":"1767","_seopress_titles_title":"","_seopress_titles_desc":"Sosul de mere Hak este fabricat din mere atent selectionate. O combinatie unica din 3 soiuri de mere delicioase.","_seopress_robots_index":""},"product_brand":[2014],"product_cat":[1555,1506,3280,1683,1767],"giftcard-category":[],"class_list":{"0":"post-31228","1":"product","2":"type-product","3":"status-publish","4":"has-post-thumbnail","6":"product_brand-hak","7":"product_cat-bacanie","8":"product_cat-cafea-ceai-mic-dejun","9":"product_cat-condimente-sosuri","10":"product_cat-conserve-mancare-gatita","11":"product_cat-produse-olanda","13":"first","14":"instock","15":"taxable","16":"shipping-taxable","17":"purchasable","18":"product-type-simple"},"acf":[],"_links":{"self":[{"href":"https:\/\/totalblue.ro\/de\/wp-json\/wp\/v2\/product\/31228","targetHints":{"allow":["GET"]}}],"collection":[{"href":"https:\/\/totalblue.ro\/de\/wp-json\/wp\/v2\/product"}],"about":[{"href":"https:\/\/totalblue.ro\/de\/wp-json\/wp\/v2\/types\/product"}],"replies":[{"embeddable":true,"href":"https:\/\/totalblue.ro\/de\/wp-json\/wp\/v2\/comments?post=31228"}],"wp:featuredmedia":[{"embeddable":true,"href":"https:\/\/totalblue.ro\/de\/wp-json\/wp\/v2\/media\/28256"}],"wp:attachment":[{"href":"https:\/\/totalblue.ro\/de\/wp-json\/wp\/v2\/media?parent=31228"}],"wp:term":[{"taxonomy":"product_brand","embeddable":true,"href":"https:\/\/totalblue.ro\/de\/wp-json\/wp\/v2\/product_brand?post=31228"},{"taxonomy":"product_cat","embeddable":true,"href":"https:\/\/totalblue.ro\/de\/wp-json\/wp\/v2\/product_cat?post=31228"},{"taxonomy":"giftcard-category","embeddable":true,"href":"https:\/\/totalblue.ro\/de\/wp-json\/wp\/v2\/giftcard-category?post=31228"}],"curies":[{"name":"wp","href":"https:\/\/api.w.org\/{rel}","templated":true}]}}