{"id":31317,"date":"2021-06-25T16:02:51","date_gmt":"2021-06-25T13:02:51","guid":{"rendered":"https:\/\/totalblue.ro\/?post_type=product&#038;p=31317"},"modified":"2026-03-24T12:37:39","modified_gmt":"2026-03-24T10:37:39","slug":"erdnusse-mit-knusprigem-uberzug-tijger-nootjes-bbq-paprika-smaak-duyvis-275-g","status":"publish","type":"product","link":"https:\/\/totalblue.ro\/de\/produs\/arahide-cu-strat-crocant-tijger-nootjes-bbq-paprika-smaak-duyvis-275-g\/","title":{"rendered":"Erdn\u00fcsse mit knusprigem \u00dcberzug Tijger Nootjes BBQ Paprika Smaak Duyvis 275 g"},"content":{"rendered":"<p>Duyvis Tijgernootjes bbq Paprika 275 g<br \/>\nErdn\u00fcsse mit knusprigem \u00dcberzug Tijger Nootjes BBQ Paprika Smaak Duyvis 275 g<br \/>\n<strong>Inhaltsstoff:<\/strong> Haseln\u00fcsse (38%), Reismehl, St\u00e4rke (aus Weizen und Mais), Sonnenblumen\u00f6l, Zucker, geriebenes und Paprika-Aroma - Aroma (enth\u00e4lt Kr\u00e4uter und Gew\u00fcrze, Paprika, Zwiebel-, Tomaten- und Knoblauchpulver, Prz-Malz, Raucharoma, Paniermehl (enth\u00e4lt Weizen), Kaliumchlorid, Salz, Farbstoff (Rote-Bete-Saftkonzentrat, Curcumin) Diese Packung kann (Spuren von) verschiedene Arten von N\u00fcssen enthalten<br \/>\n<strong>Allergene:<\/strong> enth\u00e4lt Erdn\u00fcsse, glutenhaltiges Getreide, Weizen, Gerste. Kann N\u00fcsse enthalten.<br \/>\n<strong>N\u00e4hrwertangaben:<\/strong><br \/>\nN\u00e4hrwertangaben \/ 100 g:<br \/>\nEnergie 2222 kJ \/ 533 kcal<br \/>\nFett 33 g, davon ges\u00e4ttigte Fetts\u00e4uren 3,9 g<br \/>\nKohlenhydrate 43 g, davon Zucker 6 g<br \/>\nBallaststoffe 4,9 g<br \/>\nEiwei\u00df 14 g<br \/>\nSalz 1,3 g<br \/>\nAchtung: Kleine Kinder k\u00f6nnen an Erdn\u00fcssen und N\u00fcssen ersticken.<br \/>\nPepsiCo Nederland BV, Zonnebaan 35, 3542 EB Utrecht, die Niederlande<br \/>\nEinf\u00fchrer und H\u00e4ndler Total Blue Impex SRL<strong><br \/>\n<\/strong><\/p>","protected":false},"excerpt":{"rendered":"<p>Duyvis Tijgernootjes bbq Paprika 275 g<br \/>\nErdn\u00fcsse mit knusprigem \u00dcberzug Tijger Nootjes BBQ Paprika Smaak Duyvis 275 g<\/p>","protected":false},"featured_media":31318,"comment_status":"open","ping_status":"closed","template":"","meta":{"_acf_changed":false,"_seopress_robots_primary_cat":"1767","_seopress_titles_title":"","_seopress_titles_desc":"","_seopress_robots_index":""},"product_brand":[2016],"product_cat":[1555,7021,3338,1767],"giftcard-category":[],"class_list":{"0":"post-31317","1":"product","2":"type-product","3":"status-publish","4":"has-post-thumbnail","6":"product_brand-duyvis","7":"product_cat-bacanie","8":"product_cat-dulciuri-snacks","9":"product_cat-dulciuri-snacksuri","10":"product_cat-produse-olanda","12":"first","13":"outofstock","14":"taxable","15":"shipping-taxable","16":"purchasable","17":"product-type-simple"},"acf":[],"_links":{"self":[{"href":"https:\/\/totalblue.ro\/de\/wp-json\/wp\/v2\/product\/31317","targetHints":{"allow":["GET"]}}],"collection":[{"href":"https:\/\/totalblue.ro\/de\/wp-json\/wp\/v2\/product"}],"about":[{"href":"https:\/\/totalblue.ro\/de\/wp-json\/wp\/v2\/types\/product"}],"replies":[{"embeddable":true,"href":"https:\/\/totalblue.ro\/de\/wp-json\/wp\/v2\/comments?post=31317"}],"wp:featuredmedia":[{"embeddable":true,"href":"https:\/\/totalblue.ro\/de\/wp-json\/wp\/v2\/media\/31318"}],"wp:attachment":[{"href":"https:\/\/totalblue.ro\/de\/wp-json\/wp\/v2\/media?parent=31317"}],"wp:term":[{"taxonomy":"product_brand","embeddable":true,"href":"https:\/\/totalblue.ro\/de\/wp-json\/wp\/v2\/product_brand?post=31317"},{"taxonomy":"product_cat","embeddable":true,"href":"https:\/\/totalblue.ro\/de\/wp-json\/wp\/v2\/product_cat?post=31317"},{"taxonomy":"giftcard-category","embeddable":true,"href":"https:\/\/totalblue.ro\/de\/wp-json\/wp\/v2\/giftcard-category?post=31317"}],"curies":[{"name":"wp","href":"https:\/\/api.w.org\/{rel}","templated":true}]}}