{"id":31325,"date":"2021-06-25T16:14:44","date_gmt":"2021-06-25T13:14:44","guid":{"rendered":"https:\/\/totalblue.ro\/?post_type=product&#038;p=31325"},"modified":"2026-03-24T12:37:11","modified_gmt":"2026-03-24T10:37:11","slug":"arahide-cu-strat-crocant-tijger-nootjes-paprika-fiesta-duyvis-275-g","status":"publish","type":"product","link":"https:\/\/totalblue.ro\/de\/produs\/arahide-cu-strat-crocant-tijger-nootjes-paprika-fiesta-duyvis-275-g\/","title":{"rendered":"Arahide cu strat crocant Tijger Nootjes Paprika Fiesta Duyvis 275 g"},"content":{"rendered":"<p>Duyvis Tijgernootjes paprika fiesta 275 g<br \/>\nArahide cu strat crocant Tijger Nootjes Paprika Fiesta Duyvis 275 g<br \/>\n<strong>Inhaltsstoff:<\/strong> alune (38%), faina de orez, amidon (din grau \u0219i porumb), ulei de floarea soarelui, zahar, arom\u0103 mexicana &#8211; ierburi \u0219i condimente (boia de praf, chili praf, chimen, piper Cayenne, piper alb, usturoi praf, ceapa praf ), dextroza, pulbere de drojdie \u0219i &#8211; extract, pulbere de rosii, aromatizant, zahar caramelizat, sare, colorant (suc concentrat de sfecla rosie \u0219i curcumina). Acest ambalaj poate con\u021bine (urme de) diferite tipuri de nuci.<br \/>\n<strong>Allergene:<\/strong> contine arahide, cereale care contin gluten, grau. Poate contine nuci.<br \/>\n<strong>N\u00e4hrwertangaben:<\/strong><br \/>\nN\u00e4hrwertangaben \/ 100 g:<br \/>\nEnergie 2229 kJ \/ 535 kcal<br \/>\nGrasimi 33 g din care acizi gra\u0219i saturati 4.9 g<br \/>\nCarbohidrati 42 g dintre care zaharuri 6.2 g<br \/>\nFibre 3.2 g<br \/>\nProteine 15 g<br \/>\nSalz 1,5 g<br \/>\nAchtung: Kleine Kinder k\u00f6nnen an Erdn\u00fcssen und N\u00fcssen ersticken.<br \/>\nPastrati produsele uscate. O punga deschisa se p\u0103streaz\u0103 cel mai bine intr-un recipient usor si etans.<br \/>\nPepsiCo Nederland BV, Zonnebaan 35, 3542 EB Utrecht, die Niederlande<br \/>\nEinf\u00fchrer und H\u00e4ndler Total Blue Impex SRL<strong><br \/>\n<\/strong><\/p>","protected":false},"excerpt":{"rendered":"<p>Duyvis Tijgernootjes paprika fiesta 275 g<br \/>\nArahide cu strat crocant Tijger Nootjes Paprika Fiesta Duyvis 275 g<\/p>","protected":false},"featured_media":164560,"comment_status":"open","ping_status":"closed","template":"","meta":{"_acf_changed":false,"_seopress_robots_primary_cat":"1767","_seopress_titles_title":"","_seopress_titles_desc":"","_seopress_robots_index":""},"product_brand":[2016],"product_cat":[1555,3338,7021,1767],"giftcard-category":[],"class_list":{"0":"post-31325","1":"product","2":"type-product","3":"status-publish","4":"has-post-thumbnail","6":"product_brand-duyvis","7":"product_cat-bacanie","8":"product_cat-dulciuri-snacksuri","9":"product_cat-dulciuri-snacks","10":"product_cat-produse-olanda","12":"first","13":"outofstock","14":"taxable","15":"shipping-taxable","16":"purchasable","17":"product-type-simple"},"acf":[],"_links":{"self":[{"href":"https:\/\/totalblue.ro\/de\/wp-json\/wp\/v2\/product\/31325","targetHints":{"allow":["GET"]}}],"collection":[{"href":"https:\/\/totalblue.ro\/de\/wp-json\/wp\/v2\/product"}],"about":[{"href":"https:\/\/totalblue.ro\/de\/wp-json\/wp\/v2\/types\/product"}],"replies":[{"embeddable":true,"href":"https:\/\/totalblue.ro\/de\/wp-json\/wp\/v2\/comments?post=31325"}],"wp:featuredmedia":[{"embeddable":true,"href":"https:\/\/totalblue.ro\/de\/wp-json\/wp\/v2\/media\/164560"}],"wp:attachment":[{"href":"https:\/\/totalblue.ro\/de\/wp-json\/wp\/v2\/media?parent=31325"}],"wp:term":[{"taxonomy":"product_brand","embeddable":true,"href":"https:\/\/totalblue.ro\/de\/wp-json\/wp\/v2\/product_brand?post=31325"},{"taxonomy":"product_cat","embeddable":true,"href":"https:\/\/totalblue.ro\/de\/wp-json\/wp\/v2\/product_cat?post=31325"},{"taxonomy":"giftcard-category","embeddable":true,"href":"https:\/\/totalblue.ro\/de\/wp-json\/wp\/v2\/giftcard-category?post=31325"}],"curies":[{"name":"wp","href":"https:\/\/api.w.org\/{rel}","templated":true}]}}