{"id":31329,"date":"2021-06-25T16:33:12","date_gmt":"2021-06-25T13:33:12","guid":{"rendered":"https:\/\/totalblue.ro\/?post_type=product&#038;p=31329"},"modified":"2025-11-10T21:22:44","modified_gmt":"2025-11-10T19:22:44","slug":"zaanse-ketchup-tomate-190-ml","status":"publish","type":"product","link":"https:\/\/totalblue.ro\/de\/produs\/zaanse-ketchup-tomate-190-ml\/","title":{"rendered":"Zaanse ketchup tomate 190 ml"},"content":{"rendered":"<p>Van Wijngaarden&#8217;s Zaanse tomaten ketchup 190 ml<br \/>\nZaanse ketchup tomate 190 ml<br \/>\nZaanse Tomatenketchup ist ein frisches, s\u00fc\u00dfes Gleichgewicht aus Tomaten, Essig, Zucker und Gew\u00fcrzen.<br \/>\n<strong>Inhaltsstoff:<\/strong> Tomaten * (180 g Tomaten pro 100 g Sauce), Zucker, nat\u00fcrlicher Essig, modifizierte Maisst\u00e4rke, Salz, Lebensmittels\u00e4uren (Zitronens\u00e4ure), Konservierungsmittel (Kaliumsorbat), Antioxidationsmittel: E300, gemischte Kr\u00e4uter und Gew\u00fcrze, Gew\u00fcrzextrakt. * mit Ursprung in der Europ\u00e4ischen Union.<br \/>\nAn einem k\u00fchlen, dunklen Ort aufbewahren<br \/>\nN\u00e4hrwertangaben pro 100 g :<br \/>\nEnergie 418 kJ \/ 99 kcal<br \/>\nFett 0,1 g, davon ges\u00e4ttigte Fetts\u00e4uren 0 g<br \/>\nKohlenhydrate 21,7 g, davon Zucker 15,5 g<br \/>\nEiwei\u00df 1,4 g<br \/>\nSalz 1,7 g<br \/>\nVan Wijngaarden B.V. ,P.O. BOX 6, 1520 AA Wormerveer, Die Niederlande<br \/>\nEinf\u00fchrer und H\u00e4ndler Total Blue Impex SRL<strong><br \/>\n<\/strong><\/p>","protected":false},"excerpt":{"rendered":"<p>Van Wijngaardens Zaanse tomaten ketchup 160 ml<br \/>\nZaanse Tomatenketchup 160 ml<\/p>\n<p>&nbsp;<\/p>","protected":false},"featured_media":31330,"comment_status":"open","ping_status":"closed","template":"","meta":{"_acf_changed":false,"_seopress_robots_primary_cat":"none","_seopress_titles_title":"Zaanse ketchup tomate, Zaanse ketchup rosii olandez","_seopress_titles_desc":"Prodita si cumpara rapid si ieftin Zaanse ketchup tomate, Zaanse ketchup tomate rosii, Zaanse ketchup tomate olandez. Magazin cu specialitati olanda","_seopress_robots_index":""},"product_brand":[2047],"product_cat":[1555,3280,1767],"giftcard-category":[],"class_list":{"0":"post-31329","1":"product","2":"type-product","3":"status-publish","4":"has-post-thumbnail","6":"product_brand-van-wijngaardens-zaanse","7":"product_cat-bacanie","8":"product_cat-condimente-sosuri","9":"product_cat-produse-olanda","11":"first","12":"outofstock","13":"taxable","14":"shipping-taxable","15":"purchasable","16":"product-type-simple"},"acf":[],"_links":{"self":[{"href":"https:\/\/totalblue.ro\/de\/wp-json\/wp\/v2\/product\/31329","targetHints":{"allow":["GET"]}}],"collection":[{"href":"https:\/\/totalblue.ro\/de\/wp-json\/wp\/v2\/product"}],"about":[{"href":"https:\/\/totalblue.ro\/de\/wp-json\/wp\/v2\/types\/product"}],"replies":[{"embeddable":true,"href":"https:\/\/totalblue.ro\/de\/wp-json\/wp\/v2\/comments?post=31329"}],"wp:featuredmedia":[{"embeddable":true,"href":"https:\/\/totalblue.ro\/de\/wp-json\/wp\/v2\/media\/31330"}],"wp:attachment":[{"href":"https:\/\/totalblue.ro\/de\/wp-json\/wp\/v2\/media?parent=31329"}],"wp:term":[{"taxonomy":"product_brand","embeddable":true,"href":"https:\/\/totalblue.ro\/de\/wp-json\/wp\/v2\/product_brand?post=31329"},{"taxonomy":"product_cat","embeddable":true,"href":"https:\/\/totalblue.ro\/de\/wp-json\/wp\/v2\/product_cat?post=31329"},{"taxonomy":"giftcard-category","embeddable":true,"href":"https:\/\/totalblue.ro\/de\/wp-json\/wp\/v2\/giftcard-category?post=31329"}],"curies":[{"name":"wp","href":"https:\/\/api.w.org\/{rel}","templated":true}]}}