{"id":31499,"date":"2021-06-29T14:54:12","date_gmt":"2021-06-29T11:54:12","guid":{"rendered":"https:\/\/totalblue.ro\/?post_type=product&#038;p=31499"},"modified":"2025-08-05T12:08:49","modified_gmt":"2025-08-05T09:08:49","slug":"brotchen-backen-mit-knoblauch-knusperbrot-80-g","status":"publish","type":"product","link":"https:\/\/totalblue.ro\/de\/produs\/bake-rolls-cu-usturoi-rondele-paine-crocanta-80-g\/","title":{"rendered":"Backen Sie Br\u00f6tchen mit Knoblauch - Krustenbr\u00f6tchen 80 g"},"content":{"rendered":"<p>Br\u00f6tchen mit Knoblauch 80g<br \/>\n<strong>Inhaltsstoff: <\/strong>Weizenmehl, Palm\u00f6l, jodiertes Salz, Zucker, dehydrierter Knoblauch 1%, Hefe, nat\u00fcrliches Knoblaucharoma, Sojamehl.<br \/>\n<strong>Allergene:<\/strong> Enth\u00e4lt Gluten und Soja. Hergestellt in einer Anlage, die als Rohstoffe verwendet: Milchprodukte, Eier, Erdn\u00fcsse, Sesam und Sellerie.<br \/>\nAn einem k\u00fchlen, trockenen Ort aufbewahren.<br \/>\n<strong>Ern\u00e4hrung<br \/>\n<\/strong>Fett 15 g\/100 g<br \/>\nEnergiewert 451 kcal\/100 g<br \/>\nKohlenhydrate 64 g\/100 g<br \/>\nNatrium 2,7 g\/100 g<br \/>\nEiwei\u00df 14 g\/100 g<br \/>\nGes\u00e4ttigtes Fett 6,0 g\/100 g<\/p>\n<p>Hersteller: Chipita Romania SRL, Drumul Mare nr. 8 , Clinceni, Ilfov<strong><br \/>\n<\/strong><\/p>","protected":false},"excerpt":{"rendered":"<p>Br\u00f6tchen mit Knoblauch 80g<\/p>","protected":false},"featured_media":31501,"comment_status":"open","ping_status":"closed","template":"","meta":{"_acf_changed":false,"_seopress_robots_primary_cat":"none","_seopress_titles_title":"","_seopress_titles_desc":"","_seopress_robots_index":""},"product_brand":[2071],"product_cat":[1555],"giftcard-category":[],"class_list":{"0":"post-31499","1":"product","2":"type-product","3":"status-publish","4":"has-post-thumbnail","6":"product_brand-bake-rolls","7":"product_cat-bacanie","9":"first","10":"instock","11":"taxable","12":"shipping-taxable","13":"purchasable","14":"product-type-simple"},"acf":[],"_links":{"self":[{"href":"https:\/\/totalblue.ro\/de\/wp-json\/wp\/v2\/product\/31499","targetHints":{"allow":["GET"]}}],"collection":[{"href":"https:\/\/totalblue.ro\/de\/wp-json\/wp\/v2\/product"}],"about":[{"href":"https:\/\/totalblue.ro\/de\/wp-json\/wp\/v2\/types\/product"}],"replies":[{"embeddable":true,"href":"https:\/\/totalblue.ro\/de\/wp-json\/wp\/v2\/comments?post=31499"}],"wp:featuredmedia":[{"embeddable":true,"href":"https:\/\/totalblue.ro\/de\/wp-json\/wp\/v2\/media\/31501"}],"wp:attachment":[{"href":"https:\/\/totalblue.ro\/de\/wp-json\/wp\/v2\/media?parent=31499"}],"wp:term":[{"taxonomy":"product_brand","embeddable":true,"href":"https:\/\/totalblue.ro\/de\/wp-json\/wp\/v2\/product_brand?post=31499"},{"taxonomy":"product_cat","embeddable":true,"href":"https:\/\/totalblue.ro\/de\/wp-json\/wp\/v2\/product_cat?post=31499"},{"taxonomy":"giftcard-category","embeddable":true,"href":"https:\/\/totalblue.ro\/de\/wp-json\/wp\/v2\/giftcard-category?post=31499"}],"curies":[{"name":"wp","href":"https:\/\/api.w.org\/{rel}","templated":true}]}}