{"id":31515,"date":"2021-06-29T16:07:58","date_gmt":"2021-06-29T13:07:58","guid":{"rendered":"https:\/\/totalblue.ro\/?post_type=product&#038;p=31515"},"modified":"2025-08-20T13:35:50","modified_gmt":"2025-08-20T10:35:50","slug":"katjang-pedis-alune-iuti-in-crusta-gwoon-200g","status":"publish","type":"product","link":"https:\/\/totalblue.ro\/de\/produs\/katjang-pedis-alune-iuti-in-crusta-gwoon-200g\/","title":{"rendered":"Katjang Pedis, Erdn\u00fcsse mit G'woon-Kruste 250g"},"content":{"rendered":"<p>Gwoon katjang pedis 250 g<br \/>\nKatjang Pedis, Erdn\u00fcsse mit G'woon-Kruste 250g<br \/>\n<strong>Inhaltsstoff:<\/strong> 62% alune, faina de grau, faina de porumb, amidon de porumb, ulei de floarea-soarelui, sare, zahar, pulbere de ceapa, dextroza, condimente (cayenne, ghimbir, chimion, cardamom), pudra de usturoi, pudra de soia (sos de soia, apa, soia, grau, sare), sare, maltodextrina), extract de drojdie, pudra de curry (condimente (curcuma, chimen, coriandru, schinduf, semin\u021be de fenicul, pudra de chili), maltodextrina, dextroza, sare, usturoi praf) , extract de boia, extract de ardei gras, aromatizant. Acest produs poate con\u021bine urme de alune.<br \/>\n<strong>Allergene<\/strong>: Contine ou, nuci, arahide, gluten, soia, grau<br \/>\nA se pastra \u00eentr-un loc intunecat la temperatura camerei.<br \/>\nAchtung: Kleine Kinder k\u00f6nnen an Erdn\u00fcssen und N\u00fcssen ersticken.<br \/>\nPastrati produsele uscate. O punga deschisa se p\u0103streaz\u0103 cel mai bine intr-un recipient usor si etans.<br \/>\nN\u00e4hrwertangaben \/ 100 g:<br \/>\nEnergie 2182 kJ (524 kcal)<br \/>\nGrasimi 33.7 g din care saturate 4.7 g<br \/>\nGlucide 32.3 g din care zaharuri 5.6 g<br \/>\nProteine \u200b\u200b19.7 g<br \/>\nsare 1,65 g<br \/>\nHergestellt in Holland von G'woon , Antwoordnummer 3500, 4140 VH BEESD,<br \/>\nEinf\u00fchrer und H\u00e4ndler Total Blue Impex SRL<\/p>","protected":false},"excerpt":{"rendered":"<p>Gwoon katjang pedis 250 g Katjang Pedis, Alune iuti in crusta G\u2019woon 250g Ingrediente: 62% alune, faina de grau, faina de porumb, amidon de porumb, ulei de floarea-soarelui, sare, zahar, pulbere de ceapa, dextroza, condimente (cayenne, ghimbir, chimion, cardamom), pudra de usturoi, pudra de soia (sos de soia, apa, soia, grau, sare), sare, maltodextrina), extract [&#8230;]\n","protected":false},"featured_media":31516,"comment_status":"open","ping_status":"closed","template":"","meta":{"_acf_changed":false,"_seopress_robots_primary_cat":"none","_seopress_titles_title":"","_seopress_titles_desc":"","_seopress_robots_index":""},"product_brand":[1971],"product_cat":[1555,3338,1767],"giftcard-category":[],"class_list":{"0":"post-31515","1":"product","2":"type-product","3":"status-publish","4":"has-post-thumbnail","6":"product_brand-gwoon","7":"product_cat-bacanie","8":"product_cat-dulciuri-snacksuri","9":"product_cat-produse-olanda","11":"first","12":"outofstock","13":"taxable","14":"shipping-taxable","15":"purchasable","16":"product-type-simple"},"acf":[],"_links":{"self":[{"href":"https:\/\/totalblue.ro\/de\/wp-json\/wp\/v2\/product\/31515","targetHints":{"allow":["GET"]}}],"collection":[{"href":"https:\/\/totalblue.ro\/de\/wp-json\/wp\/v2\/product"}],"about":[{"href":"https:\/\/totalblue.ro\/de\/wp-json\/wp\/v2\/types\/product"}],"replies":[{"embeddable":true,"href":"https:\/\/totalblue.ro\/de\/wp-json\/wp\/v2\/comments?post=31515"}],"wp:featuredmedia":[{"embeddable":true,"href":"https:\/\/totalblue.ro\/de\/wp-json\/wp\/v2\/media\/31516"}],"wp:attachment":[{"href":"https:\/\/totalblue.ro\/de\/wp-json\/wp\/v2\/media?parent=31515"}],"wp:term":[{"taxonomy":"product_brand","embeddable":true,"href":"https:\/\/totalblue.ro\/de\/wp-json\/wp\/v2\/product_brand?post=31515"},{"taxonomy":"product_cat","embeddable":true,"href":"https:\/\/totalblue.ro\/de\/wp-json\/wp\/v2\/product_cat?post=31515"},{"taxonomy":"giftcard-category","embeddable":true,"href":"https:\/\/totalblue.ro\/de\/wp-json\/wp\/v2\/giftcard-category?post=31515"}],"curies":[{"name":"wp","href":"https:\/\/api.w.org\/{rel}","templated":true}]}}