{"id":31544,"date":"2021-06-30T16:39:08","date_gmt":"2021-06-30T13:39:08","guid":{"rendered":"https:\/\/totalblue.ro\/?post_type=product&#038;p=31544"},"modified":"2026-04-20T13:19:36","modified_gmt":"2026-04-20T10:19:36","slug":"mora-gehaktballetjes-in-zoetzure-saus-160g","status":"publish","type":"product","link":"https:\/\/totalblue.ro\/de\/produs\/mora-gehaktballetjes-in-zoetzure-saus-160g\/","title":{"rendered":"Brombeer-Frikadellen in s\u00fc\u00dfer So\u00dfe 160g"},"content":{"rendered":"<p>Mora Gehaktballetjes in zoetzure saus 160g<\/p>\n<p>Fabricat de Mora, Antwoordnummer 65013 5000 VH Tilburg, 0800-BELMORA\/0800-2356672<br \/>\nEinf\u00fchrer und H\u00e4ndler Total Blue Impex SRL<\/p>","protected":false},"excerpt":{"rendered":"<p><span data-text-color=\"alert\"><strong>WARNUNG! GEFRORENES PRODUKT! WARNUNG! GEFRORENES PRODUKT!<\/strong><\/span><\/p>","protected":false},"featured_media":120897,"comment_status":"open","ping_status":"closed","template":"","meta":{"_acf_changed":false,"_seopress_robots_primary_cat":"none","_seopress_titles_title":"","_seopress_titles_desc":"","_seopress_robots_index":""},"product_brand":[2024],"product_cat":[1555,3256,2050,1767,1954],"giftcard-category":[],"class_list":{"0":"post-31544","1":"product","2":"type-product","3":"status-publish","4":"has-post-thumbnail","6":"product_brand-mora","7":"product_cat-bacanie","8":"product_cat-produse-congelate-produse-olanda","9":"product_cat-produse-congelate","10":"product_cat-produse-olanda","11":"product_cat-semipreparate","12":"product_shipping_class-frozen-products","14":"first","15":"instock","16":"taxable","17":"shipping-taxable","18":"purchasable","19":"product-type-simple"},"acf":[],"_links":{"self":[{"href":"https:\/\/totalblue.ro\/de\/wp-json\/wp\/v2\/product\/31544","targetHints":{"allow":["GET"]}}],"collection":[{"href":"https:\/\/totalblue.ro\/de\/wp-json\/wp\/v2\/product"}],"about":[{"href":"https:\/\/totalblue.ro\/de\/wp-json\/wp\/v2\/types\/product"}],"replies":[{"embeddable":true,"href":"https:\/\/totalblue.ro\/de\/wp-json\/wp\/v2\/comments?post=31544"}],"wp:featuredmedia":[{"embeddable":true,"href":"https:\/\/totalblue.ro\/de\/wp-json\/wp\/v2\/media\/120897"}],"wp:attachment":[{"href":"https:\/\/totalblue.ro\/de\/wp-json\/wp\/v2\/media?parent=31544"}],"wp:term":[{"taxonomy":"product_brand","embeddable":true,"href":"https:\/\/totalblue.ro\/de\/wp-json\/wp\/v2\/product_brand?post=31544"},{"taxonomy":"product_cat","embeddable":true,"href":"https:\/\/totalblue.ro\/de\/wp-json\/wp\/v2\/product_cat?post=31544"},{"taxonomy":"giftcard-category","embeddable":true,"href":"https:\/\/totalblue.ro\/de\/wp-json\/wp\/v2\/giftcard-category?post=31544"}],"curies":[{"name":"wp","href":"https:\/\/api.w.org\/{rel}","templated":true}]}}