{"id":32062,"date":"2021-07-20T16:31:55","date_gmt":"2021-07-20T13:31:55","guid":{"rendered":"https:\/\/totalblue.ro\/?post_type=product&#038;p=32062"},"modified":"2025-04-02T13:57:49","modified_gmt":"2025-04-02T10:57:49","slug":"hela-gewurz-ketchup-schaschlik-pikant-800-ml","status":"publish","type":"product","link":"https:\/\/totalblue.ro\/de\/produs\/hela-gewurz-ketchup-schaschlik-pikant-800-ml\/","title":{"rendered":"Hela Gew\u00fcrz Ketchup Schaschlik pikant 800 ml"},"content":{"rendered":"<p><strong>Schaschlik Hela Ketchup 800 ml<br \/>\nHela Gew\u00fcrz Ketchup Schaschlik pikant 800 ml<br \/>\nEmpfehlungen: <\/strong>Die Tomatenrezeptur und das einzigartige Hela-Gew\u00fcrz sorgen f\u00fcr den w\u00fcrzigen Geschmack des Schaschlik-Ketchups. So wird aus einem normalen Fleischspie\u00df ein leckeres Schaschlik! Auch f\u00fcr gegrillte oder gebratene Steaks zu empfehlen.<strong><br \/>\n<\/strong>Glutenfrei<br \/>\nLaktosefrei<br \/>\nOhne Konservierungsstoffe<br \/>\nAuch f\u00fcr Vegetarier empfohlen<br \/>\nAuch f\u00fcr Veganer empfohlen<br \/>\n<strong>Inhaltsstoff:<\/strong> Tomatensaft, Zucker, Dextrose, Speisesalz, Gew\u00fcrze (Pfeffer, Paprika, Senfmehl, Chili, Nelken, Piment), Branntweinessig, modifizierte Maisst\u00e4rke, S\u00e4uerungsmittel: Zitronens\u00e4ure, Verdickungsmittel: (Guarkernmehl, Salamander), Kr\u00e4uter (enth\u00e4lt Sellerie), S\u00e4ureregulator: Natriumlaktat, Geschmacksverst\u00e4rker: Mononatriumglutamat<br \/>\n<strong>Allergene:<\/strong> enth\u00e4lt Senfmehl, Staudensellerie<br \/>\n<strong>Lagerungsbedingungen:<\/strong> Lagerbedingungen: Hela Ketchup nach dem ersten \u00d6ffnen bitte im K\u00fchlschrank aufbewahren! (&lt;7 \u00b0 C).<br \/>\n<strong>N\u00e4hrwertangaben:<\/strong><br \/>\nEnergie: 585 kJ \/ 138 kcal<br \/>\nFett 0,3 g, davon ges\u00e4ttigte Fetts\u00e4uren 0,1 g<br \/>\nKohlenhydrate 32,1 g, davon Zucker 29,2 g<br \/>\nEiwei\u00df 0,7 g<br \/>\nSalz 2,3 g<br \/>\nHergestellt von Hela Gew\u00fcrzwerk Hermann Laue GmbH, Beimoorweg 11, 22926 Ahrensburg<br \/>\nEinf\u00fchrer und H\u00e4ndler Total Blue Impex SRL<\/p>\n<p><strong>\u00a0<\/strong><\/p>","protected":false},"excerpt":{"rendered":"<p>Schaschlik Hela Ketchup 800 ml<br \/>\nHela Gew\u00fcrz Ketchup Schaschlik pikant 800 ml<\/p>","protected":false},"featured_media":32063,"comment_status":"open","ping_status":"closed","template":"","meta":{"_acf_changed":false,"_seopress_robots_primary_cat":"none","_seopress_titles_title":"Ketchup Schaschlik, ketchup Hela, Ketchup Curry, Ketchup","_seopress_titles_desc":"Cauti ketchup Hela? Cumpara acum Ketchup Schaschlik, ketchup Hela, Ketchup Curry, Ketchup tomate, Ketchup Olanda, Ketchup, maioneza.","_seopress_robots_index":""},"product_brand":[2003],"product_cat":[1555,3280,3380,1950,1767],"giftcard-category":[],"class_list":{"0":"post-32062","1":"product","2":"type-product","3":"status-publish","4":"has-post-thumbnail","6":"product_brand-hela","7":"product_cat-bacanie","8":"product_cat-condimente-sosuri","9":"product_cat-condimente-sosuri-produse-germania","10":"product_cat-produse-germania","11":"product_cat-produse-olanda","13":"first","14":"outofstock","15":"taxable","16":"shipping-taxable","17":"purchasable","18":"product-type-simple"},"acf":[],"_links":{"self":[{"href":"https:\/\/totalblue.ro\/de\/wp-json\/wp\/v2\/product\/32062","targetHints":{"allow":["GET"]}}],"collection":[{"href":"https:\/\/totalblue.ro\/de\/wp-json\/wp\/v2\/product"}],"about":[{"href":"https:\/\/totalblue.ro\/de\/wp-json\/wp\/v2\/types\/product"}],"replies":[{"embeddable":true,"href":"https:\/\/totalblue.ro\/de\/wp-json\/wp\/v2\/comments?post=32062"}],"wp:featuredmedia":[{"embeddable":true,"href":"https:\/\/totalblue.ro\/de\/wp-json\/wp\/v2\/media\/32063"}],"wp:attachment":[{"href":"https:\/\/totalblue.ro\/de\/wp-json\/wp\/v2\/media?parent=32062"}],"wp:term":[{"taxonomy":"product_brand","embeddable":true,"href":"https:\/\/totalblue.ro\/de\/wp-json\/wp\/v2\/product_brand?post=32062"},{"taxonomy":"product_cat","embeddable":true,"href":"https:\/\/totalblue.ro\/de\/wp-json\/wp\/v2\/product_cat?post=32062"},{"taxonomy":"giftcard-category","embeddable":true,"href":"https:\/\/totalblue.ro\/de\/wp-json\/wp\/v2\/giftcard-category?post=32062"}],"curies":[{"name":"wp","href":"https:\/\/api.w.org\/{rel}","templated":true}]}}