{"id":32340,"date":"2021-07-30T12:54:59","date_gmt":"2021-07-30T09:54:59","guid":{"rendered":"https:\/\/totalblue.ro\/?post_type=product&#038;p=32340"},"modified":"2025-08-07T14:30:43","modified_gmt":"2025-08-07T11:30:43","slug":"spa-fruit-lemon-gesauert-spa-lemon-125l","status":"publish","type":"product","link":"https:\/\/totalblue.ro\/de\/produs\/spa-fruit-lamaie-acidulat-125l\/","title":{"rendered":"Spa Frucht Frucht Zitrone - ges\u00e4uert 1,25L"},"content":{"rendered":"<p>Spa Frucht Frucht Zitrone - ges\u00e4uert 1,25L<br \/>\nEinzigartige Kombination aus nat\u00fcrlichem Mineralwasser und den leckersten Fr\u00fcchten.<br \/>\nKalt servieren.<br \/>\n<strong>Inhaltsstoff: <\/strong>nat\u00fcrliches kohlens\u00e4urehaltiges Mineralwasser 90,9% (Quelle: Barisart), Zitronensaft 5,2%, Zucker, nat\u00fcrliches Zitronenaroma mit anderen nat\u00fcrlichen Aromen, S\u00fc\u00dfstoff (Steviolglykoside).<br \/>\nEnth\u00e4lt nur Zutaten nat\u00fcrlichen Ursprungs.<br \/>\nWenig Kalorien.<br \/>\nKeine k\u00fcnstlichen Farbstoffe.<br \/>\nOhne Aromastoffe oder S\u00fc\u00dfstoffe.<br \/>\nOhne Konservierungsstoffe.<br \/>\n<strong>Lagerungsbedingungen<\/strong>Haltbarkeit: Nach dem \u00d6ffnen 3 Tage lang haltbar. Vorzugsweise vor dem Ende des auf der Verpackung angegebenen Monats zu verbrauchen.<br \/>\n<strong>N\u00e4hrwertangaben pro 100 ml:<br \/>\n<\/strong>Energie 18 kcal (79 kJ)<br \/>\nFett 0 g, davon ges\u00e4ttigte Fetts\u00e4uren 0 g<br \/>\nKohlenhydrate 4,5 g, davon Zucker 4,5 g<br \/>\nEiwei\u00df 0 g<br \/>\nSalz 0 g<br \/>\nHergestellt von S.A. Spa Monopole, Rue A. Laporte 34, 4900 Spa - Belgien<br \/>\nEinf\u00fchrer und H\u00e4ndler Total Blue Impex SRL<\/p>","protected":false},"excerpt":{"rendered":"<p>Spa Frucht Zitrone koolzuurhoudend 1,25L<br \/>\nSpa Frucht Frucht Zitrone - ges\u00e4uert 1,25L<\/p>","protected":false},"featured_media":54274,"comment_status":"open","ping_status":"closed","template":"","meta":{"_acf_changed":false,"_seopress_robots_primary_cat":"none","_seopress_titles_title":"","_seopress_titles_desc":"","_seopress_robots_index":""},"product_brand":[2077],"product_cat":[1767,3312],"giftcard-category":[],"class_list":{"0":"post-32340","1":"product","2":"type-product","3":"status-publish","4":"has-post-thumbnail","6":"product_brand-spa","7":"product_cat-produse-olanda","8":"product_cat-bauturi-racoritoare-produse-olanda","10":"first","11":"outofstock","12":"taxable","13":"shipping-taxable","14":"purchasable","15":"product-type-simple"},"acf":[],"_links":{"self":[{"href":"https:\/\/totalblue.ro\/de\/wp-json\/wp\/v2\/product\/32340","targetHints":{"allow":["GET"]}}],"collection":[{"href":"https:\/\/totalblue.ro\/de\/wp-json\/wp\/v2\/product"}],"about":[{"href":"https:\/\/totalblue.ro\/de\/wp-json\/wp\/v2\/types\/product"}],"replies":[{"embeddable":true,"href":"https:\/\/totalblue.ro\/de\/wp-json\/wp\/v2\/comments?post=32340"}],"wp:featuredmedia":[{"embeddable":true,"href":"https:\/\/totalblue.ro\/de\/wp-json\/wp\/v2\/media\/54274"}],"wp:attachment":[{"href":"https:\/\/totalblue.ro\/de\/wp-json\/wp\/v2\/media?parent=32340"}],"wp:term":[{"taxonomy":"product_brand","embeddable":true,"href":"https:\/\/totalblue.ro\/de\/wp-json\/wp\/v2\/product_brand?post=32340"},{"taxonomy":"product_cat","embeddable":true,"href":"https:\/\/totalblue.ro\/de\/wp-json\/wp\/v2\/product_cat?post=32340"},{"taxonomy":"giftcard-category","embeddable":true,"href":"https:\/\/totalblue.ro\/de\/wp-json\/wp\/v2\/giftcard-category?post=32340"}],"curies":[{"name":"wp","href":"https:\/\/api.w.org\/{rel}","templated":true}]}}