{"id":32444,"date":"2021-08-02T11:42:13","date_gmt":"2021-08-02T08:42:13","guid":{"rendered":"https:\/\/totalblue.ro\/?post_type=product&#038;p=32444"},"modified":"2026-01-24T21:24:37","modified_gmt":"2026-01-24T19:24:37","slug":"sos-sate-verstegen-origineel-gata-preparat-5x80g","status":"publish","type":"product","link":"https:\/\/totalblue.ro\/de\/produs\/sos-sate-verstegen-origineel-gata-preparat-5x80g\/","title":{"rendered":"Verstegen Verstegen Origineel gebrauchsfertige Sate Sauce 5x80g"},"content":{"rendered":"<p>Verstegen Cup Sat\u00e9saus kant &amp; klaar 400 ml<br \/>\nVerstegen Verstegen Origineel gebrauchsfertige Sate Sauce 5x80g<br \/>\nPrezentare: 5 cutii x 80 grame<br \/>\nIdeal pentru 5 portii<br \/>\nReteta imbunatatita cu mai putin zahar adaugat (40%) \u0219i sare (33%) in comparatie cu vechea reteta.<br \/>\n<strong>Inhaltsstoff:<\/strong> apa, 26% alune m\u0103cinate, zahar, sos de soia (apa, soia, grau, sare), o\u021bet alb, amidon de porumb modificat, amidon de cartofi modificat, sare, colorant: caramel de amoniac, 0,2% ghimbir, legume (0,1% usturoi) , ceapa), antioxidant: ascorbat de sodiu, regulator de aciditate: glucono-delta-lactona, conservanti: benzoat de sodiu si sorbat de potasiu.<br \/>\n<strong>Allergene:<\/strong> arahide, cereale care con\u021bin gluten, soia, grau<br \/>\n<strong>Empfehlung f\u00fcr die Zubereitung:<\/strong> Die Sauce kann in der Mikrowelle erhitzt werden; die Verpackung ist mikrowellengeeignet. Hinweis: Nehmen Sie zuerst den Deckel ab und stechen Sie vor dem Erhitzen ein paar L\u00f6cher in die Folie. Die Folie l\u00e4sst sich leicht entfernen, indem man mit einem scharfen Messer am Rand entlang schneidet. Je nach Art und Leistung Ihres Mikrowellenofens empfehlen wir 2 Minuten bei 750 W. Das Erhitzen in der Pfanne ist ebenfalls ausreichend.<br \/>\nConditii de pastrare: Poate fi pastrat nedeschis in afara frigiderului. A se pastra intr-un loc intunecat la temperatura camerei. A se pastra la frigider dup\u0103 deschidere.<br \/>\n<strong>Lagerungsbedingungen:<\/strong> Kann unge\u00f6ffnet au\u00dferhalb des K\u00fchlschranks aufbewahrt werden. An einem dunklen Ort bei Raumtemperatur aufbewahren. Nach dem \u00d6ffnen im K\u00fchlschrank aufbewahren.<br \/>\nN\u00e4hrwertangaben pro 100 g :<br \/>\nEnergie 910 KJ \/ 218 kcal<br \/>\nFett 12,6 g, davon ges\u00e4ttigtes Fett 1,9 g<br \/>\nKohlenhydrate 17 g, davon Zucker 13,3 g<br \/>\nEiwei\u00df 7,7 g<br \/>\nSalz 0,9 g<br \/>\nHergestellt in den Niederlanden von Verstegen Consumenten Service, Antw.nr. 40157, 3040 VB Rotterdam<br \/>\nEinf\u00fchrer und H\u00e4ndler Total Blue Impex SRL<\/p>\n<p>&nbsp;<\/p>","protected":false},"excerpt":{"rendered":"<p>Verstegen Cup Sat\u00e9saus kant &amp; klaar 400 ml<br \/>\nVerstegen Verstegen Origineel gebrauchsfertige Sate Sauce 5x80g<\/p>","protected":false},"featured_media":32445,"comment_status":"open","ping_status":"closed","template":"","meta":{"_acf_changed":false,"_seopress_robots_primary_cat":"1767","_seopress_titles_title":"Sos sate Verstegen Origina, sosuri sate Verstegen Olanda","_seopress_titles_desc":"Profita si cumpara online sos sate Verstegen Origina, sosuri sate Verstegen Olanda, sosuri picante sate, condimente Verstegen, specialitati olandeze.","_seopress_robots_index":""},"product_brand":[2008],"product_cat":[1555,3280,1683,1767],"giftcard-category":[],"class_list":{"0":"post-32444","1":"product","2":"type-product","3":"status-publish","4":"has-post-thumbnail","6":"product_brand-verstegen","7":"product_cat-bacanie","8":"product_cat-condimente-sosuri","9":"product_cat-conserve-mancare-gatita","10":"product_cat-produse-olanda","12":"first","13":"outofstock","14":"taxable","15":"shipping-taxable","16":"purchasable","17":"product-type-simple"},"acf":[],"_links":{"self":[{"href":"https:\/\/totalblue.ro\/de\/wp-json\/wp\/v2\/product\/32444","targetHints":{"allow":["GET"]}}],"collection":[{"href":"https:\/\/totalblue.ro\/de\/wp-json\/wp\/v2\/product"}],"about":[{"href":"https:\/\/totalblue.ro\/de\/wp-json\/wp\/v2\/types\/product"}],"replies":[{"embeddable":true,"href":"https:\/\/totalblue.ro\/de\/wp-json\/wp\/v2\/comments?post=32444"}],"wp:featuredmedia":[{"embeddable":true,"href":"https:\/\/totalblue.ro\/de\/wp-json\/wp\/v2\/media\/32445"}],"wp:attachment":[{"href":"https:\/\/totalblue.ro\/de\/wp-json\/wp\/v2\/media?parent=32444"}],"wp:term":[{"taxonomy":"product_brand","embeddable":true,"href":"https:\/\/totalblue.ro\/de\/wp-json\/wp\/v2\/product_brand?post=32444"},{"taxonomy":"product_cat","embeddable":true,"href":"https:\/\/totalblue.ro\/de\/wp-json\/wp\/v2\/product_cat?post=32444"},{"taxonomy":"giftcard-category","embeddable":true,"href":"https:\/\/totalblue.ro\/de\/wp-json\/wp\/v2\/giftcard-category?post=32444"}],"curies":[{"name":"wp","href":"https:\/\/api.w.org\/{rel}","templated":true}]}}