{"id":32450,"date":"2021-08-02T13:26:34","date_gmt":"2021-08-02T10:26:34","guid":{"rendered":"https:\/\/totalblue.ro\/?post_type=product&#038;p=32450"},"modified":"2026-01-16T14:41:51","modified_gmt":"2026-01-16T12:41:51","slug":"verstegen-speckwurzmischung-225-g","status":"publish","type":"product","link":"https:\/\/totalblue.ro\/de\/produs\/verstegen-mix-condimente-pentru-bacon-225-g\/","title":{"rendered":"Verstegen Mix - Speckw\u00fcrze 225 g"},"content":{"rendered":"<p>Verstegen Kruidenmix voor speklapjes 225g<br \/>\nVerstegen Mix - Speckw\u00fcrze 225 g<br \/>\n<strong>Inhaltsstoff:<\/strong> Salz, 21% Gew\u00fcrze (Koriander, Pfeffer, Ingwer, Kurkuma, Fenchel, Fenchelsamen, Kardamom, Kreuzk\u00fcmmel, Piment, Kardamom, K\u00fcmmel, Wacholder, Chili, Nelken, Fenchelsamen), R\u00f6stzwiebeln, Maltodextrin.<br \/>\nVerpackung: Klappe mit Deckel.<br \/>\nAn einem dunklen und trockenen Ort aufbewahren.<br \/>\n<strong>N\u00e4hrwertangaben \/ 100g:<\/strong><br \/>\nEnergie 355 kJ \/ 85 kcal<br \/>\nFett 2 g, davon ges\u00e4ttigte Fetts\u00e4uren 0,3 g<br \/>\nKohlenhydrate 10,7 g, davon Zucker 1,4 g<br \/>\nEiwei\u00df 2,7 g<br \/>\nSalz 73,2 g<br \/>\n<strong>Tipp f\u00fcr die Zubereitung:<\/strong><br \/>\nDie Speckst\u00fccke (gew\u00fcrzter Speck) in W\u00fcrfel schneiden und knusprig braten. Geben Sie die Speckw\u00fcrfel in einen herzhaften Kuchen f\u00fcr ein k\u00f6stliches gebackenes Gericht.<br \/>\nZubereitung: Zutaten (f\u00fcr 4 Personen): 500 g Speck (Bacon), etwa \u00bd Essl\u00f6ffel (10 g) Verstegen-Mischung, 2 Essl\u00f6ffel (Oliven\u00f6l).<br \/>\nZubereitung: Die Speckscheiben mit der Verstegen-Mischung einreiben und eine Weile einweichen lassen. Eine Bratpfanne mit (Oliven-)\u00d6l erhitzen und die Speckscheiben bei mittlerer Hitze etwa 20-25 Minuten knusprig braten. Zum Grillen: Die Speckst\u00fccke mit der Mischung einreiben und eine Zeit lang ruhen lassen. Die Speckst\u00fccke knusprig braten, etwa 10-15 Minuten.<\/p>\n<p>Hergestellt von Verstegen Consumenten Service, Antwoord nr. 40157, 3040 VB Rotterdam, Die Niederlande<br \/>\nEinf\u00fchrer und H\u00e4ndler Total Blue Impex SRL<\/p>","protected":false},"excerpt":{"rendered":"<p>Verstegen Kruidenmix voor speklapjes 225g<br \/>\nVerstegen Mix - Speckw\u00fcrze 225 g<\/p>","protected":false},"featured_media":32451,"comment_status":"open","ping_status":"closed","template":"","meta":{"_acf_changed":false,"_seopress_robots_primary_cat":"1451","_seopress_titles_title":"","_seopress_titles_desc":"","_seopress_robots_index":""},"product_brand":[2008],"product_cat":[1555,3280,1451,1767],"giftcard-category":[],"class_list":{"0":"post-32450","1":"product","2":"type-product","3":"status-publish","4":"has-post-thumbnail","6":"product_brand-verstegen","7":"product_cat-bacanie","8":"product_cat-condimente-sosuri","9":"product_cat-condimente-produse-instant","10":"product_cat-produse-olanda","12":"first","13":"instock","14":"taxable","15":"shipping-taxable","16":"purchasable","17":"product-type-simple"},"acf":[],"_links":{"self":[{"href":"https:\/\/totalblue.ro\/de\/wp-json\/wp\/v2\/product\/32450","targetHints":{"allow":["GET"]}}],"collection":[{"href":"https:\/\/totalblue.ro\/de\/wp-json\/wp\/v2\/product"}],"about":[{"href":"https:\/\/totalblue.ro\/de\/wp-json\/wp\/v2\/types\/product"}],"replies":[{"embeddable":true,"href":"https:\/\/totalblue.ro\/de\/wp-json\/wp\/v2\/comments?post=32450"}],"wp:featuredmedia":[{"embeddable":true,"href":"https:\/\/totalblue.ro\/de\/wp-json\/wp\/v2\/media\/32451"}],"wp:attachment":[{"href":"https:\/\/totalblue.ro\/de\/wp-json\/wp\/v2\/media?parent=32450"}],"wp:term":[{"taxonomy":"product_brand","embeddable":true,"href":"https:\/\/totalblue.ro\/de\/wp-json\/wp\/v2\/product_brand?post=32450"},{"taxonomy":"product_cat","embeddable":true,"href":"https:\/\/totalblue.ro\/de\/wp-json\/wp\/v2\/product_cat?post=32450"},{"taxonomy":"giftcard-category","embeddable":true,"href":"https:\/\/totalblue.ro\/de\/wp-json\/wp\/v2\/giftcard-category?post=32450"}],"curies":[{"name":"wp","href":"https:\/\/api.w.org\/{rel}","templated":true}]}}