{"id":32455,"date":"2021-08-02T14:26:09","date_gmt":"2021-08-02T11:26:09","guid":{"rendered":"https:\/\/totalblue.ro\/?post_type=product&#038;p=32455"},"modified":"2025-10-11T17:59:56","modified_gmt":"2025-10-11T14:59:56","slug":"verstegen-wurzmischung-fur-grill-225g","status":"publish","type":"product","link":"https:\/\/totalblue.ro\/de\/produs\/verstegen-mix-condimente-pentru-prajit-gratar-bbq-225g\/","title":{"rendered":"Verstegen Mix - Gew\u00fcrze zum Braten, Grillen &amp; BBQ 225g"},"content":{"rendered":"<p>Verstegen Kruidenmix voor braad, grill &amp; BBQ 225g<br \/>\nVerstegen Mix - Gew\u00fcrze zum Braten, Grillen &amp; BBQ 225g<br \/>\n<strong>Inhaltsstoff:<\/strong> Salz, 31% Gew\u00fcrze (13% Paprika, Koriander, Pfeffer, Ingwer, Selleriesamen, Kurkuma, Bubudugan, K\u00fcmmel), Reismehl, Zwiebel, nat\u00fcrliches Aroma, Maltodextrin, Majoran.<br \/>\n<strong>Allergene:<\/strong> enth\u00e4lt Staudensellerie.<br \/>\nVerpackung: Klappe mit Deckel.<br \/>\nAn einem dunklen und trockenen Ort aufbewahren.<br \/>\nN\u00e4hrwertangaben \/ 100 g:<br \/>\nEnergie 656 kJ \/ 157 kcal<br \/>\nFett 4,6 g, davon ges\u00e4ttigte Fetts\u00e4uren 1 g<br \/>\nKohlenhydrate 17,2 g, davon Zucker 2,9 g<br \/>\nEiwei\u00df 6,2 g<br \/>\nSalz 52,9 g<br \/>\n<strong>Tipp f\u00fcr die Zubereitung:<\/strong><br \/>\nServieren Sie dazu Ofenkartoffeln und gegrilltes Gem\u00fcse der Saison. F\u00fcr die Ofenkartoffel: 1 Teel\u00f6ffel Verstegen Potato Mix auf 100 g k\u00f6stliche Sahne geben...<br \/>\nZubereitung: Zutaten (f\u00fcr 4 Personen): 800 g Fleisch nach Wahl, ca. 1\u00bd Essl\u00f6ffel (16 g) Verstegen-Mischung, 4 Essl\u00f6ffel (Oliven\u00f6l).<br \/>\nZubereitung: Reiben Sie das Fleisch mit der Verstegen-Mischung ein und lassen Sie es eine Weile ruhen. Braten Sie das Fleisch auf dem Grill oder in der Grillpfanne, bis es sch\u00f6n gebr\u00e4unt\/gekocht ist. Sie k\u00f6nnen auch eine Bratpfanne mit (Oliven-)\u00d6l erhitzen und das Fleisch bei starker Hitze kurz anbraten, bis es von allen Seiten braun ist. Braten Sie das Fleisch bei mittlerer Hitze.<\/p>\n<p>Hergestellt von Verstegen Consumenten Service, Antwoord nr. 40157, 3040 VB Rotterdam, Die Niederlande<br \/>\nEinf\u00fchrer und H\u00e4ndler Total Blue Impex SRL<\/p>","protected":false},"excerpt":{"rendered":"<p>Verstegen Kruidenmix voor braad, grill &amp; BBQ 225g<br \/>\nVerstegen Mix - Gew\u00fcrze zum Braten, Grillen &amp; BBQ 225g<\/p>","protected":false},"featured_media":32456,"comment_status":"open","ping_status":"closed","template":"","meta":{"_acf_changed":false,"_seopress_robots_primary_cat":"1451","_seopress_titles_title":"","_seopress_titles_desc":"","_seopress_robots_index":""},"product_brand":[2008],"product_cat":[1555,3280,1451,1767],"giftcard-category":[],"class_list":{"0":"post-32455","1":"product","2":"type-product","3":"status-publish","4":"has-post-thumbnail","6":"product_brand-verstegen","7":"product_cat-bacanie","8":"product_cat-condimente-sosuri","9":"product_cat-condimente-produse-instant","10":"product_cat-produse-olanda","12":"first","13":"instock","14":"taxable","15":"shipping-taxable","16":"purchasable","17":"product-type-simple"},"acf":[],"_links":{"self":[{"href":"https:\/\/totalblue.ro\/de\/wp-json\/wp\/v2\/product\/32455","targetHints":{"allow":["GET"]}}],"collection":[{"href":"https:\/\/totalblue.ro\/de\/wp-json\/wp\/v2\/product"}],"about":[{"href":"https:\/\/totalblue.ro\/de\/wp-json\/wp\/v2\/types\/product"}],"replies":[{"embeddable":true,"href":"https:\/\/totalblue.ro\/de\/wp-json\/wp\/v2\/comments?post=32455"}],"wp:featuredmedia":[{"embeddable":true,"href":"https:\/\/totalblue.ro\/de\/wp-json\/wp\/v2\/media\/32456"}],"wp:attachment":[{"href":"https:\/\/totalblue.ro\/de\/wp-json\/wp\/v2\/media?parent=32455"}],"wp:term":[{"taxonomy":"product_brand","embeddable":true,"href":"https:\/\/totalblue.ro\/de\/wp-json\/wp\/v2\/product_brand?post=32455"},{"taxonomy":"product_cat","embeddable":true,"href":"https:\/\/totalblue.ro\/de\/wp-json\/wp\/v2\/product_cat?post=32455"},{"taxonomy":"giftcard-category","embeddable":true,"href":"https:\/\/totalblue.ro\/de\/wp-json\/wp\/v2\/giftcard-category?post=32455"}],"curies":[{"name":"wp","href":"https:\/\/api.w.org\/{rel}","templated":true}]}}