{"id":32470,"date":"2021-08-02T14:51:55","date_gmt":"2021-08-02T11:51:55","guid":{"rendered":"https:\/\/totalblue.ro\/?post_type=product&#038;p=32470"},"modified":"2026-02-11T20:39:04","modified_gmt":"2026-02-11T18:39:04","slug":"kalb-erdnussbutter-mit-erdnussstucken-350g","status":"publish","type":"product","link":"https:\/\/totalblue.ro\/de\/produs\/calve-unt-de-arahide-cu-bucati-de-arahide-350g\/","title":{"rendered":"Calv\u00e9 Erdnussbutter mit Erdnussst\u00fccken 350g"},"content":{"rendered":"<p>Calv\u00e9 Pindakaas met stukjes pinda 350 g<br \/>\nCalv\u00e9 Erdnussbutter mit Erdnussst\u00fccken 350g<br \/>\nK\u00e4lber-Erdnussbutter mit Erdnussst\u00fccken<br \/>\nLiefert Eiwei\u00df, das zum Muskelwachstum beitr\u00e4gt.<br \/>\nReich an Ballaststoffen.<br \/>\nQuelle von Vitaminen und Mineralien.<br \/>\n<strong>Inhaltsstoff:\u00a0<\/strong>Erdn\u00fcsse 81%, pflanzliches \u00d6l (Raps, Soja, voll geh\u00e4rtetes Palm\u00f6l), Dextrose, Salz.<br \/>\n<strong>Allergene:<\/strong> Erdn\u00fcsse<br \/>\n<strong>Lagerungsbedingungen:<\/strong> An einem dunklen Ort bei Zimmertemperatur aufbewahren.<br \/>\nAufmachung: Glasgef\u00e4\u00df mit Deckel<br \/>\n<strong>N\u00e4hrwertangaben \/ 100g:<br \/>\n<\/strong>Energie: 2674 kJ \/ 646 kcal<br \/>\nGrasimi 55 g din care acizi grasi saturati 8.2 g<br \/>\nCarbohidrati 16 g sau care zaharuri 9.9 g<br \/>\nFibre: 6.5 g<br \/>\nEiwei\u00df: 20 g<br \/>\nSare: 0.52 g<\/p>\n<p>Hergestellt in den Niederlanden von Unilever NL, Rotterdam Postbus 160, 3000 AD<br \/>\nEinf\u00fchrer und H\u00e4ndler Total Blue Impex SRL<\/p>","protected":false},"excerpt":{"rendered":"<p>Calv\u00e9 Pindakaas met stukjes pinda 350 g<br \/>\nCalv\u00e9 Erdnussbutter mit Erdnussst\u00fccken 350g<\/p>","protected":false},"featured_media":32471,"comment_status":"open","ping_status":"closed","template":"","meta":{"_acf_changed":false,"_seopress_robots_primary_cat":"none","_seopress_titles_title":"Calv\u00e9 Unt de arahide cu bucati de arahide, unt de arahide pindakaas Calve","_seopress_titles_desc":"Profita acum si cumpara online Calv\u00e9 Unt de arahide cu bucati de arahide, unt de arahide pindakaas Calve. Magazin online cu produse olandeze.","_seopress_robots_index":""},"product_brand":[2004],"product_cat":[1555,1506,3304,1767],"giftcard-category":[],"class_list":{"0":"post-32470","1":"product","2":"type-product","3":"status-publish","4":"has-post-thumbnail","6":"product_brand-calve","7":"product_cat-bacanie","8":"product_cat-cafea-ceai-mic-dejun","9":"product_cat-mic-dejun-produse-olanda","10":"product_cat-produse-olanda","12":"first","13":"outofstock","14":"taxable","15":"shipping-taxable","16":"purchasable","17":"product-type-simple"},"acf":[],"_links":{"self":[{"href":"https:\/\/totalblue.ro\/de\/wp-json\/wp\/v2\/product\/32470","targetHints":{"allow":["GET"]}}],"collection":[{"href":"https:\/\/totalblue.ro\/de\/wp-json\/wp\/v2\/product"}],"about":[{"href":"https:\/\/totalblue.ro\/de\/wp-json\/wp\/v2\/types\/product"}],"replies":[{"embeddable":true,"href":"https:\/\/totalblue.ro\/de\/wp-json\/wp\/v2\/comments?post=32470"}],"wp:featuredmedia":[{"embeddable":true,"href":"https:\/\/totalblue.ro\/de\/wp-json\/wp\/v2\/media\/32471"}],"wp:attachment":[{"href":"https:\/\/totalblue.ro\/de\/wp-json\/wp\/v2\/media?parent=32470"}],"wp:term":[{"taxonomy":"product_brand","embeddable":true,"href":"https:\/\/totalblue.ro\/de\/wp-json\/wp\/v2\/product_brand?post=32470"},{"taxonomy":"product_cat","embeddable":true,"href":"https:\/\/totalblue.ro\/de\/wp-json\/wp\/v2\/product_cat?post=32470"},{"taxonomy":"giftcard-category","embeddable":true,"href":"https:\/\/totalblue.ro\/de\/wp-json\/wp\/v2\/giftcard-category?post=32470"}],"curies":[{"name":"wp","href":"https:\/\/api.w.org\/{rel}","templated":true}]}}