{"id":32484,"date":"2021-08-03T13:50:30","date_gmt":"2021-08-03T10:50:30","guid":{"rendered":"https:\/\/totalblue.ro\/?post_type=product&#038;p=32484"},"modified":"2025-08-08T09:43:14","modified_gmt":"2025-08-08T06:43:14","slug":"verstegen-joghurt-knoblauchsauce-350-g","status":"publish","type":"product","link":"https:\/\/totalblue.ro\/de\/produs\/verstegen-sos-de-iaurt-cu-usturoi-350-g\/","title":{"rendered":"Verstegen Joghurtsauce mit Knoblauch 350 g"},"content":{"rendered":"<p>Verstegen Joghurtsauce mit Knoblauch 350 g<br \/>\nJoghurt-Knoflooksaus Verstegen 350 ml<br \/>\nDie Joghurt-Knoblauch-Sauce ist gebrauchsfertig und kann sowohl warm als auch kalt verwendet werden.<br \/>\n<strong>Inhaltsstoff:<\/strong> Wasser, Sonnenblumen\u00f6l, Joghurt 10% (enth\u00e4lt Milch), Zucker, Gem\u00fcse (1% Knoblauch, 1% Zwiebel), Milcheiwei\u00df, Salz, Lebensmittels\u00e4uren: Milchs\u00e4ure und Natriumlaktat, modifizierte Maisst\u00e4rke, Stabilisator: Xanthan, Essig, S\u00e4ureregulator: Glucono-Delta-Lacton, Aromen, 0,1% Dill, Farbstoff: nat\u00fcrliches Karotin.<br \/>\n<strong>Allergene:<\/strong> Milch<br \/>\nVorsicht beim Erhitzen in der Mikrowelle: Zuerst den Deckel abnehmen und mit einem Zahnstocher kleine L\u00f6cher in die Folie stechen. Die Folie l\u00e4sst sich leicht entfernen, indem man mit einem scharfen Messer am Rand entlang schneidet. Je nach Art und Leistung Ihrer Mikrowelle empfehlen wir 1,5 Minuten bei 750 W.<br \/>\n<strong>Lagerungsbedingungen:<\/strong> Kann unge\u00f6ffnet au\u00dferhalb des K\u00fchlschranks aufbewahrt werden. An einem dunklen Ort bei Raumtemperatur aufbewahren. Nach dem \u00d6ffnen im K\u00fchlschrank aufbewahren.<br \/>\nN\u00e4hrwertangaben \/ 100 g:<br \/>\nEnergie 1290 kJ (312 kcal)<br \/>\nFett 30,2 g, davon ges\u00e4ttigtes Fett 2,4 g<br \/>\nKohlenhydrate 7,8 g, davon Zucker 6,1 g<br \/>\nEiwei\u00df 1,9 g<br \/>\nSalz 1,4 g<br \/>\nHergestellt in den Niederlanden von Verstegen Consumenten Service, Antw.nr. 40157, 3040 VB Rotterdam<br \/>\nEinf\u00fchrer und H\u00e4ndler Total Blue Impex SRL<\/p>\n<p>&nbsp;<\/p>","protected":false},"excerpt":{"rendered":"<p>Verstegen Joghurtsauce mit Knoblauch 350 g<br \/>\nJoghurt-Knoflooksaus Verstegen 350 ml<\/p>","protected":false},"featured_media":32485,"comment_status":"open","ping_status":"closed","template":"","meta":{"_acf_changed":false,"_seopress_robots_primary_cat":"1767","_seopress_titles_title":"","_seopress_titles_desc":"","_seopress_robots_index":""},"product_brand":[2008],"product_cat":[1555,3280,1683,1767],"giftcard-category":[],"class_list":{"0":"post-32484","1":"product","2":"type-product","3":"status-publish","4":"has-post-thumbnail","6":"product_brand-verstegen","7":"product_cat-bacanie","8":"product_cat-condimente-sosuri","9":"product_cat-conserve-mancare-gatita","10":"product_cat-produse-olanda","12":"first","13":"outofstock","14":"taxable","15":"shipping-taxable","16":"purchasable","17":"product-type-simple"},"acf":[],"_links":{"self":[{"href":"https:\/\/totalblue.ro\/de\/wp-json\/wp\/v2\/product\/32484","targetHints":{"allow":["GET"]}}],"collection":[{"href":"https:\/\/totalblue.ro\/de\/wp-json\/wp\/v2\/product"}],"about":[{"href":"https:\/\/totalblue.ro\/de\/wp-json\/wp\/v2\/types\/product"}],"replies":[{"embeddable":true,"href":"https:\/\/totalblue.ro\/de\/wp-json\/wp\/v2\/comments?post=32484"}],"wp:featuredmedia":[{"embeddable":true,"href":"https:\/\/totalblue.ro\/de\/wp-json\/wp\/v2\/media\/32485"}],"wp:attachment":[{"href":"https:\/\/totalblue.ro\/de\/wp-json\/wp\/v2\/media?parent=32484"}],"wp:term":[{"taxonomy":"product_brand","embeddable":true,"href":"https:\/\/totalblue.ro\/de\/wp-json\/wp\/v2\/product_brand?post=32484"},{"taxonomy":"product_cat","embeddable":true,"href":"https:\/\/totalblue.ro\/de\/wp-json\/wp\/v2\/product_cat?post=32484"},{"taxonomy":"giftcard-category","embeddable":true,"href":"https:\/\/totalblue.ro\/de\/wp-json\/wp\/v2\/giftcard-category?post=32484"}],"curies":[{"name":"wp","href":"https:\/\/api.w.org\/{rel}","templated":true}]}}