{"id":32575,"date":"2021-08-05T15:05:52","date_gmt":"2021-08-05T12:05:52","guid":{"rendered":"https:\/\/totalblue.ro\/?post_type=product&#038;p=32575"},"modified":"2025-08-01T15:43:17","modified_gmt":"2025-08-01T12:43:17","slug":"supa-de-linte-usor-picanta-indiase-conimex-570-ml","status":"publish","type":"product","link":"https:\/\/totalblue.ro\/de\/produs\/supa-de-linte-usor-picanta-indiase-conimex-570-ml\/","title":{"rendered":"Supa de linte usor picanta Indiase Conimex 570 ml"},"content":{"rendered":"<p>Indiase Linzensoep Unox 570 ml<br \/>\nSupa de linte usor picanta Indiase Conimex 570 ml<br \/>\nAceast\u0103 supa surprinz\u0103toare de linte indiana este o supa vegetariana u\u0219oara preparata cu linte \u0219i ceapa cultivate in mod durabil.<br \/>\nCondimentele delicioase precum curry, cardamom \u0219i piper de cayenne confera acestei supe un gust bogat, picant.<br \/>\nAcest produs este vegetarian.<br \/>\n<strong>Vorbereitung:<\/strong> Die Verpackung nicht in die Mikrowelle stellen! Die Suppe nicht kochen! Geben Sie die Suppe in eine Sch\u00fcssel und erhitzen Sie sie 3 Minuten lang bei ca. 600 Watt in der Mikrowelle oder erhitzen Sie sie direkt in einer Kasserolle oder einem Topf unter leichtem R\u00fchren. Nach dem Erhitzen ist sie bereit zum Genie\u00dfen!<br \/>\n<strong>Inhaltsstoff:<\/strong>Apa, linte ro\u0219ie 10%, ceapa 6,7%, amidon de cartofi, pulbere de iaurt, usturoi, amidon de porumb modificat, zahar, sare, aromatizant (contine telina), condimente (0,3% curry (coriandru, chimen, turmeric, piper, anason) , scortisoara, fenicul, ghimbir, dragoste, ienibahar, piper cayenne), cardamom, piper, piper cayenne), extract de drojdie, extract de schinduf crescut intr-un mod durabil.<br \/>\n<strong>Mod pastrare:<\/strong> Dup\u0103 deschiderea pungii, aceast\u0103 sup\u0103 poate fi p\u0103strat\u0103 maxim 2 zile la frigider. Inchideti punga.<br \/>\n<strong>Allergene:<\/strong> contine lapte, telina<br \/>\n<strong>Ern\u00e4hrung \/ 100ml:<\/strong><br \/>\nEnergie 89 kcal<br \/>\nProteine \u200b\u200b3,8 g<br \/>\nCarbohidra\u021bi<br \/>\nZahar 2,8 g<br \/>\nGrasimi 2,5 g<br \/>\nGrasimi saturate 1,6 g<br \/>\nSare 0,69 g<br \/>\n<strong><a href=\"https:\/\/totalblue.ro\/wp-content\/uploads\/2021\/02\/vegetarian.jpeg\"><img loading=\"lazy\" decoding=\"async\" class=\"alignnone wp-image-27413\" src=\"https:\/\/totalblue.ro\/wp-content\/uploads\/2021\/02\/vegetarian.jpeg\" alt=\"\" width=\"86\" height=\"86\" srcset=\"https:\/\/totalblue.ro\/wp-content\/uploads\/2021\/02\/vegetarian.jpeg 225w, https:\/\/totalblue.ro\/wp-content\/uploads\/2021\/02\/vegetarian-100x100.jpeg 100w\" sizes=\"auto, (max-width: 86px) 100vw, 86px\" \/><\/a><\/strong><\/p>\n<p>&nbsp;<\/p>\n<p>&nbsp;<\/p>","protected":false},"excerpt":{"rendered":"<p>Indiase Linzensoep Unox 570 ml<br \/>\nSupa de linte usor picanta Indiase Conimex 570 ml<\/p>","protected":false},"featured_media":32576,"comment_status":"open","ping_status":"closed","template":"","meta":{"_acf_changed":false,"_seopress_robots_primary_cat":"none","_seopress_titles_title":"","_seopress_titles_desc":"","_seopress_robots_index":""},"product_brand":[1949,1925],"product_cat":[1555,1683,3272,17494,1767],"giftcard-category":[],"class_list":{"0":"post-32575","1":"product","2":"type-product","3":"status-publish","4":"has-post-thumbnail","6":"product_brand-conimex","7":"product_brand-unox","8":"product_cat-bacanie","9":"product_cat-conserve-mancare-gatita","10":"product_cat-conserve","11":"product_cat-influente-asiatice","12":"product_cat-produse-olanda","14":"first","15":"outofstock","16":"taxable","17":"shipping-taxable","18":"purchasable","19":"product-type-simple"},"acf":[],"_links":{"self":[{"href":"https:\/\/totalblue.ro\/de\/wp-json\/wp\/v2\/product\/32575","targetHints":{"allow":["GET"]}}],"collection":[{"href":"https:\/\/totalblue.ro\/de\/wp-json\/wp\/v2\/product"}],"about":[{"href":"https:\/\/totalblue.ro\/de\/wp-json\/wp\/v2\/types\/product"}],"replies":[{"embeddable":true,"href":"https:\/\/totalblue.ro\/de\/wp-json\/wp\/v2\/comments?post=32575"}],"wp:featuredmedia":[{"embeddable":true,"href":"https:\/\/totalblue.ro\/de\/wp-json\/wp\/v2\/media\/32576"}],"wp:attachment":[{"href":"https:\/\/totalblue.ro\/de\/wp-json\/wp\/v2\/media?parent=32575"}],"wp:term":[{"taxonomy":"product_brand","embeddable":true,"href":"https:\/\/totalblue.ro\/de\/wp-json\/wp\/v2\/product_brand?post=32575"},{"taxonomy":"product_cat","embeddable":true,"href":"https:\/\/totalblue.ro\/de\/wp-json\/wp\/v2\/product_cat?post=32575"},{"taxonomy":"giftcard-category","embeddable":true,"href":"https:\/\/totalblue.ro\/de\/wp-json\/wp\/v2\/giftcard-category?post=32575"}],"curies":[{"name":"wp","href":"https:\/\/api.w.org\/{rel}","templated":true}]}}