{"id":32783,"date":"2021-08-10T10:33:16","date_gmt":"2021-08-10T07:33:16","guid":{"rendered":"https:\/\/totalblue.ro\/?post_type=product&#038;p=32783"},"modified":"2026-04-14T15:25:30","modified_gmt":"2026-04-14T12:25:30","slug":"verstegen-mix-condimente-traditionale-pentru-pui-225-g","status":"publish","type":"product","link":"https:\/\/totalblue.ro\/de\/produs\/verstegen-mix-condimente-traditionale-pentru-pui-225-g\/","title":{"rendered":"Verstegen Mix - traditionelle Gew\u00fcrze f\u00fcr Gefl\u00fcgel 225 g"},"content":{"rendered":"<p>Verstegen Kruidenmix voor kip 225 g<br \/>\nVerstegen Mix - traditionelle Gew\u00fcrze f\u00fcr Gefl\u00fcgel 225 g<br \/>\nAcest amestec Verstegen ofera carnii de pui un gust traditional si familiar! Verstegen Kruidenmix voor kip &#8211; pui este cel mai cunoscut condiment din Olanda !<br \/>\n<strong>Inhaltsstoff:<\/strong> sare, condimente (coriandru, boia, piper, ghimbir, turmeric, schinduf, seminte de telina, chimen, cardamom, ardei iute), ceapa.<br \/>\n<strong>Allergene:<\/strong> enth\u00e4lt Staudensellerie.<br \/>\nVerpackung: Klappe mit Deckel.<br \/>\nAn einem dunklen und trockenen Ort aufbewahren.<br \/>\n<strong>N\u00e4hrwertangaben \/ 100g:<\/strong><br \/>\nEnergie 432 kJ (104 kcal)<br \/>\nGrasime 3,7 g din care saturati 1 g<br \/>\nCarbohidrati 9,8 g din care zaharuri 2,4 g<br \/>\nProteine \u200b\u200b3,5 g<br \/>\nSare 68,8 g<br \/>\n<strong>Tipp f\u00fcr die Zubereitung:<br \/>\n<\/strong>Serviti puiul cu sos de mere, cartofi prajiti, sos de maioneza \/ frite, sos Verstegen Sate si o salata proaspata.<br \/>\nIngrediente (pentru 4 persoane): 500 g file de pui sau 1 kg pulpe superioare \/ pulpe de pui sau un pui intreg, aproximativ 1 lingura (8 g) amestec Verstegen pentru file de pui sau aproximativ 2 linguri (20 g) Amestec Verstegen pentru pulpe superioare \/pulpe de pui sau un pui intreg, 2 linguri ulei (ulei de masline). Metoda de preparare: freca\u021bi puiul la alegere cu amestecul Verstegen si lasati-l sa se odihneasca o vreme. Incalziti o tigaie cu uleiul (de masline) si prajiti puiul la foc mediu pana se rumeneste pe ambele parti. Puiul cu os se gateste cel mai bine la cuptor la 180 \u00b0 C. Un pui intreg este g\u0103tit \u00een aproximativ 50 p\u00e2n\u0103 la 70 de minute. Pulpele de pui sunt gatite la cuptor in aproximativ 30 pana la 45 de minute. Pofta Buna !<\/p>\n<p>Hergestellt von Verstegen Consumenten Service, Antwoord nr. 40157, 3040 VB Rotterdam, Die Niederlande<br \/>\nEinf\u00fchrer und H\u00e4ndler Total Blue Impex SRL<\/p>","protected":false},"excerpt":{"rendered":"<p>Verstegen Kruidenmix voor kip 225 g<br \/>\nVerstegen Mix - traditionelle Gew\u00fcrze f\u00fcr Gefl\u00fcgel 225 g<\/p>","protected":false},"featured_media":32785,"comment_status":"open","ping_status":"closed","template":"","meta":{"_acf_changed":false,"_seopress_robots_primary_cat":"1451","_seopress_titles_title":"","_seopress_titles_desc":"","_seopress_robots_index":""},"product_brand":[2008],"product_cat":[1555,3280,1451,1767],"giftcard-category":[],"class_list":{"0":"post-32783","1":"product","2":"type-product","3":"status-publish","4":"has-post-thumbnail","6":"product_brand-verstegen","7":"product_cat-bacanie","8":"product_cat-condimente-sosuri","9":"product_cat-condimente-produse-instant","10":"product_cat-produse-olanda","12":"first","13":"instock","14":"taxable","15":"shipping-taxable","16":"purchasable","17":"product-type-simple"},"acf":[],"_links":{"self":[{"href":"https:\/\/totalblue.ro\/de\/wp-json\/wp\/v2\/product\/32783","targetHints":{"allow":["GET"]}}],"collection":[{"href":"https:\/\/totalblue.ro\/de\/wp-json\/wp\/v2\/product"}],"about":[{"href":"https:\/\/totalblue.ro\/de\/wp-json\/wp\/v2\/types\/product"}],"replies":[{"embeddable":true,"href":"https:\/\/totalblue.ro\/de\/wp-json\/wp\/v2\/comments?post=32783"}],"wp:featuredmedia":[{"embeddable":true,"href":"https:\/\/totalblue.ro\/de\/wp-json\/wp\/v2\/media\/32785"}],"wp:attachment":[{"href":"https:\/\/totalblue.ro\/de\/wp-json\/wp\/v2\/media?parent=32783"}],"wp:term":[{"taxonomy":"product_brand","embeddable":true,"href":"https:\/\/totalblue.ro\/de\/wp-json\/wp\/v2\/product_brand?post=32783"},{"taxonomy":"product_cat","embeddable":true,"href":"https:\/\/totalblue.ro\/de\/wp-json\/wp\/v2\/product_cat?post=32783"},{"taxonomy":"giftcard-category","embeddable":true,"href":"https:\/\/totalblue.ro\/de\/wp-json\/wp\/v2\/giftcard-category?post=32783"}],"curies":[{"name":"wp","href":"https:\/\/api.w.org\/{rel}","templated":true}]}}