{"id":32802,"date":"2021-08-10T11:58:15","date_gmt":"2021-08-10T08:58:15","guid":{"rendered":"https:\/\/totalblue.ro\/?post_type=product&#038;p=32802"},"modified":"2023-05-29T07:14:45","modified_gmt":"2023-05-29T04:14:45","slug":"hoegaarden-bere-cu-aroma-de-lamaie-si-coriandru-49-sticla-300-ml-import-olanda","status":"publish","type":"product","link":"https:\/\/totalblue.ro\/de\/produs\/hoegaarden-bere-cu-aroma-de-lamaie-si-coriandru-49-sticla-300-ml-import-olanda\/","title":{"rendered":"Hoegaarden Bier mit Zitronen- und Koriandergeschmack 4,9% Flasche 300 ml, Import Holland"},"content":{"rendered":"<p>Hoegaarden Belgisch witbier fles 300 ml<br \/>\nHoegaarden Bier mit Zitronen- und Koriandergeschmack 4,9% Flasche 300 ml, Import Holland<br \/>\nAlcool: 4,9% vol.<br \/>\nProdukt online verf\u00fcgbar<br \/>\nHoegaarden este o bere de grau unica, autentica belgiana, cu o traditie a fabricarii berii care dateaz\u0103 din 1445.<br \/>\nProcesul de fabricare a berii Hoegaarden este deosebit de complex si include coji de portocale si coriandru. Berea este mai intai fermentata si apoi imbuteliata, rezultand un aspect alb tulbure distinctiv si o experienta gustativa racoritoare.<br \/>\nBucura-te de un Hoegaarden racoritor!<br \/>\n<strong>Inhaltsstoff:<\/strong> Apa, mal\u021b de orz, grau, hamei, condimente: coriandru, coaja naturala de portocala, zahar, drojdie.<br \/>\n<strong>Allergene:<\/strong>contine cereale care contin gluten.<br \/>\nVerpackung: Flasche. Die Flaschen werden nicht zur\u00fcckgenommen (kein Aufpreis f\u00fcr Flaschen).<br \/>\nAchten Sie auf hohe Temperaturen und Frost.<br \/>\n<strong>N\u00e4hrwertangaben:<\/strong><br \/>\nEnergie 186 kJ (45 kcal)<br \/>\nGrasimi din care grasimi saturate 0 g<br \/>\nProteine \u200b\u200b0,5 g<br \/>\nSare &lt;0 g<br \/>\nCarbohidrati 3,6 g<br \/>\nGr\u0103sime 0 g<br \/>\nJuristische L\u00fcgen: Alkohol schadet Ihrer Gesundheit. Trinken Sie in Ma\u00dfen. Der Verkauf an unter 18-J\u00e4hrige ist verboten. www.desprealcool.ro<br \/>\nProdus de InBev Belgium s.a.\/n.v. , 21 Industrielaan &#8211; B-1070 Brussel, Belgia<br \/>\nImport Olanda<br \/>\nEinf\u00fchrer und H\u00e4ndler Total Blue Impex SRL<br \/>\n<a href=\"https:\/\/totalblue.ro\/wp-content\/uploads\/2021\/04\/under-18.jpg\"><img loading=\"lazy\" decoding=\"async\" class=\"alignnone wp-image-30757\" src=\"https:\/\/totalblue.ro\/wp-content\/uploads\/2021\/04\/under-18-400x400.jpg\" alt=\"\" width=\"95\" height=\"95\" srcset=\"https:\/\/totalblue.ro\/wp-content\/uploads\/2021\/04\/under-18-400x400.jpg 400w, https:\/\/totalblue.ro\/wp-content\/uploads\/2021\/04\/under-18-100x100.jpg 100w, https:\/\/totalblue.ro\/wp-content\/uploads\/2021\/04\/under-18-510x510.jpg 510w, https:\/\/totalblue.ro\/wp-content\/uploads\/2021\/04\/under-18-280x280.jpg 280w, https:\/\/totalblue.ro\/wp-content\/uploads\/2021\/04\/under-18.jpg 600w\" sizes=\"auto, (max-width: 95px) 100vw, 95px\" \/><\/a><a href=\"https:\/\/totalblue.ro\/wp-content\/uploads\/2021\/06\/drink-drive.jpg\"><img loading=\"lazy\" decoding=\"async\" class=\"alignnone wp-image-30761\" src=\"https:\/\/totalblue.ro\/wp-content\/uploads\/2021\/06\/drink-drive.jpg\" alt=\"\" width=\"95\" height=\"93\" srcset=\"https:\/\/totalblue.ro\/wp-content\/uploads\/2021\/06\/drink-drive.jpg 344w, https:\/\/totalblue.ro\/wp-content\/uploads\/2021\/06\/drink-drive-100x98.jpg 100w\" sizes=\"auto, (max-width: 95px) 100vw, 95px\" \/><\/a><a href=\"https:\/\/totalblue.ro\/wp-content\/uploads\/2021\/06\/bere-gravide02.jpg\"><img loading=\"lazy\" decoding=\"async\" class=\"alignnone wp-image-30771\" src=\"https:\/\/totalblue.ro\/wp-content\/uploads\/2021\/06\/bere-gravide02-403x400.jpg\" alt=\"\" width=\"94\" height=\"93\" srcset=\"https:\/\/totalblue.ro\/wp-content\/uploads\/2021\/06\/bere-gravide02-403x400.jpg 403w, https:\/\/totalblue.ro\/wp-content\/uploads\/2021\/06\/bere-gravide02-100x99.jpg 100w, https:\/\/totalblue.ro\/wp-content\/uploads\/2021\/06\/bere-gravide02-510x507.jpg 510w, https:\/\/totalblue.ro\/wp-content\/uploads\/2021\/06\/bere-gravide02-805x800.jpg 805w, https:\/\/totalblue.ro\/wp-content\/uploads\/2021\/06\/bere-gravide02-280x280.jpg 280w, https:\/\/totalblue.ro\/wp-content\/uploads\/2021\/06\/bere-gravide02-768x763.jpg 768w, https:\/\/totalblue.ro\/wp-content\/uploads\/2021\/06\/bere-gravide02-600x596.jpg 600w, https:\/\/totalblue.ro\/wp-content\/uploads\/2021\/06\/bere-gravide02.jpg 895w\" sizes=\"auto, (max-width: 94px) 100vw, 94px\" \/><\/a><\/p>","protected":false},"excerpt":{"rendered":"<p>Dieser Preis ist nur f\u00fcr Online-Bestellungen g\u00fcltig.<br \/>\nDer angezeigte Preis gilt pro St\u00fcck!<\/p>","protected":false},"featured_media":48233,"comment_status":"open","ping_status":"closed","template":"","meta":{"_acf_changed":false,"_seopress_robots_primary_cat":"none","_seopress_titles_title":"","_seopress_titles_desc":"","_seopress_robots_index":""},"product_brand":[2081],"product_cat":[1519,1767,3312],"giftcard-category":[],"class_list":{"0":"post-32802","1":"product","2":"type-product","3":"status-publish","4":"has-post-thumbnail","6":"product_brand-hoegaarden","7":"product_cat-bauturi-alcoolice-bere","8":"product_cat-produse-olanda","9":"product_cat-bauturi-racoritoare-produse-olanda","11":"first","12":"outofstock","13":"sale","14":"taxable","15":"shipping-taxable","16":"purchasable","17":"product-type-simple"},"acf":[],"_links":{"self":[{"href":"https:\/\/totalblue.ro\/de\/wp-json\/wp\/v2\/product\/32802","targetHints":{"allow":["GET"]}}],"collection":[{"href":"https:\/\/totalblue.ro\/de\/wp-json\/wp\/v2\/product"}],"about":[{"href":"https:\/\/totalblue.ro\/de\/wp-json\/wp\/v2\/types\/product"}],"replies":[{"embeddable":true,"href":"https:\/\/totalblue.ro\/de\/wp-json\/wp\/v2\/comments?post=32802"}],"wp:featuredmedia":[{"embeddable":true,"href":"https:\/\/totalblue.ro\/de\/wp-json\/wp\/v2\/media\/48233"}],"wp:attachment":[{"href":"https:\/\/totalblue.ro\/de\/wp-json\/wp\/v2\/media?parent=32802"}],"wp:term":[{"taxonomy":"product_brand","embeddable":true,"href":"https:\/\/totalblue.ro\/de\/wp-json\/wp\/v2\/product_brand?post=32802"},{"taxonomy":"product_cat","embeddable":true,"href":"https:\/\/totalblue.ro\/de\/wp-json\/wp\/v2\/product_cat?post=32802"},{"taxonomy":"giftcard-category","embeddable":true,"href":"https:\/\/totalblue.ro\/de\/wp-json\/wp\/v2\/giftcard-category?post=32802"}],"curies":[{"name":"wp","href":"https:\/\/api.w.org\/{rel}","templated":true}]}}