{"id":32806,"date":"2021-08-10T12:09:28","date_gmt":"2021-08-10T09:09:28","guid":{"rendered":"https:\/\/totalblue.ro\/?post_type=product&#038;p=32806"},"modified":"2024-03-10T15:57:45","modified_gmt":"2024-03-10T13:57:45","slug":"liefmans-fruitesse-fruitbier-38-sticla-250-ml","status":"publish","type":"product","link":"https:\/\/totalblue.ro\/de\/produs\/liefmans-fruitesse-fruitbier-38-sticla-250-ml\/","title":{"rendered":"Liefmans Fruitesse Fruchtbier 3,8% Flasche 250 ml"},"content":{"rendered":"<p>Liefmans Fruitesse fruitbier fles 250 ml<br \/>\nAlcool: 3,9% vol.<br \/>\nProdukt online verf\u00fcgbar<br \/>\nRecomandare servire: Tine berea Fruitesse la rece. Umpleti paharul cu 6 cuburi de gheata &#8211; turnati Fruitesse in pahar. Savureaza un gust proapat si intens al capsunilor, zmeurii, cireselor, socului \u0219i afinelor!<br \/>\n<strong>Inhaltsstoff:<\/strong> apa, malt de orz, malt de grau, 15% fructe (cirese, zmeura, afine, soc, capsuni), fructoza, aroma, hamei si indulcitor: acesulfam-k<br \/>\n<strong>Allergene:<\/strong>contine cereale care contin gluten, orz, grau.<br \/>\nVerpackung: Flasche. Die Flaschen werden nicht zur\u00fcckgenommen (kein Aufpreis f\u00fcr Flaschen).<br \/>\nAchten Sie auf hohe Temperaturen und Frost.<br \/>\nJuristische L\u00fcgen: Alkohol schadet Ihrer Gesundheit. Trinken Sie in Ma\u00dfen. Der Verkauf an unter 18-J\u00e4hrige ist verboten. www.desprealcool.ro<br \/>\nProdus de Liefmans Brouwerij, Aalststraat 200, 9700 Oudenaarde, Belgi\u00eb<br \/>\nImport Olanda<br \/>\nEinf\u00fchrer und H\u00e4ndler Total Blue Impex SRL<br \/>\n<a href=\"https:\/\/totalblue.ro\/wp-content\/uploads\/2021\/04\/under-18.jpg\"><img loading=\"lazy\" decoding=\"async\" class=\"alignnone wp-image-30757\" src=\"https:\/\/totalblue.ro\/wp-content\/uploads\/2021\/04\/under-18-400x400.jpg\" alt=\"\" width=\"95\" height=\"95\" srcset=\"https:\/\/totalblue.ro\/wp-content\/uploads\/2021\/04\/under-18-400x400.jpg 400w, https:\/\/totalblue.ro\/wp-content\/uploads\/2021\/04\/under-18-100x100.jpg 100w, https:\/\/totalblue.ro\/wp-content\/uploads\/2021\/04\/under-18-510x510.jpg 510w, https:\/\/totalblue.ro\/wp-content\/uploads\/2021\/04\/under-18-280x280.jpg 280w, https:\/\/totalblue.ro\/wp-content\/uploads\/2021\/04\/under-18.jpg 600w\" sizes=\"auto, (max-width: 95px) 100vw, 95px\" \/><\/a><a href=\"https:\/\/totalblue.ro\/wp-content\/uploads\/2021\/06\/drink-drive.jpg\"><img loading=\"lazy\" decoding=\"async\" class=\"alignnone wp-image-30761\" src=\"https:\/\/totalblue.ro\/wp-content\/uploads\/2021\/06\/drink-drive.jpg\" alt=\"\" width=\"95\" height=\"93\" srcset=\"https:\/\/totalblue.ro\/wp-content\/uploads\/2021\/06\/drink-drive.jpg 344w, https:\/\/totalblue.ro\/wp-content\/uploads\/2021\/06\/drink-drive-100x98.jpg 100w\" sizes=\"auto, (max-width: 95px) 100vw, 95px\" \/><\/a><a href=\"https:\/\/totalblue.ro\/wp-content\/uploads\/2021\/06\/bere-gravide02.jpg\"><img loading=\"lazy\" decoding=\"async\" class=\"alignnone wp-image-30771\" src=\"https:\/\/totalblue.ro\/wp-content\/uploads\/2021\/06\/bere-gravide02-403x400.jpg\" alt=\"\" width=\"94\" height=\"93\" srcset=\"https:\/\/totalblue.ro\/wp-content\/uploads\/2021\/06\/bere-gravide02-403x400.jpg 403w, https:\/\/totalblue.ro\/wp-content\/uploads\/2021\/06\/bere-gravide02-100x99.jpg 100w, https:\/\/totalblue.ro\/wp-content\/uploads\/2021\/06\/bere-gravide02-510x507.jpg 510w, https:\/\/totalblue.ro\/wp-content\/uploads\/2021\/06\/bere-gravide02-805x800.jpg 805w, https:\/\/totalblue.ro\/wp-content\/uploads\/2021\/06\/bere-gravide02-280x280.jpg 280w, https:\/\/totalblue.ro\/wp-content\/uploads\/2021\/06\/bere-gravide02-768x763.jpg 768w, https:\/\/totalblue.ro\/wp-content\/uploads\/2021\/06\/bere-gravide02-600x596.jpg 600w, https:\/\/totalblue.ro\/wp-content\/uploads\/2021\/06\/bere-gravide02.jpg 895w\" sizes=\"auto, (max-width: 94px) 100vw, 94px\" \/><\/a><\/p>","protected":false},"excerpt":{"rendered":"<p>Dieser Preis ist nur f\u00fcr Online-Bestellungen g\u00fcltig.<br \/>\nDer angezeigte Preis gilt pro St\u00fcck!<\/p>","protected":false},"featured_media":48234,"comment_status":"open","ping_status":"closed","template":"","meta":{"_acf_changed":false,"_seopress_robots_primary_cat":"none","_seopress_titles_title":"Liefmans Fruitesse fruitbier fles 250 ml, bere Liefmans, bere cu fructe Liefmans ","_seopress_titles_desc":"Profita si cumpara online Liefmans Fruitesse fruitbier fles 250 ml, bere Liefmans, bere cu fructe Liefmans. Magazin online cu produse olandeze si belgiene. ","_seopress_robots_index":""},"product_brand":[2082],"product_cat":[1519,1767,3312],"giftcard-category":[],"class_list":{"0":"post-32806","1":"product","2":"type-product","3":"status-publish","4":"has-post-thumbnail","6":"product_brand-liefmans","7":"product_cat-bauturi-alcoolice-bere","8":"product_cat-produse-olanda","9":"product_cat-bauturi-racoritoare-produse-olanda","11":"first","12":"outofstock","13":"sale","14":"taxable","15":"shipping-taxable","16":"purchasable","17":"product-type-simple"},"acf":[],"_links":{"self":[{"href":"https:\/\/totalblue.ro\/de\/wp-json\/wp\/v2\/product\/32806","targetHints":{"allow":["GET"]}}],"collection":[{"href":"https:\/\/totalblue.ro\/de\/wp-json\/wp\/v2\/product"}],"about":[{"href":"https:\/\/totalblue.ro\/de\/wp-json\/wp\/v2\/types\/product"}],"replies":[{"embeddable":true,"href":"https:\/\/totalblue.ro\/de\/wp-json\/wp\/v2\/comments?post=32806"}],"wp:featuredmedia":[{"embeddable":true,"href":"https:\/\/totalblue.ro\/de\/wp-json\/wp\/v2\/media\/48234"}],"wp:attachment":[{"href":"https:\/\/totalblue.ro\/de\/wp-json\/wp\/v2\/media?parent=32806"}],"wp:term":[{"taxonomy":"product_brand","embeddable":true,"href":"https:\/\/totalblue.ro\/de\/wp-json\/wp\/v2\/product_brand?post=32806"},{"taxonomy":"product_cat","embeddable":true,"href":"https:\/\/totalblue.ro\/de\/wp-json\/wp\/v2\/product_cat?post=32806"},{"taxonomy":"giftcard-category","embeddable":true,"href":"https:\/\/totalblue.ro\/de\/wp-json\/wp\/v2\/giftcard-category?post=32806"}],"curies":[{"name":"wp","href":"https:\/\/api.w.org\/{rel}","templated":true}]}}