{"id":33321,"date":"2021-08-27T11:39:25","date_gmt":"2021-08-27T08:39:25","guid":{"rendered":"https:\/\/totalblue.ro\/?post_type=product&#038;p=33321"},"modified":"2023-02-03T14:54:30","modified_gmt":"2023-02-03T12:54:30","slug":"kuhne-gurkenscheiben-mit-dill-und-zwiebel-330-g-370-ml","status":"publish","type":"product","link":"https:\/\/totalblue.ro\/de\/produs\/kuhne-felii-de-castraveti-di-silezia-cu-marar-si-ceapa-330-g-370-ml\/","title":{"rendered":"K\u00fchne Geschnittene Gurkenscheiben mit Dill und Zwiebel 330 g \/ 370 ml"},"content":{"rendered":"<p>K\u00fchne Geschnittene Gurkenscheiben mit Dill und Zwiebel 670 g \/ 720 ml<br \/>\nLeichte, pikante Gurkenscheiben, gesch\u00e4lt, mit Zwiebel und Dill.<br \/>\n<strong>Inhaltsstoff:<\/strong> Gurken, Branntweinessig, Glukose-Fruktose-Sirup, Zucker, Dill, Paprika, Zwiebel, Senfk\u00f6rner, Salz, nat\u00fcrliches Kr\u00e4uteraroma, Farbstoff Riboflavin.<br \/>\n<strong>Allergene:<\/strong> Glutenhaltiges Getreide: nein.<br \/>\nKrustentiere: Nu.<br \/>\nOua: Nein.<br \/>\nFisch: Nu.<br \/>\nErdn\u00fcsse: Nu.<br \/>\nSoja: Nein.<br \/>\nMilch: Nein.<br \/>\nN\u00fcsse: Nu.<br \/>\nTelina: Nein.<br \/>\nSenf: Ja<br \/>\nSesamsamen: nein.<br \/>\nSchwefeldioxid und Sulfit: Nein.<br \/>\nLupini: Nein.<br \/>\nNachtfalter: Nu.<br \/>\nVegetarisches Produkt<br \/>\nGlutenfrei<br \/>\nLaktosefrei<br \/>\nNach dem \u00d6ffnen an einem k\u00fchlen Ort aufbewahren.<br \/>\nVerpackung: Glasgef\u00e4\u00df mit Deckel<br \/>\n<strong>N\u00e4hrwertangaben:<\/strong><br \/>\nHeizwert in kJ 217 kJ<br \/>\nEnergiewert in kcal 51 kcal<br \/>\nFett 0,1 g ges\u00e4ttigte Fetts\u00e4uren &lt;0,1 g<br \/>\nKohlenhydrate 11,0 g<br \/>\nZucker 11,0 g<br \/>\nAlbus von oder 0,6 g<br \/>\nSalz 1,0 g<br \/>\nBallaststoffe 0,8 g<br \/>\n<a href=\"https:\/\/totalblue.ro\/wp-content\/uploads\/2021\/02\/vegetarian.jpeg\"><img loading=\"lazy\" decoding=\"async\" class=\"alignnone wp-image-27413\" src=\"https:\/\/totalblue.ro\/wp-content\/uploads\/2021\/02\/vegetarian.jpeg\" alt=\"\" width=\"107\" height=\"107\" srcset=\"https:\/\/totalblue.ro\/wp-content\/uploads\/2021\/02\/vegetarian.jpeg 225w, https:\/\/totalblue.ro\/wp-content\/uploads\/2021\/02\/vegetarian-100x100.jpeg 100w\" sizes=\"auto, (max-width: 107px) 100vw, 107px\" \/><\/a><\/p>\n<p>Carl K\u00fchne KG (GmbH &amp; Co.), K\u00fchneh\u00f6fe 11, 22761 Hamburg, Deutschland<br \/>\nEinf\u00fchrer und H\u00e4ndler Total Blue Impex SRL<\/p>","protected":false},"excerpt":{"rendered":"<p>K\u00fchne Geschnittene Gurkenscheiben mit Dill und Zwiebel 330 g \/ 370 ml<\/p>","protected":false},"featured_media":33317,"comment_status":"open","ping_status":"closed","template":"","meta":{"_acf_changed":false,"_seopress_robots_primary_cat":"none","_seopress_titles_title":"","_seopress_titles_desc":"","_seopress_robots_index":""},"product_brand":[2002],"product_cat":[1555,1683,3272,3372,1950,1767],"giftcard-category":[],"class_list":{"0":"post-33321","1":"product","2":"type-product","3":"status-publish","4":"has-post-thumbnail","6":"product_brand-kuhne","7":"product_cat-bacanie","8":"product_cat-conserve-mancare-gatita","9":"product_cat-conserve","10":"product_cat-conserve-produse-germania","11":"product_cat-produse-germania","12":"product_cat-produse-olanda","14":"first","15":"outofstock","16":"taxable","17":"shipping-taxable","18":"purchasable","19":"product-type-simple"},"acf":[],"_links":{"self":[{"href":"https:\/\/totalblue.ro\/de\/wp-json\/wp\/v2\/product\/33321","targetHints":{"allow":["GET"]}}],"collection":[{"href":"https:\/\/totalblue.ro\/de\/wp-json\/wp\/v2\/product"}],"about":[{"href":"https:\/\/totalblue.ro\/de\/wp-json\/wp\/v2\/types\/product"}],"replies":[{"embeddable":true,"href":"https:\/\/totalblue.ro\/de\/wp-json\/wp\/v2\/comments?post=33321"}],"wp:featuredmedia":[{"embeddable":true,"href":"https:\/\/totalblue.ro\/de\/wp-json\/wp\/v2\/media\/33317"}],"wp:attachment":[{"href":"https:\/\/totalblue.ro\/de\/wp-json\/wp\/v2\/media?parent=33321"}],"wp:term":[{"taxonomy":"product_brand","embeddable":true,"href":"https:\/\/totalblue.ro\/de\/wp-json\/wp\/v2\/product_brand?post=33321"},{"taxonomy":"product_cat","embeddable":true,"href":"https:\/\/totalblue.ro\/de\/wp-json\/wp\/v2\/product_cat?post=33321"},{"taxonomy":"giftcard-category","embeddable":true,"href":"https:\/\/totalblue.ro\/de\/wp-json\/wp\/v2\/giftcard-category?post=33321"}],"curies":[{"name":"wp","href":"https:\/\/api.w.org\/{rel}","templated":true}]}}