{"id":33431,"date":"2021-08-30T14:33:14","date_gmt":"2021-08-30T11:33:14","guid":{"rendered":"https:\/\/totalblue.ro\/?post_type=product&#038;p=33431"},"modified":"2025-08-05T10:32:56","modified_gmt":"2025-08-05T07:32:56","slug":"kuhne-castraveti-murati-intregi-cu-usturoi-salbatic-si-ceapa-670-g-720-ml","status":"publish","type":"product","link":"https:\/\/totalblue.ro\/de\/produs\/kuhne-castraveti-murati-intregi-cu-usturoi-salbatic-si-ceapa-670-g-720-ml\/","title":{"rendered":"K\u00fchne castraveti murati intregi cu usturoi salbatic si ceapa 670 g \/ 720 ml"},"content":{"rendered":"<p id=\"tw-target-text\" class=\"tw-data-text tw-text-large XcVN5d tw-ta\" dir=\"ltr\" data-placeholder=\"Traducere\">K\u00fchne castraveti murati intregi cu leurda si ceapa 670 g \/ 720 ml<br \/>\nCastrave\u021bi crocanti in infuzie aromata, rafinati cu usturoi salbatic si ceapa.<br \/>\n<strong>Inhaltsstoff: <\/strong><span class=\"Y2IQFc\" lang=\"ro\">castravete, o\u021bet de coniac, sirop de glucoz\u0103-fructoz\u0103, zah\u0103r, usturoi s\u0103lbatic, ceap\u0103, sare, arom\u0103 natural\u0103<br \/>\n<\/span>Ohne Konservierungsstoffe<br \/>\nMai putina grasime<br \/>\nNach dem \u00d6ffnen an einem k\u00fchlen Ort aufbewahren.<br \/>\nVerpackung: Glasgef\u00e4\u00df mit Deckel<br \/>\n<strong>N\u00e4hrwertangaben:<\/strong><br \/>\nEnergie 231 kJ \/ 50 kcal<br \/>\nGrasime 0,1 g din care acizi grasi saturati &lt; 0,1 g<br \/>\nCarbohidrati 10 g din care zahar 9,3 g<br \/>\nFibre dietetice 1,3 g<br \/>\nEiwei\u00df 0,9 g<br \/>\nSalz 1,5 g<\/p>\n<p><a href=\"https:\/\/totalblue.ro\/wp-content\/uploads\/2021\/02\/vegetarian.jpeg\"><img loading=\"lazy\" decoding=\"async\" class=\"alignnone wp-image-27413\" src=\"https:\/\/totalblue.ro\/wp-content\/uploads\/2021\/02\/vegetarian.jpeg\" alt=\"\" width=\"107\" height=\"107\" srcset=\"https:\/\/totalblue.ro\/wp-content\/uploads\/2021\/02\/vegetarian.jpeg 225w, https:\/\/totalblue.ro\/wp-content\/uploads\/2021\/02\/vegetarian-100x100.jpeg 100w\" sizes=\"auto, (max-width: 107px) 100vw, 107px\" \/><\/a><\/p>\n<p>Carl K\u00fchne KG (GmbH &amp; Co.), K\u00fchneh\u00f6fe 11, 22761 Hamburg, Deutschland<br \/>\nEinf\u00fchrer und H\u00e4ndler Total Blue Impex SRL<\/p>","protected":false},"excerpt":{"rendered":"<p>K\u00fchne castraveti murati intregi cu usturoi salbatic si ceapa 670 g \/ 720 ml<\/p>","protected":false},"featured_media":83915,"comment_status":"open","ping_status":"closed","template":"","meta":{"_acf_changed":false,"_seopress_robots_primary_cat":"none","_seopress_titles_title":"","_seopress_titles_desc":"","_seopress_robots_index":""},"product_brand":[2002],"product_cat":[1555,1683,3372,3272,1950,1767],"giftcard-category":[],"class_list":{"0":"post-33431","1":"product","2":"type-product","3":"status-publish","4":"has-post-thumbnail","6":"product_brand-kuhne","7":"product_cat-bacanie","8":"product_cat-conserve-mancare-gatita","9":"product_cat-conserve-produse-germania","10":"product_cat-conserve","11":"product_cat-produse-germania","12":"product_cat-produse-olanda","14":"first","15":"outofstock","16":"taxable","17":"shipping-taxable","18":"purchasable","19":"product-type-simple"},"acf":[],"_links":{"self":[{"href":"https:\/\/totalblue.ro\/de\/wp-json\/wp\/v2\/product\/33431","targetHints":{"allow":["GET"]}}],"collection":[{"href":"https:\/\/totalblue.ro\/de\/wp-json\/wp\/v2\/product"}],"about":[{"href":"https:\/\/totalblue.ro\/de\/wp-json\/wp\/v2\/types\/product"}],"replies":[{"embeddable":true,"href":"https:\/\/totalblue.ro\/de\/wp-json\/wp\/v2\/comments?post=33431"}],"wp:featuredmedia":[{"embeddable":true,"href":"https:\/\/totalblue.ro\/de\/wp-json\/wp\/v2\/media\/83915"}],"wp:attachment":[{"href":"https:\/\/totalblue.ro\/de\/wp-json\/wp\/v2\/media?parent=33431"}],"wp:term":[{"taxonomy":"product_brand","embeddable":true,"href":"https:\/\/totalblue.ro\/de\/wp-json\/wp\/v2\/product_brand?post=33431"},{"taxonomy":"product_cat","embeddable":true,"href":"https:\/\/totalblue.ro\/de\/wp-json\/wp\/v2\/product_cat?post=33431"},{"taxonomy":"giftcard-category","embeddable":true,"href":"https:\/\/totalblue.ro\/de\/wp-json\/wp\/v2\/giftcard-category?post=33431"}],"curies":[{"name":"wp","href":"https:\/\/api.w.org\/{rel}","templated":true}]}}