{"id":33973,"date":"2021-09-07T15:37:11","date_gmt":"2021-09-07T12:37:11","guid":{"rendered":"https:\/\/totalblue.ro\/?post_type=product&#038;p=33973"},"modified":"2023-02-07T16:16:35","modified_gmt":"2023-02-07T14:16:35","slug":"mondamin-pfannkuchenmischung-nach-amerikanischer-art-streuer-215-g","status":"publish","type":"product","link":"https:\/\/totalblue.ro\/de\/produs\/mondamin-amestec-pentru-clatite-stil-american-shaker-215-g\/","title":{"rendered":"Mondamin Pfannkuchenmischung nach amerikanischer Art - Streuer - 215 g"},"content":{"rendered":"<p>Mondamin Pfannkuchenmischung nach amerikanischer Art - Streuer - 215 g<br \/>\nMondamin American Pancake ist in einem praktischen Shaker verpackt und zaubert im Handumdrehen k\u00f6stliche Pfannkuchen f\u00fcr die ganze Familie!<br \/>\nDie Mondamin American Pancakes sind schnell und einfach zubereitet.<br \/>\nDie fertigen Pfannkuchen k\u00f6nnen mit Ahornsirup, fruchtigem Kompott, Kokosnusscreme oder k\u00f6stlichen Beeren serviert werden.<br \/>\nPfannkuchen f\u00fcr jede Gelegenheit.<br \/>\n<strong>Zutat<\/strong>Zutaten: Weizenmehl, Glukosesirup, Zucker, Eigelbpulver, Backtriebmittel (Diphosphat, Natriumcarbonat), modifizierte St\u00e4rke, Eiwei\u00dfpulver, jodiertes Speisesalz, St\u00e4rke. Kann andere glutenhaltige Getreidesorten, Milch, Soja und N\u00fcsse enthalten.<br \/>\n<strong>Vorbereitung:<\/strong> nur noch Milch dazugeben und fertig ist der Inhalt! empfohlen f\u00fcr 12-14 Pfannkuchen.<br \/>\nDie kalte Milch bis zur Markierung in den Beh\u00e4lter gie\u00dfen, etwa 1 Minute lang gut sch\u00fctteln und 2-3 Minuten stehen lassen. Dann die Pfannkuchen backen, bis sie goldbraun sind.<br \/>\n<strong>N\u00e4hrwertangaben:<br \/>\n<\/strong>Energie 1577 kJ \/ 396 kcal<br \/>\nFett 4,5 g, davon ges\u00e4ttigte Fetts\u00e4uren 1,2 g<br \/>\nKohlenhydrate 77 g, davon Zucker 12 g<br \/>\nBallaststoffe 2,9 g<br \/>\nEiwei\u00df 11 g<br \/>\nSalz 2 g<br \/>\nHergestellt von Unilever Deutschland GmbH, Konsumentenservice, Am Strandkai 1, 20457 Hamburg, Deutschland<br \/>\nEinf\u00fchrer und H\u00e4ndler Total Blue Impex SRL<\/p>\n<p>&nbsp;<\/p>","protected":false},"excerpt":{"rendered":"<p>Mondamin Pfannkuchenmischung nach amerikanischer Art - Streuer - 215 g<\/p>","protected":false},"featured_media":33979,"comment_status":"open","ping_status":"closed","template":"","meta":{"_acf_changed":false,"_seopress_robots_primary_cat":"none","_seopress_titles_title":"","_seopress_titles_desc":"","_seopress_robots_index":""},"product_brand":[2075],"product_cat":[3396,3296,3338,3436,3404,3304,1950,1767,1954],"giftcard-category":[],"class_list":{"0":"post-33973","1":"product","2":"type-product","3":"status-publish","4":"has-post-thumbnail","6":"product_brand-mondamin","7":"product_cat-brutarie-patiserie-produse-germania","8":"product_cat-brutarie-patiserie","9":"product_cat-dulciuri-snacksuri","10":"product_cat-dulciuri-snacks-produse-germania","11":"product_cat-mic-dejun-produse-germania","12":"product_cat-mic-dejun-produse-olanda","13":"product_cat-produse-germania","14":"product_cat-produse-olanda","15":"product_cat-semipreparate","17":"first","18":"outofstock","19":"taxable","20":"shipping-taxable","21":"purchasable","22":"product-type-simple"},"acf":[],"_links":{"self":[{"href":"https:\/\/totalblue.ro\/de\/wp-json\/wp\/v2\/product\/33973","targetHints":{"allow":["GET"]}}],"collection":[{"href":"https:\/\/totalblue.ro\/de\/wp-json\/wp\/v2\/product"}],"about":[{"href":"https:\/\/totalblue.ro\/de\/wp-json\/wp\/v2\/types\/product"}],"replies":[{"embeddable":true,"href":"https:\/\/totalblue.ro\/de\/wp-json\/wp\/v2\/comments?post=33973"}],"wp:featuredmedia":[{"embeddable":true,"href":"https:\/\/totalblue.ro\/de\/wp-json\/wp\/v2\/media\/33979"}],"wp:attachment":[{"href":"https:\/\/totalblue.ro\/de\/wp-json\/wp\/v2\/media?parent=33973"}],"wp:term":[{"taxonomy":"product_brand","embeddable":true,"href":"https:\/\/totalblue.ro\/de\/wp-json\/wp\/v2\/product_brand?post=33973"},{"taxonomy":"product_cat","embeddable":true,"href":"https:\/\/totalblue.ro\/de\/wp-json\/wp\/v2\/product_cat?post=33973"},{"taxonomy":"giftcard-category","embeddable":true,"href":"https:\/\/totalblue.ro\/de\/wp-json\/wp\/v2\/giftcard-category?post=33973"}],"curies":[{"name":"wp","href":"https:\/\/api.w.org\/{rel}","templated":true}]}}